{"id":468,"date":"2025-09-10T13:15:46","date_gmt":"2025-09-10T13:15:46","guid":{"rendered":"https:\/\/bydcarchina.com\/?post_type=product&#038;p=468"},"modified":"2025-12-13T08:40:01","modified_gmt":"2025-12-13T08:40:01","slug":"byd-2025-seal-06-dm-i-travel-edition","status":"publish","type":"product","link":"https:\/\/bydcarchina.com\/pt\/product\/byd-2025-seal-06-dm-i-travel-edition\/","title":{"rendered":"BYD 2025 Seal 06 DM-i Travel Edition"},"content":{"rendered":"<p data-start=\"0\" data-end=\"245\">Descobrir um <strong data-start=\"11\" data-end=\"42\">sedan h\u00edbrido plug-in moderno<\/strong> concebido para proporcionar uma condu\u00e7\u00e3o el\u00e9ctrica eficiente, um apoio suave a gasolina e um car\u00e1cter pr\u00e1tico no dia a dia. Concebido para condutores que procuram flexibilidade e baixos custos de funcionamento, oferece os seguintes destaques principais:<\/p>\n<p data-start=\"247\" data-end=\"491\"><strong data-start=\"247\" data-end=\"286\">Grupo motopropulsor h\u00edbrido Plug-in avan\u00e7ado:<\/strong><br data-start=\"286\" data-end=\"289\" \/>Alimentado por um <strong data-start=\"302\" data-end=\"338\">Motor a gasolina de 1,5 litros em linha-4<\/strong> produ\u00e7\u00e3o <strong data-start=\"349\" data-end=\"359\">101 cv<\/strong>, O sistema de transmiss\u00e3o de energia el\u00e9ctrica, perfeitamente emparelhado com um sistema de tra\u00e7\u00e3o el\u00e9ctrica, d\u00e1 prioridade ao funcionamento el\u00e9trico, assegurando simultaneamente uma capacidade fi\u00e1vel para longas dist\u00e2ncias.<\/p>\n<p data-start=\"493\" data-end=\"739\"><strong data-start=\"493\" data-end=\"527\">Gama el\u00e9ctrica pura pr\u00e1tica:<\/strong><br data-start=\"527\" data-end=\"530\" \/>Dispon\u00edvel em v\u00e1rias configura\u00e7\u00f5es de bateria, oferecendo um <strong data-start=\"587\" data-end=\"635\">Gama el\u00e9ctrica com classifica\u00e7\u00e3o WLTC de 53 km ou 105 km<\/strong>, enquanto <strong data-start=\"643\" data-end=\"697\">Os ensaios CLTC alargam este alcance at\u00e9 80 km ou 100 km<\/strong>, ideal para desloca\u00e7\u00f5es di\u00e1rias com emiss\u00f5es zero.<\/p>\n<p data-start=\"741\" data-end=\"886\"><strong data-start=\"741\" data-end=\"766\">Desempenho equilibrado:<\/strong><br data-start=\"766\" data-end=\"769\" \/>Oferece um <strong data-start=\"780\" data-end=\"805\">velocidade m\u00e1xima de 180 km\/h<\/strong>, O sistema de controlo de velocidade do motor \u00e9 o mais potente, proporcionando uma condu\u00e7\u00e3o confiante em autoestrada com um d\u00e9bito de pot\u00eancia refinado e eficiente.<\/p>\n<p data-start=\"888\" data-end=\"1034\"><strong data-start=\"888\" data-end=\"920\">Arquitetura de sedan espa\u00e7oso:<\/strong><br data-start=\"920\" data-end=\"923\" \/>Carater\u00edsticas a <strong data-start=\"934\" data-end=\"959\">Configura\u00e7\u00e3o de 4 portas e 5 lugares<\/strong>, O hotel oferece acomoda\u00e7\u00f5es confort\u00e1veis para fam\u00edlias e utilizadores empresariais.<\/p>\n<p data-start=\"1036\" data-end=\"1224\"><strong data-start=\"1036\" data-end=\"1069\">Propor\u00e7\u00f5es refinadas de tamanho m\u00e9dio:<\/strong><br data-start=\"1069\" data-end=\"1072\" \/>Com dimens\u00f5es totais de <strong data-start=\"1099\" data-end=\"1127\">4.850 \u00d7 1.890 \u00d7 1.505 mm<\/strong>, O ve\u00edculo oferece uma postura ampla, um espa\u00e7o interior generoso e uma presen\u00e7a em estrada est\u00e1vel e de qualidade superior.<\/p>\n<p data-start=\"1226\" data-end=\"1471\" data-is-last-node=\"\" data-is-only-node=\"\">Combina\u00e7\u00e3o <strong data-start=\"1236\" data-end=\"1332\">tecnologia h\u00edbrida plug-in eficiente, autonomia el\u00e9ctrica \u00fatil e um design sedan espa\u00e7oso<\/strong>, Este modelo \u00e9 uma escolha forte para os mercados em transi\u00e7\u00e3o para a mobilidade electrificada sem comprometer o conforto ou a versatilidade do dia a dia.<\/p>","protected":false},"excerpt":{"rendered":"<p>Discover a modern plug-in hybrid sedan engineered to deliver efficient electric driving, smooth petrol backup, and everyday practicality. Designed for drivers seeking flexibility and low running costs, it offers the following key highlights: Advanced Plug-in Hybrid Powertrain:Powered by a 1.5-liter inline-4 petrol engine producing 101 hp, seamlessly paired with an electric drive system to prioritize [&hellip;]<\/p>\n","protected":false},"featured_media":472,"comment_status":"open","ping_status":"closed","template":"","meta":[],"product_brand":[],"product_cat":[17],"product_tag":[],"class_list":{"0":"post-468","1":"product","2":"type-product","3":"status-publish","4":"has-post-thumbnail","6":"product_cat-uncategorized","8":"first","9":"instock","10":"shipping-taxable","11":"product-type-simple"},"_links":{"self":[{"href":"https:\/\/bydcarchina.com\/pt\/wp-json\/wp\/v2\/product\/468","targetHints":{"allow":["GET"]}}],"collection":[{"href":"https:\/\/bydcarchina.com\/pt\/wp-json\/wp\/v2\/product"}],"about":[{"href":"https:\/\/bydcarchina.com\/pt\/wp-json\/wp\/v2\/types\/product"}],"replies":[{"embeddable":true,"href":"https:\/\/bydcarchina.com\/pt\/wp-json\/wp\/v2\/comments?post=468"}],"version-history":[{"count":2,"href":"https:\/\/bydcarchina.com\/pt\/wp-json\/wp\/v2\/product\/468\/revisions"}],"predecessor-version":[{"id":1113,"href":"https:\/\/bydcarchina.com\/pt\/wp-json\/wp\/v2\/product\/468\/revisions\/1113"}],"wp:featuredmedia":[{"embeddable":true,"href":"https:\/\/bydcarchina.com\/pt\/wp-json\/wp\/v2\/media\/472"}],"wp:attachment":[{"href":"https:\/\/bydcarchina.com\/pt\/wp-json\/wp\/v2\/media?parent=468"}],"wp:term":[{"taxonomy":"product_brand","embeddable":true,"href":"https:\/\/bydcarchina.com\/pt\/wp-json\/wp\/v2\/product_brand?post=468"},{"taxonomy":"product_cat","embeddable":true,"href":"https:\/\/bydcarchina.com\/pt\/wp-json\/wp\/v2\/product_cat?post=468"},{"taxonomy":"product_tag","embeddable":true,"href":"https:\/\/bydcarchina.com\/pt\/wp-json\/wp\/v2\/product_tag?post=468"}],"curies":[{"name":"wp","href":"https:\/\/api.w.org\/{rel}","templated":true}]}}