{"id":474,"date":"2025-09-10T13:23:56","date_gmt":"2025-09-10T13:23:56","guid":{"rendered":"https:\/\/bydcarchina.com\/?post_type=product&#038;p=474"},"modified":"2025-12-13T08:42:30","modified_gmt":"2025-12-13T08:42:30","slug":"byd-2025-seal-07dm-i-intelligent-driving-edition","status":"publish","type":"product","link":"https:\/\/bydcarchina.com\/pt\/product\/byd-2025-seal-07dm-i-intelligent-driving-edition\/","title":{"rendered":"BYD 2025 Seal 07DM-i Intelligent Driving Edition"},"content":{"rendered":"<p data-start=\"0\" data-end=\"204\">Descobrir um <strong data-start=\"11\" data-end=\"43\">sedan h\u00edbrido plug-in premium<\/strong> concebido para uma longa autonomia el\u00e9ctrica, um forte desempenho e um conforto de n\u00edvel executivo. Concebido para responder a diversas necessidades de condu\u00e7\u00e3o, oferece os seguintes destaques:<\/p>\n<p data-start=\"206\" data-end=\"454\"><strong data-start=\"206\" data-end=\"249\">H\u00edbrido de Plug-in Duplo Op\u00e7\u00f5es de Grupos Motopropulsores:<\/strong><br data-start=\"249\" data-end=\"252\" \/>Dispon\u00edvel com um <strong data-start=\"269\" data-end=\"305\">Motor a gasolina de 1,5 litros em linha-4<\/strong> em <strong data-start=\"309\" data-end=\"329\">101 cv ou 156 cv<\/strong> que proporciona um desempenho flex\u00edvel, mantendo uma elevada efici\u00eancia atrav\u00e9s de um sistema h\u00edbrido plug-in avan\u00e7ado.<\/p>\n<p data-start=\"456\" data-end=\"775\"><strong data-start=\"456\" data-end=\"497\">Gama de condu\u00e7\u00e3o el\u00e9ctrica l\u00edder na sua classe:<\/strong><br data-start=\"497\" data-end=\"500\" \/>As m\u00faltiplas variantes de bateria proporcionam uma <strong data-start=\"536\" data-end=\"620\">Autonomia el\u00e9ctrica pura com classifica\u00e7\u00e3o WLTC at\u00e9 180 km (op\u00e7\u00f5es de 110 km \/ 55 km \/ 100 km)<\/strong>. Sob <strong data-start=\"628\" data-end=\"727\">Teste CLTC, a autonomia el\u00e9ctrica estende-se a uns impressionantes 230 km (variantes 135 km \/ 70 km \/ 125 km)<\/strong>-ideal para uma condu\u00e7\u00e3o di\u00e1ria prolongada com emiss\u00f5es zero.<\/p>\n<p data-start=\"777\" data-end=\"948\"><strong data-start=\"777\" data-end=\"811\">Desempenho seguro em autoestrada:<\/strong><br data-start=\"811\" data-end=\"814\" \/>Com <strong data-start=\"819\" data-end=\"857\">velocidades m\u00e1ximas de 185 km\/h ou 200 km\/h<\/strong>, O ve\u00edculo assegura um desempenho suave, est\u00e1vel e reativo em viagens de longa dist\u00e2ncia.<\/p>\n<p data-start=\"950\" data-end=\"1104\"><strong data-start=\"950\" data-end=\"977\">Sedan executivo Layout:<\/strong><br data-start=\"977\" data-end=\"980\" \/>A <strong data-start=\"982\" data-end=\"1015\">Estrutura da carro\u00e7aria de 4 portas e 5 lugares<\/strong> oferece um espa\u00e7o generoso nos bancos traseiros e um conforto requintado, tanto para utiliza\u00e7\u00e3o privada como profissional.<\/p>\n<p data-start=\"1106\" data-end=\"1279\"><strong data-start=\"1106\" data-end=\"1137\">Propor\u00e7\u00f5es grandes e elegantes:<\/strong><br data-start=\"1137\" data-end=\"1140\" \/>Medi\u00e7\u00e3o <strong data-start=\"1150\" data-end=\"1178\">4.995 \u00d7 1.900 \u00d7 1.495 mm<\/strong>, O sedan apresenta um porte largo, um interior espa\u00e7oso e uma presen\u00e7a premium imponente na estrada.<\/p>\n<p data-start=\"1281\" data-end=\"1550\" data-is-last-node=\"\" data-is-only-node=\"\">Combina\u00e7\u00e3o <strong data-start=\"1291\" data-end=\"1382\">excecional autonomia el\u00e9ctrica, m\u00faltiplas op\u00e7\u00f5es de grupos motopropulsores e dimens\u00f5es de um sedan de tamanho normal<\/strong>, Este modelo h\u00edbrido plug-in \u00e9 a solu\u00e7\u00e3o ideal para os condutores que procuram efici\u00eancia electrificada sem comprometer o desempenho ou o luxo.<br data-start=\"1517\" data-end=\"1520\" \/><strong data-start=\"1520\" data-end=\"1550\" data-is-last-node=\"\">Informe-se agora para saber mais.<\/strong><\/p>","protected":false},"excerpt":{"rendered":"<p>Discover a premium plug-in hybrid sedan engineered for long electric range, strong performance, and executive-level comfort. Designed to meet diverse driving needs, it offers the following highlights: Dual Plug-in Hybrid Powertrain Options:Available with a 1.5-liter inline-4 petrol engine in 101 hp or 156 hp configurations, delivering flexible performance while maintaining high efficiency through an advanced [&hellip;]<\/p>\n","protected":false},"featured_media":495,"comment_status":"open","ping_status":"closed","template":"","meta":[],"product_brand":[],"product_cat":[17],"product_tag":[],"class_list":{"0":"post-474","1":"product","2":"type-product","3":"status-publish","4":"has-post-thumbnail","6":"product_cat-uncategorized","8":"first","9":"instock","10":"shipping-taxable","11":"product-type-simple"},"_links":{"self":[{"href":"https:\/\/bydcarchina.com\/pt\/wp-json\/wp\/v2\/product\/474","targetHints":{"allow":["GET"]}}],"collection":[{"href":"https:\/\/bydcarchina.com\/pt\/wp-json\/wp\/v2\/product"}],"about":[{"href":"https:\/\/bydcarchina.com\/pt\/wp-json\/wp\/v2\/types\/product"}],"replies":[{"embeddable":true,"href":"https:\/\/bydcarchina.com\/pt\/wp-json\/wp\/v2\/comments?post=474"}],"version-history":[{"count":2,"href":"https:\/\/bydcarchina.com\/pt\/wp-json\/wp\/v2\/product\/474\/revisions"}],"predecessor-version":[{"id":1116,"href":"https:\/\/bydcarchina.com\/pt\/wp-json\/wp\/v2\/product\/474\/revisions\/1116"}],"wp:featuredmedia":[{"embeddable":true,"href":"https:\/\/bydcarchina.com\/pt\/wp-json\/wp\/v2\/media\/495"}],"wp:attachment":[{"href":"https:\/\/bydcarchina.com\/pt\/wp-json\/wp\/v2\/media?parent=474"}],"wp:term":[{"taxonomy":"product_brand","embeddable":true,"href":"https:\/\/bydcarchina.com\/pt\/wp-json\/wp\/v2\/product_brand?post=474"},{"taxonomy":"product_cat","embeddable":true,"href":"https:\/\/bydcarchina.com\/pt\/wp-json\/wp\/v2\/product_cat?post=474"},{"taxonomy":"product_tag","embeddable":true,"href":"https:\/\/bydcarchina.com\/pt\/wp-json\/wp\/v2\/product_tag?post=474"}],"curies":[{"name":"wp","href":"https:\/\/api.w.org\/{rel}","templated":true}]}}