{"id":497,"date":"2025-09-10T13:27:01","date_gmt":"2025-09-10T13:27:01","guid":{"rendered":"https:\/\/bydcarchina.com\/?post_type=product&#038;p=497"},"modified":"2025-12-13T08:43:05","modified_gmt":"2025-12-13T08:43:05","slug":"byd-2025-seagull-intelligent-driving-edition","status":"publish","type":"product","link":"https:\/\/bydcarchina.com\/pt\/product\/byd-2025-seagull-intelligent-driving-edition\/","title":{"rendered":"BYD 2025 Seagull Intelligent Driving Edition"},"content":{"rendered":"<p data-start=\"0\" data-end=\"217\">Descobrir um <strong data-start=\"11\" data-end=\"50\">ve\u00edculo el\u00e9trico compacto puro (BEV)<\/strong> concebido para uma condu\u00e7\u00e3o citadina \u00e1gil, uma efici\u00eancia impressionante e uma mobilidade sem emiss\u00f5es. Perfeitamente adaptado aos ambientes urbanos, apresenta as seguintes carater\u00edsticas principais:<\/p>\n<p data-start=\"219\" data-end=\"431\"><strong data-start=\"219\" data-end=\"247\">Sistema de propuls\u00e3o totalmente el\u00e9trico:<\/strong><br data-start=\"247\" data-end=\"250\" \/>Equipado com <strong data-start=\"264\" data-end=\"306\">Op\u00e7\u00f5es de bateria de 30,08 kWh ou 38,88 kWh<\/strong>, fornecendo um <strong data-start=\"320\" data-end=\"377\">autonomia de condu\u00e7\u00e3o exclusivamente el\u00e9ctrica de at\u00e9 305 km ou 405 km<\/strong>, ideal para desloca\u00e7\u00f5es di\u00e1rias e viagens interurbanas curtas.<\/p>\n<p data-start=\"433\" data-end=\"578\"><strong data-start=\"433\" data-end=\"462\">Acelera\u00e7\u00e3o urbana r\u00e1pida:<\/strong><br data-start=\"462\" data-end=\"465\" \/>Entrega <strong data-start=\"474\" data-end=\"521\">Acelera\u00e7\u00e3o 0-100 km\/h em apenas 4,9 segundos<\/strong>, assegurando um desempenho r\u00e1pido e reativo no tr\u00e2nsito citadino.<\/p>\n<p data-start=\"580\" data-end=\"780\"><strong data-start=\"580\" data-end=\"609\">Configura\u00e7\u00e3o centrada na efici\u00eancia:<\/strong><br data-start=\"609\" data-end=\"612\" \/>A <strong data-start=\"614\" data-end=\"641\">tra\u00e7\u00e3o dianteira (FWD)<\/strong> aumenta a efici\u00eancia energ\u00e9tica e a facilidade de controlo, enquanto o <strong data-start=\"707\" data-end=\"732\">velocidade m\u00e1xima de 130 km\/h<\/strong> \u00e9 optimizado para uma condu\u00e7\u00e3o est\u00e1vel e econ\u00f3mica.<\/p>\n<p data-start=\"782\" data-end=\"973\"><strong data-start=\"782\" data-end=\"813\">Design compacto e pr\u00e1tico:<\/strong><br data-start=\"813\" data-end=\"816\" \/>Com dimens\u00f5es de <strong data-start=\"835\" data-end=\"863\">3.780 \u00d7 1.715 \u00d7 1.540 mm<\/strong>, O ve\u00edculo oferece uma excelente manobrabilidade, facilidade de estacionamento e um habit\u00e1culo surpreendentemente espa\u00e7oso para a sua classe.<\/p>\n<p data-start=\"975\" data-end=\"1189\" data-is-last-node=\"\" data-is-only-node=\"\">Combina\u00e7\u00e3o <strong data-start=\"985\" data-end=\"1051\">tamanho compacto, forte desempenho el\u00e9trico e alcance pr\u00e1tico<\/strong>, Este VEB \u00e9 a escolha ideal para os condutores urbanos que procuram uma solu\u00e7\u00e3o de mobilidade el\u00e9ctrica acess\u00edvel, eficiente e amiga do ambiente.<\/p>","protected":false},"excerpt":{"rendered":"<p>Discover a compact pure electric vehicle (BEV) designed for agile city driving, impressive efficiency, and zero-emission mobility. Perfectly suited for urban environments, it delivers the following key highlights: All-Electric Powertrain:Equipped with 30.08 kWh or 38.88 kWh battery options, providing a pure electric driving range of up to 305 km or 405 km, ideal for daily [&hellip;]<\/p>\n","protected":false},"featured_media":504,"comment_status":"open","ping_status":"closed","template":"","meta":[],"product_brand":[],"product_cat":[17],"product_tag":[],"class_list":{"0":"post-497","1":"product","2":"type-product","3":"status-publish","4":"has-post-thumbnail","6":"product_cat-uncategorized","8":"first","9":"instock","10":"shipping-taxable","11":"product-type-simple"},"_links":{"self":[{"href":"https:\/\/bydcarchina.com\/pt\/wp-json\/wp\/v2\/product\/497","targetHints":{"allow":["GET"]}}],"collection":[{"href":"https:\/\/bydcarchina.com\/pt\/wp-json\/wp\/v2\/product"}],"about":[{"href":"https:\/\/bydcarchina.com\/pt\/wp-json\/wp\/v2\/types\/product"}],"replies":[{"embeddable":true,"href":"https:\/\/bydcarchina.com\/pt\/wp-json\/wp\/v2\/comments?post=497"}],"version-history":[{"count":2,"href":"https:\/\/bydcarchina.com\/pt\/wp-json\/wp\/v2\/product\/497\/revisions"}],"predecessor-version":[{"id":1117,"href":"https:\/\/bydcarchina.com\/pt\/wp-json\/wp\/v2\/product\/497\/revisions\/1117"}],"wp:featuredmedia":[{"embeddable":true,"href":"https:\/\/bydcarchina.com\/pt\/wp-json\/wp\/v2\/media\/504"}],"wp:attachment":[{"href":"https:\/\/bydcarchina.com\/pt\/wp-json\/wp\/v2\/media?parent=497"}],"wp:term":[{"taxonomy":"product_brand","embeddable":true,"href":"https:\/\/bydcarchina.com\/pt\/wp-json\/wp\/v2\/product_brand?post=497"},{"taxonomy":"product_cat","embeddable":true,"href":"https:\/\/bydcarchina.com\/pt\/wp-json\/wp\/v2\/product_cat?post=497"},{"taxonomy":"product_tag","embeddable":true,"href":"https:\/\/bydcarchina.com\/pt\/wp-json\/wp\/v2\/product_tag?post=497"}],"curies":[{"name":"wp","href":"https:\/\/api.w.org\/{rel}","templated":true}]}}