{"id":535,"date":"2025-09-10T14:00:05","date_gmt":"2025-09-10T14:00:05","guid":{"rendered":"https:\/\/bydcarchina.com\/?post_type=product&#038;p=535"},"modified":"2025-12-13T08:46:45","modified_gmt":"2025-12-13T08:46:45","slug":"byd-sealion-07-dm-i-2025-new-energy","status":"publish","type":"product","link":"https:\/\/bydcarchina.com\/pt\/product\/byd-sealion-07-dm-i-2025-new-energy\/","title":{"rendered":"BYD Sealion 07 DM-i 2025 New Energy"},"content":{"rendered":"<p data-start=\"0\" data-end=\"257\">Descobrir um <strong data-start=\"11\" data-end=\"65\">sedan h\u00edbrido el\u00e9trico plug-in (PHEV) bem equilibrado<\/strong> concebido para combinar uma condu\u00e7\u00e3o el\u00e9ctrica eficiente com um desempenho suave a gasolina. Concebido para desloca\u00e7\u00f5es di\u00e1rias e flexibilidade em longas dist\u00e2ncias, oferece as seguintes vantagens fundamentais:<\/p>\n<p data-start=\"259\" data-end=\"488\"><strong data-start=\"259\" data-end=\"284\">Sistema PHEV avan\u00e7ado:<\/strong><br data-start=\"284\" data-end=\"287\" \/>Dispon\u00edvel com <strong data-start=\"302\" data-end=\"328\">10,08 kWh ou 15,87 kWh<\/strong> op\u00e7\u00f5es de bateria, proporcionando uma <strong data-start=\"359\" data-end=\"414\">autonomia de condu\u00e7\u00e3o puramente el\u00e9ctrica de at\u00e9 60 km ou 90 km<\/strong>, ideal para viagens di\u00e1rias curtas com consumo de combust\u00edvel e emiss\u00f5es reduzidos.<\/p>\n<p data-start=\"490\" data-end=\"704\"><strong data-start=\"490\" data-end=\"517\">Desempenho reativo:<\/strong><br data-start=\"517\" data-end=\"520\" \/>Alcan\u00e7a <strong data-start=\"529\" data-end=\"578\">Acelera\u00e7\u00e3o 0-100 km\/h em 7,9 ou 7,5 segundos<\/strong>, que proporciona uma entrega de pot\u00eancia confiante e refinada. A <strong data-start=\"630\" data-end=\"655\">velocidade m\u00e1xima de 180 km\/h<\/strong> assegura uma condu\u00e7\u00e3o est\u00e1vel e confort\u00e1vel em autoestrada.<\/p>\n<p data-start=\"706\" data-end=\"857\"><strong data-start=\"706\" data-end=\"740\">Condu\u00e7\u00e3o orientada para a efici\u00eancia:<\/strong><br data-start=\"740\" data-end=\"743\" \/>O <strong data-start=\"747\" data-end=\"774\">tra\u00e7\u00e3o dianteira (FWD)<\/strong> O layout melhora a efici\u00eancia energ\u00e9tica, o comportamento previs\u00edvel e a facilidade de condu\u00e7\u00e3o quotidiana.<\/p>\n<p data-start=\"859\" data-end=\"1043\"><strong data-start=\"859\" data-end=\"889\">Sedan espa\u00e7oso Dimens\u00f5es:<\/strong><br data-start=\"889\" data-end=\"892\" \/>Com um tamanho total de <strong data-start=\"916\" data-end=\"944\">4.830 \u00d7 1.875 \u00d7 1.495 mm<\/strong>, O ve\u00edculo oferece um espa\u00e7o interior generoso, uma postura ampla e uma presen\u00e7a na estrada composta e premium.<\/p>\n<p data-start=\"1045\" data-end=\"1273\" data-is-last-node=\"\" data-is-only-node=\"\">Combina\u00e7\u00e3o <strong data-start=\"1055\" data-end=\"1148\">autonomia el\u00e9ctrica pr\u00e1tica, acelera\u00e7\u00e3o suave e propor\u00e7\u00f5es confort\u00e1veis de um sedan de tamanho m\u00e9dio<\/strong>, Este modelo PHEV \u00e9 uma excelente escolha para os condutores que procuram uma mobilidade electrificada sem sacrificar o conforto ou a versatilidade.<\/p>","protected":false},"excerpt":{"rendered":"<p>Discover a well-balanced plug-in hybrid electric sedan (PHEV) engineered to combine efficient electric driving with smooth petrol-powered performance. Designed for everyday commuting and long-distance flexibility, it offers the following key advantages: Advanced PHEV System:Available with 10.08 kWh or 15.87 kWh battery options, delivering a pure electric driving range of up to 60 km or 90 [&hellip;]<\/p>\n","protected":false},"featured_media":549,"comment_status":"open","ping_status":"closed","template":"","meta":[],"product_brand":[],"product_cat":[17],"product_tag":[],"class_list":{"0":"post-535","1":"product","2":"type-product","3":"status-publish","4":"has-post-thumbnail","6":"product_cat-uncategorized","8":"first","9":"instock","10":"shipping-taxable","11":"product-type-simple"},"_links":{"self":[{"href":"https:\/\/bydcarchina.com\/pt\/wp-json\/wp\/v2\/product\/535","targetHints":{"allow":["GET"]}}],"collection":[{"href":"https:\/\/bydcarchina.com\/pt\/wp-json\/wp\/v2\/product"}],"about":[{"href":"https:\/\/bydcarchina.com\/pt\/wp-json\/wp\/v2\/types\/product"}],"replies":[{"embeddable":true,"href":"https:\/\/bydcarchina.com\/pt\/wp-json\/wp\/v2\/comments?post=535"}],"version-history":[{"count":3,"href":"https:\/\/bydcarchina.com\/pt\/wp-json\/wp\/v2\/product\/535\/revisions"}],"predecessor-version":[{"id":1125,"href":"https:\/\/bydcarchina.com\/pt\/wp-json\/wp\/v2\/product\/535\/revisions\/1125"}],"wp:featuredmedia":[{"embeddable":true,"href":"https:\/\/bydcarchina.com\/pt\/wp-json\/wp\/v2\/media\/549"}],"wp:attachment":[{"href":"https:\/\/bydcarchina.com\/pt\/wp-json\/wp\/v2\/media?parent=535"}],"wp:term":[{"taxonomy":"product_brand","embeddable":true,"href":"https:\/\/bydcarchina.com\/pt\/wp-json\/wp\/v2\/product_brand?post=535"},{"taxonomy":"product_cat","embeddable":true,"href":"https:\/\/bydcarchina.com\/pt\/wp-json\/wp\/v2\/product_cat?post=535"},{"taxonomy":"product_tag","embeddable":true,"href":"https:\/\/bydcarchina.com\/pt\/wp-json\/wp\/v2\/product_tag?post=535"}],"curies":[{"name":"wp","href":"https:\/\/api.w.org\/{rel}","templated":true}]}}