{"id":552,"date":"2025-09-10T14:06:53","date_gmt":"2025-09-10T14:06:53","guid":{"rendered":"https:\/\/bydcarchina.com\/?post_type=product&#038;p=552"},"modified":"2025-12-13T08:47:08","modified_gmt":"2025-12-13T08:47:08","slug":"byd-sealion-07-ev-2025-new-energy","status":"publish","type":"product","link":"https:\/\/bydcarchina.com\/pt\/product\/byd-sealion-07-ev-2025-new-energy\/","title":{"rendered":"BYD Sealion 07 EV 2025 Nova Energia"},"content":{"rendered":"<p data-start=\"0\" data-end=\"263\">Descobrir um <strong data-start=\"11\" data-end=\"55\">SUV el\u00e9trico puro de alto desempenho (BEV)<\/strong> concebido para uma condu\u00e7\u00e3o de longa dist\u00e2ncia, uma din\u00e2mica potente e uma versatilidade quotidiana de primeira qualidade. Concebido para satisfazer as expectativas dos condutores que procuram autonomia e desempenho, oferece os seguintes destaques:<\/p>\n<p data-start=\"265\" data-end=\"472\"><strong data-start=\"265\" data-end=\"304\">Grupo motopropulsor totalmente el\u00e9trico de longo alcance:<\/strong><br data-start=\"304\" data-end=\"307\" \/>Oferece um <strong data-start=\"318\" data-end=\"378\">Gama el\u00e9ctrica pura com classifica\u00e7\u00e3o CLTC at\u00e9 550 km ou 610 km<\/strong>, proporcionando confian\u00e7a para as desloca\u00e7\u00f5es di\u00e1rias e viagens longas com zero emiss\u00f5es de gases de escape.<\/p>\n<p data-start=\"474\" data-end=\"699\"><strong data-start=\"474\" data-end=\"517\">Op\u00e7\u00f5es de transmiss\u00e3o focadas no desempenho:<\/strong><br data-start=\"517\" data-end=\"520\" \/>Dispon\u00edvel em <strong data-start=\"533\" data-end=\"584\">tra\u00e7\u00e3o traseira (RWD) ou tra\u00e7\u00e3o integral (AWD)<\/strong> configura\u00e7\u00f5es, alcan\u00e7ando <strong data-start=\"611\" data-end=\"649\">velocidades m\u00e1ximas de 210 km\/h ou 225 km\/h<\/strong> para uma forte acelera\u00e7\u00e3o e estabilidade a alta velocidade.<\/p>\n<p data-start=\"701\" data-end=\"878\"><strong data-start=\"701\" data-end=\"731\">Arquitetura SUV espa\u00e7osa:<\/strong><br data-start=\"731\" data-end=\"734\" \/>Possui uma pr\u00e1tica <strong data-start=\"755\" data-end=\"792\">Estrutura da carro\u00e7aria SUV de 5 portas e 5 lugares<\/strong>, O seu autom\u00f3vel \u00e9 um autom\u00f3vel de luxo, com um espa\u00e7o generoso no habit\u00e1culo, uma capacidade de carga flex\u00edvel e uma excelente presen\u00e7a na estrada.<\/p>\n<p data-start=\"880\" data-end=\"1050\"><strong data-start=\"880\" data-end=\"919\">Constru\u00e7\u00e3o s\u00f3lida e bem equilibrada:<\/strong><br data-start=\"919\" data-end=\"922\" \/>Com um <strong data-start=\"929\" data-end=\"968\">peso em vazio de 2,155 kg ou 2,210 kg<\/strong>, O ve\u00edculo equilibra a rigidez estrutural, o conforto de condu\u00e7\u00e3o e o desempenho din\u00e2mico.<\/p>\n<p data-start=\"1052\" data-end=\"1229\"><strong data-start=\"1052\" data-end=\"1084\">Moderno, Dimens\u00f5es atl\u00e9ticas:<\/strong><br data-start=\"1084\" data-end=\"1087\" \/>Medi\u00e7\u00e3o <strong data-start=\"1097\" data-end=\"1125\">4,830 \u00d7 1,925 \u00d7 1,620 mm<\/strong>, O SUV combina uma postura ampla com um perfil elegante, proporcionando estabilidade e uma est\u00e9tica requintada.<\/p>\n<p data-start=\"1231\" data-end=\"1465\" data-is-last-node=\"\" data-is-only-node=\"\">Combina\u00e7\u00e3o <strong data-start=\"1241\" data-end=\"1329\">longa autonomia el\u00e9ctrica, op\u00e7\u00f5es de condu\u00e7\u00e3o orientadas para o desempenho e propor\u00e7\u00f5es de SUV premium<\/strong>, Este modelo BEV \u00e9 a escolha ideal para os condutores que procuram uma mobilidade com emiss\u00f5es zero sem comprometer a pot\u00eancia, o espa\u00e7o ou a confian\u00e7a na condu\u00e7\u00e3o.<\/p>","protected":false},"excerpt":{"rendered":"<p>Discover a high-performance pure electric SUV (BEV) engineered for long-distance driving, powerful dynamics, and premium everyday versatility. Designed to meet the expectations of drivers seeking both range and performance, it offers the following highlights: Long-Range All-Electric Powertrain:Delivers a CLTC-rated pure electric range of up to 550 km or 610 km, providing confidence for daily commuting [&hellip;]<\/p>\n","protected":false},"featured_media":571,"comment_status":"open","ping_status":"closed","template":"","meta":[],"product_brand":[],"product_cat":[17],"product_tag":[],"class_list":{"0":"post-552","1":"product","2":"type-product","3":"status-publish","4":"has-post-thumbnail","6":"product_cat-uncategorized","8":"first","9":"instock","10":"shipping-taxable","11":"product-type-simple"},"_links":{"self":[{"href":"https:\/\/bydcarchina.com\/pt\/wp-json\/wp\/v2\/product\/552","targetHints":{"allow":["GET"]}}],"collection":[{"href":"https:\/\/bydcarchina.com\/pt\/wp-json\/wp\/v2\/product"}],"about":[{"href":"https:\/\/bydcarchina.com\/pt\/wp-json\/wp\/v2\/types\/product"}],"replies":[{"embeddable":true,"href":"https:\/\/bydcarchina.com\/pt\/wp-json\/wp\/v2\/comments?post=552"}],"version-history":[{"count":2,"href":"https:\/\/bydcarchina.com\/pt\/wp-json\/wp\/v2\/product\/552\/revisions"}],"predecessor-version":[{"id":1126,"href":"https:\/\/bydcarchina.com\/pt\/wp-json\/wp\/v2\/product\/552\/revisions\/1126"}],"wp:featuredmedia":[{"embeddable":true,"href":"https:\/\/bydcarchina.com\/pt\/wp-json\/wp\/v2\/media\/571"}],"wp:attachment":[{"href":"https:\/\/bydcarchina.com\/pt\/wp-json\/wp\/v2\/media?parent=552"}],"wp:term":[{"taxonomy":"product_brand","embeddable":true,"href":"https:\/\/bydcarchina.com\/pt\/wp-json\/wp\/v2\/product_brand?post=552"},{"taxonomy":"product_cat","embeddable":true,"href":"https:\/\/bydcarchina.com\/pt\/wp-json\/wp\/v2\/product_cat?post=552"},{"taxonomy":"product_tag","embeddable":true,"href":"https:\/\/bydcarchina.com\/pt\/wp-json\/wp\/v2\/product_tag?post=552"}],"curies":[{"name":"wp","href":"https:\/\/api.w.org\/{rel}","templated":true}]}}