{"id":576,"date":"2025-09-11T12:37:18","date_gmt":"2025-09-11T12:37:18","guid":{"rendered":"https:\/\/bydcarchina.com\/?post_type=product&#038;p=576"},"modified":"2025-12-13T08:47:54","modified_gmt":"2025-12-13T08:47:54","slug":"byd-2025-han-dmi-intelligent-driving-edition","status":"publish","type":"product","link":"https:\/\/bydcarchina.com\/pt\/product\/byd-2025-han-dmi-intelligent-driving-edition\/","title":{"rendered":"BYD 2025 Han DMI Intelligent Driving Edition"},"content":{"rendered":"<p data-start=\"0\" data-end=\"272\">Descobrir um <strong data-start=\"11\" data-end=\"56\">sedan h\u00edbrido plug-in orientado para o desempenho<\/strong> concebido para combinar uma longa autonomia el\u00e9ctrica, efici\u00eancia com turbocompressor e conforto de n\u00edvel executivo. Concebido para condutores que exigem sustentabilidade e desempenho din\u00e2mico, apresenta os seguintes destaques principais:<\/p>\n<p data-start=\"274\" data-end=\"534\"><strong data-start=\"274\" data-end=\"317\">H\u00edbrido Plug-in Turbocomprimido Grupo motopropulsor:<\/strong><br data-start=\"317\" data-end=\"320\" \/>Alimentado por um <strong data-start=\"333\" data-end=\"375\">Motor de 1,5 litros turbo em linha-4<\/strong> produ\u00e7\u00e3o <strong data-start=\"386\" data-end=\"396\">156 cv<\/strong>, O sistema h\u00edbrido plug-in, perfeitamente integrado com um sistema h\u00edbrido plug-in avan\u00e7ado, proporciona uma acelera\u00e7\u00e3o forte, mantendo uma excelente efici\u00eancia de combust\u00edvel.<\/p>\n<p data-start=\"536\" data-end=\"836\"><strong data-start=\"536\" data-end=\"577\">Capacidade el\u00e9ctrica pura excecional:<\/strong><br data-start=\"577\" data-end=\"580\" \/>Oferece v\u00e1rias configura\u00e7\u00f5es de bateria com um <strong data-start=\"626\" data-end=\"692\">Autonomia el\u00e9ctrica pura com classifica\u00e7\u00e3o WLTC at\u00e9 180 km (op\u00e7\u00e3o de 102 km)<\/strong>. Sob <strong data-start=\"700\" data-end=\"786\">Testes CLTC, a autonomia exclusivamente el\u00e9ctrica aumenta para uns impressionantes 245 km (variante de 125 km)<\/strong>, apoiando uma condu\u00e7\u00e3o di\u00e1ria prolongada com emiss\u00f5es zero.<\/p>\n<p data-start=\"838\" data-end=\"986\"><strong data-start=\"838\" data-end=\"865\">Desempenho a alta velocidade:<\/strong><br data-start=\"865\" data-end=\"868\" \/>Com um <strong data-start=\"875\" data-end=\"900\">velocidade m\u00e1xima de 200 km\/h<\/strong>, O sedan proporciona uma condu\u00e7\u00e3o confiante em autoestrada e um desempenho refinado em longas dist\u00e2ncias.<\/p>\n<p data-start=\"988\" data-end=\"1137\"><strong data-start=\"988\" data-end=\"1024\">Espa\u00e7oso Sedan Executivo:<\/strong><br data-start=\"1024\" data-end=\"1027\" \/>A <strong data-start=\"1029\" data-end=\"1062\">Estrutura da carro\u00e7aria de 4 portas e 5 lugares<\/strong> assegura um espa\u00e7o de cabina generoso e conforto para uma utiliza\u00e7\u00e3o profissional ou familiar.<\/p>\n<p data-start=\"1139\" data-end=\"1306\"><strong data-start=\"1139\" data-end=\"1179\">Dimens\u00f5es grandes e bem proporcionadas:<\/strong><br data-start=\"1179\" data-end=\"1182\" \/>Medi\u00e7\u00e3o <strong data-start=\"1192\" data-end=\"1220\">4,995 \u00d7 1,910 \u00d7 1,495 mm<\/strong>, O ve\u00edculo oferece uma postura ampla, uma forte presen\u00e7a na estrada e um excelente espa\u00e7o interior.<\/p>\n<p data-start=\"1308\" data-end=\"1500\"><strong data-start=\"1308\" data-end=\"1337\">Equil\u00edbrio de peso optimizado:<\/strong><br data-start=\"1337\" data-end=\"1340\" \/>Com um <strong data-start=\"1347\" data-end=\"1386\">peso em vazio de 2,045 kg ou 1,910 kg<\/strong>, O sedan equilibra a resist\u00eancia estrutural, o conforto de condu\u00e7\u00e3o e a efici\u00eancia atrav\u00e9s de diferentes configura\u00e7\u00f5es de motoriza\u00e7\u00f5es.<\/p>\n<p data-start=\"1502\" data-end=\"1754\" data-is-last-node=\"\" data-is-only-node=\"\">Combina\u00e7\u00e3o <strong data-start=\"1512\" data-end=\"1610\">desempenho h\u00edbrido turbocomprimido, autonomia el\u00e9ctrica l\u00edder na sua classe e propor\u00e7\u00f5es de um sedan de tamanho normal<\/strong>, Este modelo h\u00edbrido plug-in \u00e9 a escolha ideal para os condutores que procuram efici\u00eancia electrificada sem sacrificar a pot\u00eancia, o conforto ou a atra\u00e7\u00e3o premium.<\/p>","protected":false},"excerpt":{"rendered":"<p>Discover a performance-oriented plug-in hybrid sedan designed to combine long electric range, turbocharged efficiency, and executive-level comfort. Engineered for drivers who demand both sustainability and dynamic performance, it delivers the following key highlights: Turbocharged Plug-in Hybrid Powertrain:Powered by a 1.5-liter turbocharged inline-4 engine producing 156 hp, seamlessly integrated with an advanced plug-in hybrid system to [&hellip;]<\/p>\n","protected":false},"featured_media":582,"comment_status":"open","ping_status":"closed","template":"","meta":[],"product_brand":[],"product_cat":[17],"product_tag":[],"class_list":{"0":"post-576","1":"product","2":"type-product","3":"status-publish","4":"has-post-thumbnail","6":"product_cat-uncategorized","8":"first","9":"instock","10":"shipping-taxable","11":"product-type-simple"},"_links":{"self":[{"href":"https:\/\/bydcarchina.com\/pt\/wp-json\/wp\/v2\/product\/576","targetHints":{"allow":["GET"]}}],"collection":[{"href":"https:\/\/bydcarchina.com\/pt\/wp-json\/wp\/v2\/product"}],"about":[{"href":"https:\/\/bydcarchina.com\/pt\/wp-json\/wp\/v2\/types\/product"}],"replies":[{"embeddable":true,"href":"https:\/\/bydcarchina.com\/pt\/wp-json\/wp\/v2\/comments?post=576"}],"version-history":[{"count":2,"href":"https:\/\/bydcarchina.com\/pt\/wp-json\/wp\/v2\/product\/576\/revisions"}],"predecessor-version":[{"id":1128,"href":"https:\/\/bydcarchina.com\/pt\/wp-json\/wp\/v2\/product\/576\/revisions\/1128"}],"wp:featuredmedia":[{"embeddable":true,"href":"https:\/\/bydcarchina.com\/pt\/wp-json\/wp\/v2\/media\/582"}],"wp:attachment":[{"href":"https:\/\/bydcarchina.com\/pt\/wp-json\/wp\/v2\/media?parent=576"}],"wp:term":[{"taxonomy":"product_brand","embeddable":true,"href":"https:\/\/bydcarchina.com\/pt\/wp-json\/wp\/v2\/product_brand?post=576"},{"taxonomy":"product_cat","embeddable":true,"href":"https:\/\/bydcarchina.com\/pt\/wp-json\/wp\/v2\/product_cat?post=576"},{"taxonomy":"product_tag","embeddable":true,"href":"https:\/\/bydcarchina.com\/pt\/wp-json\/wp\/v2\/product_tag?post=576"}],"curies":[{"name":"wp","href":"https:\/\/api.w.org\/{rel}","templated":true}]}}