{"id":615,"date":"2025-09-11T13:10:09","date_gmt":"2025-09-11T13:10:09","guid":{"rendered":"https:\/\/bydcarchina.com\/?post_type=product&#038;p=615"},"modified":"2025-12-13T08:50:12","modified_gmt":"2025-12-13T08:50:12","slug":"byd-2025-song-ldmi-smart-driving-edition","status":"publish","type":"product","link":"https:\/\/bydcarchina.com\/pt\/product\/byd-2025-song-ldmi-smart-driving-edition\/","title":{"rendered":"BYD 2025 Song LDMi Smart Driving Edition"},"content":{"rendered":"<p data-start=\"0\" data-end=\"258\">Descobrir um <strong data-start=\"11\" data-end=\"43\">SUV h\u00edbrido plug-in vers\u00e1til<\/strong> concebido para combinar uma longa autonomia el\u00e9ctrica, um desempenho eficiente a gasolina e um car\u00e1cter pr\u00e1tico no dia a dia. Concebido para fam\u00edlias e condutores que procuram uma mobilidade el\u00e9ctrica flex\u00edvel, apresenta os seguintes destaques principais:<\/p>\n<p data-start=\"260\" data-end=\"520\"><strong data-start=\"260\" data-end=\"299\">Grupo motopropulsor h\u00edbrido Plug-in avan\u00e7ado:<\/strong><br data-start=\"299\" data-end=\"302\" \/>Alimentado por um <strong data-start=\"315\" data-end=\"351\">Motor a gasolina de 1,5 litros em linha-4<\/strong> produ\u00e7\u00e3o <strong data-start=\"362\" data-end=\"372\">101 cv<\/strong>, O sistema h\u00edbrido plug-in, perfeitamente integrado com um sistema h\u00edbrido plug-in inteligente, d\u00e1 prioridade \u00e0 condu\u00e7\u00e3o el\u00e9ctrica, assegurando simultaneamente uma capacidade fi\u00e1vel para longas dist\u00e2ncias.<\/p>\n<p data-start=\"522\" data-end=\"859\"><strong data-start=\"522\" data-end=\"563\">Autonomia de condu\u00e7\u00e3o el\u00e9ctrica pura alargada:<\/strong><br data-start=\"563\" data-end=\"566\" \/>V\u00e1rias configura\u00e7\u00f5es de bateria oferecem uma <strong data-start=\"606\" data-end=\"694\">Gama el\u00e9ctrica com classifica\u00e7\u00e3o WLTC at\u00e9 135 km (variantes de 100 km \/ 60 km \/ 91 km \/ 128 km)<\/strong>. Sob <strong data-start=\"702\" data-end=\"803\">Ensaios CLTC, a autonomia el\u00e9ctrica pura atinge os 200 km (op\u00e7\u00f5es de 130 km \/ 75 km \/ 112 km \/ 160 km)<\/strong>, tornando altamente pr\u00e1ticas as desloca\u00e7\u00f5es di\u00e1rias com emiss\u00f5es zero.<\/p>\n<p data-start=\"861\" data-end=\"1035\"><strong data-start=\"861\" data-end=\"886\">Desempenho equilibrado:<\/strong><br data-start=\"886\" data-end=\"889\" \/>Com um <strong data-start=\"896\" data-end=\"921\">velocidade m\u00e1xima de 180 km\/h<\/strong>, O SUV proporciona uma acelera\u00e7\u00e3o suave e uma condu\u00e7\u00e3o est\u00e1vel em autoestrada, mantendo uma excelente efici\u00eancia global.<\/p>\n<p data-start=\"1037\" data-end=\"1214\"><strong data-start=\"1037\" data-end=\"1068\">Espa\u00e7oso SUV de 5 portas:<\/strong><br data-start=\"1068\" data-end=\"1071\" \/>A <strong data-start=\"1073\" data-end=\"1106\">Estrutura da carro\u00e7aria de 5 portas e 5 lugares<\/strong> oferece um espa\u00e7o de cabina generoso, uma capacidade de carga flex\u00edvel e assentos confort\u00e1veis para uma utiliza\u00e7\u00e3o familiar ou profissional.<\/p>\n<p data-start=\"1216\" data-end=\"1377\"><strong data-start=\"1216\" data-end=\"1253\">SUV bem proporcionado Dimens\u00f5es:<\/strong><br data-start=\"1253\" data-end=\"1256\" \/>Medi\u00e7\u00e3o <strong data-start=\"1266\" data-end=\"1294\">4,780 \u00d7 1,898 \u00d7 1,670 mm<\/strong>, O ve\u00edculo oferece uma postura ampla, uma altura de condu\u00e7\u00e3o elevada e uma forte presen\u00e7a na estrada.<\/p>\n<p data-start=\"1379\" data-end=\"1571\"><strong data-start=\"1379\" data-end=\"1402\">Constru\u00e7\u00e3o s\u00f3lida:<\/strong><br data-start=\"1402\" data-end=\"1405\" \/>Com <strong data-start=\"1410\" data-end=\"1460\">pesos em ordem de marcha entre 2,225 kg e 2,375 kg<\/strong>, O SUV equilibra a resist\u00eancia estrutural, o conforto de condu\u00e7\u00e3o e a estabilidade em diferentes configura\u00e7\u00f5es de motoriza\u00e7\u00f5es.<\/p>\n<p data-start=\"1573\" data-end=\"1815\" data-is-last-node=\"\" data-is-only-node=\"\">Combina\u00e7\u00e3o <strong data-start=\"1583\" data-end=\"1667\">longa autonomia el\u00e9ctrica, efici\u00eancia h\u00edbrida plug-in comprovada e um design SUV espa\u00e7oso<\/strong>, Este modelo PHEV \u00e9 uma excelente escolha para os condutores que procuram uma mobilidade electrificada sem comprometer a praticidade, o conforto ou a utiliza\u00e7\u00e3o quotidiana.<\/p>","protected":false},"excerpt":{"rendered":"<p>Discover a versatile plug-in hybrid SUV engineered to combine long electric range, efficient petrol performance, and everyday practicality. Designed for families and drivers seeking flexible electrified mobility, it delivers the following key highlights: Advanced Plug-in Hybrid Powertrain:Powered by a 1.5-liter inline-4 petrol engine producing 101 hp, seamlessly integrated with an intelligent plug-in hybrid system to [&hellip;]<\/p>\n","protected":false},"featured_media":628,"comment_status":"open","ping_status":"closed","template":"","meta":[],"product_brand":[],"product_cat":[17],"product_tag":[],"class_list":{"0":"post-615","1":"product","2":"type-product","3":"status-publish","4":"has-post-thumbnail","6":"product_cat-uncategorized","8":"first","9":"instock","10":"shipping-taxable","11":"product-type-simple"},"_links":{"self":[{"href":"https:\/\/bydcarchina.com\/pt\/wp-json\/wp\/v2\/product\/615","targetHints":{"allow":["GET"]}}],"collection":[{"href":"https:\/\/bydcarchina.com\/pt\/wp-json\/wp\/v2\/product"}],"about":[{"href":"https:\/\/bydcarchina.com\/pt\/wp-json\/wp\/v2\/types\/product"}],"replies":[{"embeddable":true,"href":"https:\/\/bydcarchina.com\/pt\/wp-json\/wp\/v2\/comments?post=615"}],"version-history":[{"count":2,"href":"https:\/\/bydcarchina.com\/pt\/wp-json\/wp\/v2\/product\/615\/revisions"}],"predecessor-version":[{"id":1131,"href":"https:\/\/bydcarchina.com\/pt\/wp-json\/wp\/v2\/product\/615\/revisions\/1131"}],"wp:featuredmedia":[{"embeddable":true,"href":"https:\/\/bydcarchina.com\/pt\/wp-json\/wp\/v2\/media\/628"}],"wp:attachment":[{"href":"https:\/\/bydcarchina.com\/pt\/wp-json\/wp\/v2\/media?parent=615"}],"wp:term":[{"taxonomy":"product_brand","embeddable":true,"href":"https:\/\/bydcarchina.com\/pt\/wp-json\/wp\/v2\/product_brand?post=615"},{"taxonomy":"product_cat","embeddable":true,"href":"https:\/\/bydcarchina.com\/pt\/wp-json\/wp\/v2\/product_cat?post=615"},{"taxonomy":"product_tag","embeddable":true,"href":"https:\/\/bydcarchina.com\/pt\/wp-json\/wp\/v2\/product_tag?post=615"}],"curies":[{"name":"wp","href":"https:\/\/api.w.org\/{rel}","templated":true}]}}