{"id":697,"date":"2025-09-11T13:31:37","date_gmt":"2025-09-11T13:31:37","guid":{"rendered":"https:\/\/bydcarchina.com\/?post_type=product&#038;p=697"},"modified":"2025-12-13T09:06:45","modified_gmt":"2025-12-13T09:06:45","slug":"byd-2025-atto-3-yuan-up-smart-driving-edition","status":"publish","type":"product","link":"https:\/\/bydcarchina.com\/pt\/product\/byd-2025-atto-3-yuan-up-smart-driving-edition\/","title":{"rendered":"BYD 2025 Yuan Up Smart Driving Edition"},"content":{"rendered":"<p data-start=\"0\" data-end=\"229\">Descobrir um <strong data-start=\"11\" data-end=\"45\">SUV el\u00e9trico puro moderno (BEV)<\/strong> concebido para um desempenho equilibrado, uma autonomia pr\u00e1tica e uma versatilidade quotidiana. Concebido para responder \u00e0s necessidades dos condutores urbanos e das fam\u00edlias, oferece os seguintes destaques principais:<\/p>\n<p data-start=\"231\" data-end=\"481\"><strong data-start=\"231\" data-end=\"259\">Sistema de propuls\u00e3o totalmente el\u00e9trico:<\/strong><br data-start=\"259\" data-end=\"262\" \/>Dispon\u00edvel com <strong data-start=\"277\" data-end=\"303\">49,92 kWh ou 60,48 kWh<\/strong> op\u00e7\u00f5es de bateria, proporcionando uma <strong data-start=\"334\" data-end=\"391\">autonomia de condu\u00e7\u00e3o puramente el\u00e9ctrica de at\u00e9 430 km ou 510 km<\/strong>, o que o torna adequado para desloca\u00e7\u00f5es di\u00e1rias e viagens mais longas com zero emiss\u00f5es de gases de escape.<\/p>\n<p data-start=\"483\" data-end=\"700\"><strong data-start=\"483\" data-end=\"519\">Desempenho suave e reativo:<\/strong><br data-start=\"519\" data-end=\"522\" \/>Acelera a partir de <strong data-start=\"539\" data-end=\"568\">0-100 km\/h em 7,3 segundos<\/strong>, proporcionando um desempenho el\u00e9trico confiante e refinado. A <strong data-start=\"626\" data-end=\"651\">velocidade m\u00e1xima de 160 km\/h<\/strong> assegura uma condu\u00e7\u00e3o est\u00e1vel e confort\u00e1vel em autoestrada.<\/p>\n<p data-start=\"702\" data-end=\"880\"><strong data-start=\"702\" data-end=\"736\">Condu\u00e7\u00e3o orientada para a efici\u00eancia:<\/strong><br data-start=\"736\" data-end=\"739\" \/>O <strong data-start=\"743\" data-end=\"770\">tra\u00e7\u00e3o dianteira (FWD)<\/strong> O layout melhora a efici\u00eancia energ\u00e9tica, o comportamento previs\u00edvel e a facilidade de condu\u00e7\u00e3o em condi\u00e7\u00f5es urbanas e de autoestrada.<\/p>\n<p data-start=\"882\" data-end=\"1089\"><strong data-start=\"882\" data-end=\"915\">Design SUV bem proporcionado:<\/strong><br data-start=\"915\" data-end=\"918\" \/>Com dimens\u00f5es de <strong data-start=\"937\" data-end=\"965\">4,455 \u00d7 1,875 \u00d7 1,615 mm<\/strong>, O SUV oferece uma postura ampla, uma altura de condu\u00e7\u00e3o elevada e um habit\u00e1culo espa\u00e7oso, equilibrando a manobrabilidade com o conforto interior.<\/p>\n<p data-start=\"1091\" data-end=\"1327\" data-is-last-node=\"\" data-is-only-node=\"\">Combina\u00e7\u00e3o <strong data-start=\"1101\" data-end=\"1183\">autonomia el\u00e9ctrica pr\u00e1tica, acelera\u00e7\u00e3o suave e um formato de SUV vers\u00e1til<\/strong>, Este modelo BEV \u00e9 uma excelente escolha para os condutores que procuram uma mobilidade fi\u00e1vel e com emiss\u00f5es zero, sem comprometer a usabilidade ou o conforto do dia a dia.<\/p>","protected":false},"excerpt":{"rendered":"<p>Discover a modern pure electric SUV (BEV) engineered for balanced performance, practical range, and everyday versatility. Designed to meet the needs of urban drivers and families alike, it offers the following key highlights: All-Electric Powertrain:Available with 49.92 kWh or 60.48 kWh battery options, delivering a pure electric driving range of up to 430 km or [&hellip;]<\/p>\n","protected":false},"featured_media":714,"comment_status":"open","ping_status":"closed","template":"","meta":[],"product_brand":[],"product_cat":[17],"product_tag":[],"class_list":{"0":"post-697","1":"product","2":"type-product","3":"status-publish","4":"has-post-thumbnail","6":"product_cat-uncategorized","8":"first","9":"instock","10":"shipping-taxable","11":"product-type-simple"},"_links":{"self":[{"href":"https:\/\/bydcarchina.com\/pt\/wp-json\/wp\/v2\/product\/697","targetHints":{"allow":["GET"]}}],"collection":[{"href":"https:\/\/bydcarchina.com\/pt\/wp-json\/wp\/v2\/product"}],"about":[{"href":"https:\/\/bydcarchina.com\/pt\/wp-json\/wp\/v2\/types\/product"}],"replies":[{"embeddable":true,"href":"https:\/\/bydcarchina.com\/pt\/wp-json\/wp\/v2\/comments?post=697"}],"version-history":[{"count":4,"href":"https:\/\/bydcarchina.com\/pt\/wp-json\/wp\/v2\/product\/697\/revisions"}],"predecessor-version":[{"id":1139,"href":"https:\/\/bydcarchina.com\/pt\/wp-json\/wp\/v2\/product\/697\/revisions\/1139"}],"wp:featuredmedia":[{"embeddable":true,"href":"https:\/\/bydcarchina.com\/pt\/wp-json\/wp\/v2\/media\/714"}],"wp:attachment":[{"href":"https:\/\/bydcarchina.com\/pt\/wp-json\/wp\/v2\/media?parent=697"}],"wp:term":[{"taxonomy":"product_brand","embeddable":true,"href":"https:\/\/bydcarchina.com\/pt\/wp-json\/wp\/v2\/product_brand?post=697"},{"taxonomy":"product_cat","embeddable":true,"href":"https:\/\/bydcarchina.com\/pt\/wp-json\/wp\/v2\/product_cat?post=697"},{"taxonomy":"product_tag","embeddable":true,"href":"https:\/\/bydcarchina.com\/pt\/wp-json\/wp\/v2\/product_tag?post=697"}],"curies":[{"name":"wp","href":"https:\/\/api.w.org\/{rel}","templated":true}]}}