{"id":717,"date":"2025-09-13T14:06:41","date_gmt":"2025-09-13T14:06:41","guid":{"rendered":"https:\/\/bydcarchina.com\/?post_type=product&#038;p=717"},"modified":"2025-12-13T09:09:18","modified_gmt":"2025-12-13T09:09:18","slug":"formula-leopard-titanium-3","status":"publish","type":"product","link":"https:\/\/bydcarchina.com\/pt\/product\/formula-leopard-titanium-3\/","title":{"rendered":"F\u00f3rmula Leopard Titanium 3"},"content":{"rendered":"<p data-start=\"0\" data-end=\"232\">Descobrir um <strong data-start=\"11\" data-end=\"38\">SUV el\u00e9trico puro (BEV)<\/strong> concebido para uma efici\u00eancia de longo alcance, um desempenho seguro e uma condu\u00e7\u00e3o quotidiana inteligente. Concebido para satisfazer as exig\u00eancias da mobilidade moderna com emiss\u00f5es zero, oferece os seguintes destaques:<\/p>\n<p data-start=\"234\" data-end=\"470\"><strong data-start=\"234\" data-end=\"262\">Sistema de propuls\u00e3o totalmente el\u00e9trico:<\/strong><br data-start=\"262\" data-end=\"265\" \/>Alimentado por um dur\u00e1vel <strong data-start=\"286\" data-end=\"326\">bateria de fosfato de ferro-l\u00edtio (LFP)<\/strong>, entregando um <strong data-start=\"341\" data-end=\"394\">Gama de cruzeiro puramente el\u00e9ctrica classificada pelo CLTC de 501 km<\/strong>, ideal para desloca\u00e7\u00f5es di\u00e1rias e viagens longas com zero emiss\u00f5es de gases de escape.<\/p>\n<p data-start=\"472\" data-end=\"642\"><strong data-start=\"472\" data-end=\"498\">Desempenho confiante:<\/strong><br data-start=\"498\" data-end=\"501\" \/>Com um <strong data-start=\"508\" data-end=\"537\">velocidade m\u00e1xima de 201 km\/h<\/strong>, O SUV proporciona uma acelera\u00e7\u00e3o forte e uma velocidade de cruzeiro est\u00e1vel a alta velocidade, tanto em condu\u00e7\u00e3o urbana como em autoestrada.<\/p>\n<p data-start=\"644\" data-end=\"823\"><strong data-start=\"644\" data-end=\"674\">Arquitetura SUV espa\u00e7osa:<\/strong><br data-start=\"674\" data-end=\"677\" \/>Com um <strong data-start=\"689\" data-end=\"728\">Estrutura da carro\u00e7aria SUV de 5 portas e 5 lugares<\/strong>, O seu design \u00e9 muito elegante, oferece um espa\u00e7o generoso no habit\u00e1culo, uma capacidade de carga flex\u00edvel e um excelente sentido pr\u00e1tico no dia a dia.<\/p>\n<p data-start=\"825\" data-end=\"1027\"><strong data-start=\"825\" data-end=\"865\">Dimens\u00f5es equilibradas e presen\u00e7a na estrada:<\/strong><br data-start=\"865\" data-end=\"868\" \/>Medi\u00e7\u00e3o <strong data-start=\"878\" data-end=\"906\">4.605 \u00d7 1.900 \u00d7 1.720 mm<\/strong>, O ve\u00edculo combina uma postura ampla com uma altura de condu\u00e7\u00e3o elevada para proporcionar conforto, estabilidade e uma presen\u00e7a marcante na estrada.<\/p>\n<p data-start=\"1029\" data-end=\"1260\"><strong data-start=\"1029\" data-end=\"1058\">Apoio ao conforto e \u00e0 seguran\u00e7a:<\/strong><br data-start=\"1058\" data-end=\"1061\" \/>Equipado com <strong data-start=\"1075\" data-end=\"1095\">Pneus 235\/60 R18<\/strong> para uma qualidade de condu\u00e7\u00e3o e ader\u00eancia equilibradas, juntamente com um <strong data-start=\"1145\" data-end=\"1183\">Sistema de c\u00e2mara panor\u00e2mica de 360 graus<\/strong> que melhora a visibilidade e a assist\u00eancia \u00e0 condu\u00e7\u00e3o em ambientes urbanos apertados.<\/p>\n<p data-start=\"1262\" data-end=\"1534\" data-is-last-node=\"\" data-is-only-node=\"\">Combina\u00e7\u00e3o <strong data-start=\"1272\" data-end=\"1370\">longa autonomia el\u00e9ctrica, tecnologia de bateria LFP robusta e carater\u00edsticas inteligentes de assist\u00eancia ao condutor<\/strong>, Este SUV BEV \u00e9 a escolha ideal para os condutores que procuram uma mobilidade el\u00e9ctrica fi\u00e1vel, eficiente e tecnologicamente avan\u00e7ada, sem comprometer o espa\u00e7o ou o desempenho.<\/p>","protected":false},"excerpt":{"rendered":"<p>Discover a pure electric SUV (BEV) engineered for long-range efficiency, confident performance, and intelligent everyday driving. Designed to meet the demands of modern zero-emission mobility, it offers the following highlights: All-Electric Powertrain:Powered by a durable lithium iron phosphate (LFP) battery, delivering a CLTC-rated pure electric cruising range of 501 km, ideal for daily commuting and [&hellip;]<\/p>\n","protected":false},"featured_media":718,"comment_status":"open","ping_status":"closed","template":"","meta":[],"product_brand":[],"product_cat":[17],"product_tag":[],"class_list":{"0":"post-717","1":"product","2":"type-product","3":"status-publish","4":"has-post-thumbnail","6":"product_cat-uncategorized","8":"first","9":"instock","10":"shipping-taxable","11":"product-type-simple"},"_links":{"self":[{"href":"https:\/\/bydcarchina.com\/pt\/wp-json\/wp\/v2\/product\/717","targetHints":{"allow":["GET"]}}],"collection":[{"href":"https:\/\/bydcarchina.com\/pt\/wp-json\/wp\/v2\/product"}],"about":[{"href":"https:\/\/bydcarchina.com\/pt\/wp-json\/wp\/v2\/types\/product"}],"replies":[{"embeddable":true,"href":"https:\/\/bydcarchina.com\/pt\/wp-json\/wp\/v2\/comments?post=717"}],"version-history":[{"count":2,"href":"https:\/\/bydcarchina.com\/pt\/wp-json\/wp\/v2\/product\/717\/revisions"}],"predecessor-version":[{"id":1144,"href":"https:\/\/bydcarchina.com\/pt\/wp-json\/wp\/v2\/product\/717\/revisions\/1144"}],"wp:featuredmedia":[{"embeddable":true,"href":"https:\/\/bydcarchina.com\/pt\/wp-json\/wp\/v2\/media\/718"}],"wp:attachment":[{"href":"https:\/\/bydcarchina.com\/pt\/wp-json\/wp\/v2\/media?parent=717"}],"wp:term":[{"taxonomy":"product_brand","embeddable":true,"href":"https:\/\/bydcarchina.com\/pt\/wp-json\/wp\/v2\/product_brand?post=717"},{"taxonomy":"product_cat","embeddable":true,"href":"https:\/\/bydcarchina.com\/pt\/wp-json\/wp\/v2\/product_cat?post=717"},{"taxonomy":"product_tag","embeddable":true,"href":"https:\/\/bydcarchina.com\/pt\/wp-json\/wp\/v2\/product_tag?post=717"}],"curies":[{"name":"wp","href":"https:\/\/api.w.org\/{rel}","templated":true}]}}