{"id":725,"date":"2025-09-13T14:09:05","date_gmt":"2025-09-13T14:09:05","guid":{"rendered":"https:\/\/bydcarchina.com\/?post_type=product&#038;p=725"},"modified":"2025-12-13T09:09:52","modified_gmt":"2025-12-13T09:09:52","slug":"formula-leopard-titanium-7","status":"publish","type":"product","link":"https:\/\/bydcarchina.com\/pt\/product\/formula-leopard-titanium-7\/","title":{"rendered":"F\u00f3rmula Leopard Titanium 7"},"content":{"rendered":"<p data-start=\"0\" data-end=\"270\">Descobrir um <strong data-start=\"11\" data-end=\"40\">SUV h\u00edbrido plug-in robusto<\/strong> concebido para proporcionar uma longa autonomia exclusivamente el\u00e9ctrica, um desempenho seguro e versatilidade no dia a dia. Concebido para condutores que procuram efici\u00eancia el\u00e9ctrica sem sacrificar o espa\u00e7o ou a capacidade, oferece os seguintes destaques principais:<\/p>\n<p data-start=\"272\" data-end=\"488\"><strong data-start=\"272\" data-end=\"307\">Sistema h\u00edbrido Plug-in avan\u00e7ado:<\/strong><br data-start=\"307\" data-end=\"310\" \/>Equipado com um <strong data-start=\"326\" data-end=\"366\">bateria de fosfato de ferro-l\u00edtio (LFP)<\/strong>, O ve\u00edculo d\u00e1 prioridade \u00e0 condu\u00e7\u00e3o el\u00e9ctrica para a utiliza\u00e7\u00e3o di\u00e1ria, mantendo a flexibilidade do motor a gasolina para viagens longas.<\/p>\n<p data-start=\"490\" data-end=\"778\"><strong data-start=\"490\" data-end=\"532\">Autonomia de cruzeiro puramente el\u00e9ctrica alargada:<\/strong><br data-start=\"532\" data-end=\"535\" \/>M\u00faltiplas configura\u00e7\u00f5es proporcionam um <strong data-start=\"569\" data-end=\"641\">Gama el\u00e9ctrica com classifica\u00e7\u00e3o WLTC at\u00e9 140 km (variantes de 105 km \/ 130 km)<\/strong>. Sob <strong data-start=\"649\" data-end=\"733\">Ensaios CLTC, a autonomia el\u00e9ctrica pura atinge os 200 km (op\u00e7\u00f5es de 135 km \/ 190 km)<\/strong>, permitindo desloca\u00e7\u00f5es pendulares pr\u00e1ticas com emiss\u00f5es zero.<\/p>\n<p data-start=\"780\" data-end=\"950\"><strong data-start=\"780\" data-end=\"811\">Desempenho seguro em estrada:<\/strong><br data-start=\"811\" data-end=\"814\" \/>Com um <strong data-start=\"821\" data-end=\"850\">velocidade m\u00e1xima de 190 km\/h<\/strong>, O SUV oferece uma condu\u00e7\u00e3o est\u00e1vel em autoestrada e uma pot\u00eancia suave em condi\u00e7\u00f5es de condu\u00e7\u00e3o variadas.<\/p>\n<p data-start=\"952\" data-end=\"1126\"><strong data-start=\"952\" data-end=\"985\">Design espa\u00e7oso de um SUV de 5 lugares:<\/strong><br data-start=\"985\" data-end=\"988\" \/>A <strong data-start=\"990\" data-end=\"1023\">Estrutura da carro\u00e7aria de 5 portas e 5 lugares<\/strong> proporciona um espa\u00e7o de habit\u00e1culo generoso, uma capacidade de carga flex\u00edvel e conforto para uma utiliza\u00e7\u00e3o familiar e de lazer.<\/p>\n<p data-start=\"1128\" data-end=\"1317\"><strong data-start=\"1128\" data-end=\"1161\">Grande, dimens\u00f5es imponentes:<\/strong><br data-start=\"1161\" data-end=\"1164\" \/>Medi\u00e7\u00e3o <strong data-start=\"1174\" data-end=\"1202\">4,999 \u00d7 1,995 \u00d7 1,865 mm<\/strong>, O SUV apresenta uma postura ampla e um perfil elevado, proporcionando uma forte presen\u00e7a na estrada e um excelente espa\u00e7o interior.<\/p>\n<p data-start=\"1319\" data-end=\"1449\"><strong data-start=\"1319\" data-end=\"1342\">Condu\u00e7\u00e3o e ader\u00eancia est\u00e1veis:<\/strong><br data-start=\"1342\" data-end=\"1345\" \/>Equipado com <strong data-start=\"1357\" data-end=\"1377\">Pneus 255\/60 R19<\/strong>, O ve\u00edculo equilibra o conforto de condu\u00e7\u00e3o, a ader\u00eancia \u00e0 estrada e a confian\u00e7a fora de estrada.<\/p>\n<p data-start=\"1451\" data-end=\"1705\" data-is-last-node=\"\" data-is-only-node=\"\">Combina\u00e7\u00e3o <strong data-start=\"1461\" data-end=\"1548\">longo alcance el\u00e9trico, tecnologia de bateria LFP duradoura e um formato de SUV espa\u00e7oso<\/strong>, Este modelo h\u00edbrido plug-in \u00e9 uma escolha atraente para os condutores que est\u00e3o a fazer a transi\u00e7\u00e3o para a mobilidade el\u00e9ctrica, mantendo a praticidade e o desempenho do dia a dia.<\/p>","protected":false},"excerpt":{"rendered":"<p>Discover a robust plug-in hybrid SUV engineered to deliver long electric-only range, confident performance, and everyday versatility. Designed for drivers seeking electrified efficiency without sacrificing space or capability, it offers the following key highlights: Advanced Plug-in Hybrid System:Equipped with a lithium iron phosphate (LFP) battery, the vehicle prioritizes electric driving for daily use while retaining [&hellip;]<\/p>\n","protected":false},"featured_media":737,"comment_status":"open","ping_status":"closed","template":"","meta":[],"product_brand":[],"product_cat":[17],"product_tag":[],"class_list":{"0":"post-725","1":"product","2":"type-product","3":"status-publish","4":"has-post-thumbnail","6":"product_cat-uncategorized","8":"first","9":"instock","10":"shipping-taxable","11":"product-type-simple"},"_links":{"self":[{"href":"https:\/\/bydcarchina.com\/pt\/wp-json\/wp\/v2\/product\/725","targetHints":{"allow":["GET"]}}],"collection":[{"href":"https:\/\/bydcarchina.com\/pt\/wp-json\/wp\/v2\/product"}],"about":[{"href":"https:\/\/bydcarchina.com\/pt\/wp-json\/wp\/v2\/types\/product"}],"replies":[{"embeddable":true,"href":"https:\/\/bydcarchina.com\/pt\/wp-json\/wp\/v2\/comments?post=725"}],"version-history":[{"count":2,"href":"https:\/\/bydcarchina.com\/pt\/wp-json\/wp\/v2\/product\/725\/revisions"}],"predecessor-version":[{"id":1145,"href":"https:\/\/bydcarchina.com\/pt\/wp-json\/wp\/v2\/product\/725\/revisions\/1145"}],"wp:featuredmedia":[{"embeddable":true,"href":"https:\/\/bydcarchina.com\/pt\/wp-json\/wp\/v2\/media\/737"}],"wp:attachment":[{"href":"https:\/\/bydcarchina.com\/pt\/wp-json\/wp\/v2\/media?parent=725"}],"wp:term":[{"taxonomy":"product_brand","embeddable":true,"href":"https:\/\/bydcarchina.com\/pt\/wp-json\/wp\/v2\/product_brand?post=725"},{"taxonomy":"product_cat","embeddable":true,"href":"https:\/\/bydcarchina.com\/pt\/wp-json\/wp\/v2\/product_cat?post=725"},{"taxonomy":"product_tag","embeddable":true,"href":"https:\/\/bydcarchina.com\/pt\/wp-json\/wp\/v2\/product_tag?post=725"}],"curies":[{"name":"wp","href":"https:\/\/api.w.org\/{rel}","templated":true}]}}