{"id":752,"date":"2025-09-13T14:14:39","date_gmt":"2025-09-13T14:14:39","guid":{"rendered":"https:\/\/bydcarchina.com\/?post_type=product&#038;p=752"},"modified":"2025-12-13T09:11:55","modified_gmt":"2025-12-13T09:11:55","slug":"formula-leopardo-8","status":"publish","type":"product","link":"https:\/\/bydcarchina.com\/pt\/product\/formula-leopard-8\/","title":{"rendered":"F\u00f3rmula Leopardo 8"},"content":{"rendered":"<p data-start=\"0\" data-end=\"221\">Descobrir um <strong data-start=\"11\" data-end=\"39\">SUV h\u00edbrido plug-in de grandes dimens\u00f5es<\/strong> concebido para um desempenho potente, uma efici\u00eancia extraordin\u00e1ria e uma versatilidade superior em v\u00e1rias filas. Concebido para fam\u00edlias e viagens de executivos, apresenta os seguintes destaques principais:<\/p>\n<p data-start=\"223\" data-end=\"484\"><strong data-start=\"223\" data-end=\"265\">Grupo motopropulsor h\u00edbrido Plug-in de elevado rendimento:<\/strong><br data-start=\"265\" data-end=\"268\" \/>Alimentado por um <strong data-start=\"281\" data-end=\"323\">Motor de 2,0 litros turbo em linha-4<\/strong> produ\u00e7\u00e3o <strong data-start=\"334\" data-end=\"344\">245 cv<\/strong>, O sistema h\u00edbrido plug-in, perfeitamente integrado com um sistema h\u00edbrido plug-in avan\u00e7ado, proporciona uma forte acelera\u00e7\u00e3o, mantendo uma excelente efici\u00eancia energ\u00e9tica.<\/p>\n<p data-start=\"486\" data-end=\"852\"><strong data-start=\"486\" data-end=\"528\">Funcionamento el\u00e9trico e h\u00edbrido eficiente:<\/strong><br data-start=\"528\" data-end=\"531\" \/>Equipado com um <strong data-start=\"547\" data-end=\"587\">bateria de fosfato de ferro-l\u00edtio (LFP)<\/strong>, o SUV oferece um <strong data-start=\"606\" data-end=\"659\">Autonomia de cruzeiro puramente el\u00e9ctrica de 100 km, de acordo com o WLTC<\/strong>, ideal para uma condu\u00e7\u00e3o di\u00e1ria com emiss\u00f5es zero. Gra\u00e7as ao eficiente sistema h\u00edbrido, <strong data-start=\"739\" data-end=\"805\">O consumo total de combust\u00edvel do WLTC \u00e9 t\u00e3o baixo quanto 1,79 L\/100 km<\/strong>, reduzindo significativamente os custos globais de funcionamento.<\/p>\n<p data-start=\"854\" data-end=\"1024\"><strong data-start=\"854\" data-end=\"888\">Desempenho em estrada com confian\u00e7a:<\/strong><br data-start=\"888\" data-end=\"891\" \/>Com um <strong data-start=\"898\" data-end=\"927\">velocidade m\u00e1xima de 180 km\/h<\/strong>, O ve\u00edculo proporciona uma condu\u00e7\u00e3o suave e est\u00e1vel e uma pot\u00eancia refinada, mesmo quando est\u00e1 totalmente carregado.<\/p>\n<p data-start=\"1026\" data-end=\"1231\"><strong data-start=\"1026\" data-end=\"1059\">Espa\u00e7oso SUV de 6\/7 lugares:<\/strong><br data-start=\"1059\" data-end=\"1062\" \/>Com um <strong data-start=\"1074\" data-end=\"1115\">Estrutura da carro\u00e7aria de 5 portas, 6 ou 7 lugares<\/strong>, O ve\u00edculo oferece configura\u00e7\u00f5es de lugares flex\u00edveis, um espa\u00e7o generoso para as pernas e um excelente conforto para fam\u00edlias ou empresas.<\/p>\n<p data-start=\"1233\" data-end=\"1426\"><strong data-start=\"1233\" data-end=\"1262\">SUV de tamanho normal Dimens\u00f5es:<\/strong><br data-start=\"1262\" data-end=\"1265\" \/>Medi\u00e7\u00e3o <strong data-start=\"1275\" data-end=\"1303\">5,195 \u00d7 1,994 \u00d7 1,905 mm<\/strong>, O SUV oferece uma presen\u00e7a marcante na estrada, um espa\u00e7o interior amplo e um maior conforto para os passageiros em v\u00e1rias filas.<\/p>\n<p data-start=\"1428\" data-end=\"1686\" data-is-last-node=\"\" data-is-only-node=\"\">Combina\u00e7\u00e3o <strong data-start=\"1438\" data-end=\"1533\">forte desempenho com turbocompressor, baixo consumo de combust\u00edvel e um design espa\u00e7oso de SUV com v\u00e1rios lugares<\/strong>, Este modelo h\u00edbrido plug-in \u00e9 a escolha ideal para os condutores que procuram efici\u00eancia electrificada sem comprometer a pot\u00eancia, o espa\u00e7o ou a capacidade de percorrer longas dist\u00e2ncias.<\/p>","protected":false},"excerpt":{"rendered":"<p>Discover a large plug-in hybrid SUV engineered for powerful performance, outstanding efficiency, and premium multi-row versatility. Designed for families and executive travel, it delivers the following key highlights: High-Output Plug-in Hybrid Powertrain:Powered by a 2.0-liter turbocharged inline-4 engine producing 245 hp, seamlessly integrated with an advanced plug-in hybrid system to provide strong acceleration while maintaining [&hellip;]<\/p>\n","protected":false},"featured_media":756,"comment_status":"open","ping_status":"closed","template":"","meta":[],"product_brand":[],"product_cat":[17],"product_tag":[],"class_list":{"0":"post-752","1":"product","2":"type-product","3":"status-publish","4":"has-post-thumbnail","6":"product_cat-uncategorized","8":"first","9":"instock","10":"shipping-taxable","11":"product-type-simple"},"_links":{"self":[{"href":"https:\/\/bydcarchina.com\/pt\/wp-json\/wp\/v2\/product\/752","targetHints":{"allow":["GET"]}}],"collection":[{"href":"https:\/\/bydcarchina.com\/pt\/wp-json\/wp\/v2\/product"}],"about":[{"href":"https:\/\/bydcarchina.com\/pt\/wp-json\/wp\/v2\/types\/product"}],"replies":[{"embeddable":true,"href":"https:\/\/bydcarchina.com\/pt\/wp-json\/wp\/v2\/comments?post=752"}],"version-history":[{"count":3,"href":"https:\/\/bydcarchina.com\/pt\/wp-json\/wp\/v2\/product\/752\/revisions"}],"predecessor-version":[{"id":1155,"href":"https:\/\/bydcarchina.com\/pt\/wp-json\/wp\/v2\/product\/752\/revisions\/1155"}],"wp:featuredmedia":[{"embeddable":true,"href":"https:\/\/bydcarchina.com\/pt\/wp-json\/wp\/v2\/media\/756"}],"wp:attachment":[{"href":"https:\/\/bydcarchina.com\/pt\/wp-json\/wp\/v2\/media?parent=752"}],"wp:term":[{"taxonomy":"product_brand","embeddable":true,"href":"https:\/\/bydcarchina.com\/pt\/wp-json\/wp\/v2\/product_brand?post=752"},{"taxonomy":"product_cat","embeddable":true,"href":"https:\/\/bydcarchina.com\/pt\/wp-json\/wp\/v2\/product_cat?post=752"},{"taxonomy":"product_tag","embeddable":true,"href":"https:\/\/bydcarchina.com\/pt\/wp-json\/wp\/v2\/product_tag?post=752"}],"curies":[{"name":"wp","href":"https:\/\/api.w.org\/{rel}","templated":true}]}}