{"id":762,"date":"2025-09-13T15:00:17","date_gmt":"2025-09-13T15:00:17","guid":{"rendered":"https:\/\/bydcarchina.com\/?post_type=product&#038;p=762"},"modified":"2025-12-13T09:15:32","modified_gmt":"2025-12-13T09:15:32","slug":"denza-n7","status":"publish","type":"product","link":"https:\/\/bydcarchina.com\/pt\/product\/denza-n7\/","title":{"rendered":"Denza N7"},"content":{"rendered":"<p data-start=\"0\" data-end=\"265\">Descobrir um <strong data-start=\"11\" data-end=\"49\">SUV el\u00e9trico puro de longo alcance (BEV)<\/strong> concebido para uma capacidade de condu\u00e7\u00e3o alargada, um desempenho confiante e uma utiliza\u00e7\u00e3o quotidiana de qualidade superior. Concebido para condutores que d\u00e3o prioridade \u00e0 autonomia sem sacrificar o espa\u00e7o ou a din\u00e2mica, oferece os seguintes destaques:<\/p>\n<p data-start=\"267\" data-end=\"487\"><strong data-start=\"267\" data-end=\"312\">Grupo motopropulsor totalmente el\u00e9trico de alcance ultra-longo:<\/strong><br data-start=\"312\" data-end=\"315\" \/>Oferece uma impressionante <strong data-start=\"338\" data-end=\"398\">Autonomia el\u00e9ctrica pura com classifica\u00e7\u00e3o CLTC at\u00e9 702 km ou 630 km<\/strong>, proporcionando uma confian\u00e7a excecional para viagens de longa dist\u00e2ncia com zero emiss\u00f5es de gases de escape.<\/p>\n<p data-start=\"489\" data-end=\"668\"><strong data-start=\"489\" data-end=\"523\">Desempenho el\u00e9trico equilibrado:<\/strong><br data-start=\"523\" data-end=\"526\" \/>Com um <strong data-start=\"533\" data-end=\"558\">velocidade m\u00e1xima de 180 km\/h<\/strong>, O SUV oferece uma acelera\u00e7\u00e3o suave e uma condu\u00e7\u00e3o est\u00e1vel em autoestrada, adequada para uma utiliza\u00e7\u00e3o di\u00e1ria e viagens longas.<\/p>\n<p data-start=\"670\" data-end=\"879\"><strong data-start=\"670\" data-end=\"702\">Op\u00e7\u00f5es de transmiss\u00e3o flex\u00edveis:<\/strong><br data-start=\"702\" data-end=\"705\" \/>Dispon\u00edvel em <strong data-start=\"718\" data-end=\"769\">tra\u00e7\u00e3o traseira (RWD) ou tra\u00e7\u00e3o integral (AWD)<\/strong> garantindo um equil\u00edbrio entre efici\u00eancia, precis\u00e3o de manuseamento e maior tra\u00e7\u00e3o quando necess\u00e1rio.<\/p>\n<p data-start=\"881\" data-end=\"1064\"><strong data-start=\"881\" data-end=\"911\">Arquitetura SUV espa\u00e7osa:<\/strong><br data-start=\"911\" data-end=\"914\" \/>Possui uma pr\u00e1tica <strong data-start=\"935\" data-end=\"966\">Layout SUV de 5 portas e 5 lugares<\/strong>, O sistema de transporte de passageiros da Ford \u00e9 muito vers\u00e1til, oferecendo um espa\u00e7o generoso para os passageiros e uma capacidade de carga vers\u00e1til para as necessidades da fam\u00edlia e do estilo de vida.<\/p>\n<p data-start=\"1066\" data-end=\"1302\"><strong data-start=\"1066\" data-end=\"1096\">Constru\u00e7\u00e3o s\u00f3lida e propor\u00e7\u00f5es:<\/strong><br data-start=\"1096\" data-end=\"1099\" \/>Com um <strong data-start=\"1106\" data-end=\"1145\">peso em vazio de 2,320 kg ou 2,440 kg<\/strong> e dimens\u00f5es de <strong data-start=\"1164\" data-end=\"1192\">4,860 \u00d7 1,935 \u00d7 1,620 mm<\/strong>, O ve\u00edculo combina uma postura ampla com um perfil elegante para proporcionar estabilidade, conforto e uma presen\u00e7a premium na estrada.<\/p>\n<p data-start=\"1304\" data-end=\"1553\" data-is-last-node=\"\" data-is-only-node=\"\">Combina\u00e7\u00e3o <strong data-start=\"1314\" data-end=\"1410\">autonomia el\u00e9ctrica l\u00edder na sua classe, op\u00e7\u00f5es avan\u00e7adas de transmiss\u00e3o e um design requintado de SUV de tamanho m\u00e9dio<\/strong>, Este VEB \u00e9 uma excelente escolha para os condutores que procuram uma mobilidade de longa dist\u00e2ncia com emiss\u00f5es zero sem comprometer o conforto, o espa\u00e7o ou o desempenho.<\/p>","protected":false},"excerpt":{"rendered":"<p>Discover a long-range pure electric SUV (BEV) engineered for extended driving capability, confident performance, and premium everyday usability. Designed for drivers who prioritize range without sacrificing space or dynamics, it offers the following highlights: Ultra-Long-Range All-Electric Powertrain:Delivers an impressive CLTC-rated pure electric range of up to 702 km or 630 km, providing exceptional confidence for [&hellip;]<\/p>\n","protected":false},"featured_media":771,"comment_status":"open","ping_status":"closed","template":"","meta":[],"product_brand":[],"product_cat":[17],"product_tag":[],"class_list":{"0":"post-762","1":"product","2":"type-product","3":"status-publish","4":"has-post-thumbnail","6":"product_cat-uncategorized","8":"first","9":"instock","10":"shipping-taxable","11":"product-type-simple"},"_links":{"self":[{"href":"https:\/\/bydcarchina.com\/pt\/wp-json\/wp\/v2\/product\/762","targetHints":{"allow":["GET"]}}],"collection":[{"href":"https:\/\/bydcarchina.com\/pt\/wp-json\/wp\/v2\/product"}],"about":[{"href":"https:\/\/bydcarchina.com\/pt\/wp-json\/wp\/v2\/types\/product"}],"replies":[{"embeddable":true,"href":"https:\/\/bydcarchina.com\/pt\/wp-json\/wp\/v2\/comments?post=762"}],"version-history":[{"count":2,"href":"https:\/\/bydcarchina.com\/pt\/wp-json\/wp\/v2\/product\/762\/revisions"}],"predecessor-version":[{"id":1159,"href":"https:\/\/bydcarchina.com\/pt\/wp-json\/wp\/v2\/product\/762\/revisions\/1159"}],"wp:featuredmedia":[{"embeddable":true,"href":"https:\/\/bydcarchina.com\/pt\/wp-json\/wp\/v2\/media\/771"}],"wp:attachment":[{"href":"https:\/\/bydcarchina.com\/pt\/wp-json\/wp\/v2\/media?parent=762"}],"wp:term":[{"taxonomy":"product_brand","embeddable":true,"href":"https:\/\/bydcarchina.com\/pt\/wp-json\/wp\/v2\/product_brand?post=762"},{"taxonomy":"product_cat","embeddable":true,"href":"https:\/\/bydcarchina.com\/pt\/wp-json\/wp\/v2\/product_cat?post=762"},{"taxonomy":"product_tag","embeddable":true,"href":"https:\/\/bydcarchina.com\/pt\/wp-json\/wp\/v2\/product_tag?post=762"}],"curies":[{"name":"wp","href":"https:\/\/api.w.org\/{rel}","templated":true}]}}