{"id":780,"date":"2025-09-13T15:02:40","date_gmt":"2025-09-13T15:02:40","guid":{"rendered":"https:\/\/bydcarchina.com\/?post_type=product&#038;p=780"},"modified":"2025-12-13T09:14:02","modified_gmt":"2025-12-13T09:14:02","slug":"denza-d9","status":"publish","type":"product","link":"https:\/\/bydcarchina.com\/pt\/product\/denza-d9\/","title":{"rendered":"Denza D9 DM-i"},"content":{"rendered":"<p data-start=\"0\" data-end=\"234\">Descobrir um <strong data-start=\"11\" data-end=\"41\">MPV h\u00edbrido plug-in premium<\/strong> concebido para proporcionar uma longa autonomia el\u00e9ctrica, efici\u00eancia com turbocompressor e um espa\u00e7oso conforto para sete lugares. Concebido para viagens em fam\u00edlia e transporte de executivos, oferece os seguintes destaques principais:<\/p>\n<p data-start=\"236\" data-end=\"492\"><strong data-start=\"236\" data-end=\"279\">H\u00edbrido Plug-in Turbocomprimido Grupo motopropulsor:<\/strong><br data-start=\"279\" data-end=\"282\" \/>Alimentado por um <strong data-start=\"295\" data-end=\"337\">Motor de 1,5 litros turbo em linha-4<\/strong> produ\u00e7\u00e3o <strong data-start=\"348\" data-end=\"358\">156 cv<\/strong>, O sistema h\u00edbrido plug-in, perfeitamente integrado com um sistema h\u00edbrido plug-in avan\u00e7ado, proporciona um desempenho suave e reativo com uma elevada efici\u00eancia global.<\/p>\n<p data-start=\"494\" data-end=\"799\"><strong data-start=\"494\" data-end=\"532\">Capacidade el\u00e9ctrica pura alargada:<\/strong><br data-start=\"532\" data-end=\"535\" \/>Dispon\u00edvel em v\u00e1rias configura\u00e7\u00f5es, oferecendo um <strong data-start=\"584\" data-end=\"645\">Gama el\u00e9ctrica com classifica\u00e7\u00e3o WLTC at\u00e9 155 km (op\u00e7\u00e3o 145 km)<\/strong>. Sob <strong data-start=\"653\" data-end=\"728\">Ensaios CLTC, a autonomia el\u00e9ctrica pura atinge os 200 km (variante de 190 km)<\/strong>, tornando a condu\u00e7\u00e3o di\u00e1ria com emiss\u00f5es zero pr\u00e1tica e rent\u00e1vel.<\/p>\n<p data-start=\"801\" data-end=\"971\"><strong data-start=\"801\" data-end=\"834\">Desempenho forte e refinado:<\/strong><br data-start=\"834\" data-end=\"837\" \/>Com um <strong data-start=\"844\" data-end=\"869\">velocidade m\u00e1xima de 220 km\/h<\/strong>, O MPV proporciona uma condu\u00e7\u00e3o confiante em autoestrada e uma acelera\u00e7\u00e3o suave, mesmo com uma carga completa de passageiros.<\/p>\n<p data-start=\"973\" data-end=\"1184\"><strong data-start=\"973\" data-end=\"1005\">Op\u00e7\u00f5es de transmiss\u00e3o flex\u00edveis:<\/strong><br data-start=\"1005\" data-end=\"1008\" \/>Oferecido em <strong data-start=\"1019\" data-end=\"1050\">tra\u00e7\u00e3o dianteira de todas as rodas (FAW)<\/strong> ou <strong data-start=\"1054\" data-end=\"1079\">tra\u00e7\u00e3o integral (AWD)<\/strong> proporcionando um equil\u00edbrio entre efici\u00eancia e tra\u00e7\u00e3o melhorada para condi\u00e7\u00f5es de estrada variadas.<\/p>\n<p data-start=\"1186\" data-end=\"1395\"><strong data-start=\"1186\" data-end=\"1217\">Espa\u00e7oso MPV de 7 lugares:<\/strong><br data-start=\"1217\" data-end=\"1220\" \/>A <strong data-start=\"1222\" data-end=\"1257\">Estrutura da carro\u00e7aria de 5 portas e 7 lugares<\/strong> assegura um espa\u00e7o interior generoso, uma disposi\u00e7\u00e3o flex\u00edvel dos bancos e um excelente conforto para as fam\u00edlias, viagens de neg\u00f3cios ou utiliza\u00e7\u00e3o em transporte coletivo.<\/p>\n<p data-start=\"1397\" data-end=\"1572\"><strong data-start=\"1397\" data-end=\"1422\">Grande MPV Dimens\u00f5es:<\/strong><br data-start=\"1422\" data-end=\"1425\" \/>Medi\u00e7\u00e3o <strong data-start=\"1435\" data-end=\"1463\">5.250 \u00d7 1.960 \u00d7 1.900 mm<\/strong>, O ve\u00edculo oferece uma presen\u00e7a imponente, um amplo espa\u00e7o para a cabe\u00e7a e um conforto de habit\u00e1culo superior nas tr\u00eas filas.<\/p>\n<p data-start=\"1574\" data-end=\"1817\" data-is-last-node=\"\" data-is-only-node=\"\">Combina\u00e7\u00e3o <strong data-start=\"1584\" data-end=\"1677\">longa autonomia el\u00e9ctrica, desempenho h\u00edbrido com turbocompressor e funcionalidade premium de sete lugares<\/strong>, Este MPV h\u00edbrido plug-in \u00e9 a escolha ideal para os condutores que procuram efici\u00eancia electrificada sem comprometer o espa\u00e7o, o conforto ou a versatilidade.<\/p>","protected":false},"excerpt":{"rendered":"<p>Discover a premium plug-in hybrid MPV engineered to deliver long electric range, turbocharged efficiency, and spacious seven-seat comfort. Designed for family travel and executive transport, it offers the following key highlights: Turbocharged Plug-in Hybrid Powertrain:Powered by a 1.5-liter turbocharged inline-4 engine producing 156 hp, seamlessly integrated with an advanced plug-in hybrid system to deliver smooth, [&hellip;]<\/p>\n","protected":false},"featured_media":781,"comment_status":"open","ping_status":"closed","template":"","meta":[],"product_brand":[],"product_cat":[17],"product_tag":[],"class_list":{"0":"post-780","1":"product","2":"type-product","3":"status-publish","4":"has-post-thumbnail","6":"product_cat-uncategorized","8":"first","9":"instock","10":"shipping-taxable","11":"product-type-simple"},"_links":{"self":[{"href":"https:\/\/bydcarchina.com\/pt\/wp-json\/wp\/v2\/product\/780","targetHints":{"allow":["GET"]}}],"collection":[{"href":"https:\/\/bydcarchina.com\/pt\/wp-json\/wp\/v2\/product"}],"about":[{"href":"https:\/\/bydcarchina.com\/pt\/wp-json\/wp\/v2\/types\/product"}],"replies":[{"embeddable":true,"href":"https:\/\/bydcarchina.com\/pt\/wp-json\/wp\/v2\/comments?post=780"}],"version-history":[{"count":3,"href":"https:\/\/bydcarchina.com\/pt\/wp-json\/wp\/v2\/product\/780\/revisions"}],"predecessor-version":[{"id":1158,"href":"https:\/\/bydcarchina.com\/pt\/wp-json\/wp\/v2\/product\/780\/revisions\/1158"}],"wp:featuredmedia":[{"embeddable":true,"href":"https:\/\/bydcarchina.com\/pt\/wp-json\/wp\/v2\/media\/781"}],"wp:attachment":[{"href":"https:\/\/bydcarchina.com\/pt\/wp-json\/wp\/v2\/media?parent=780"}],"wp:term":[{"taxonomy":"product_brand","embeddable":true,"href":"https:\/\/bydcarchina.com\/pt\/wp-json\/wp\/v2\/product_brand?post=780"},{"taxonomy":"product_cat","embeddable":true,"href":"https:\/\/bydcarchina.com\/pt\/wp-json\/wp\/v2\/product_cat?post=780"},{"taxonomy":"product_tag","embeddable":true,"href":"https:\/\/bydcarchina.com\/pt\/wp-json\/wp\/v2\/product_tag?post=780"}],"curies":[{"name":"wp","href":"https:\/\/api.w.org\/{rel}","templated":true}]}}