{"id":807,"date":"2025-09-13T15:20:23","date_gmt":"2025-09-13T15:20:23","guid":{"rendered":"https:\/\/bydcarchina.com\/?post_type=product&#038;p=807"},"modified":"2025-12-13T09:18:32","modified_gmt":"2025-12-13T09:18:32","slug":"yangwang-u7","status":"publish","type":"product","link":"https:\/\/bydcarchina.com\/pt\/product\/yangwang-u7\/","title":{"rendered":"YangWang U7"},"content":{"rendered":"<p data-start=\"0\" data-end=\"292\">Descobrir um <strong data-start=\"11\" data-end=\"68\">o emblem\u00e1tico grand tourer h\u00edbrido plug-in de alto desempenho<\/strong> concebido para proporcionar uma acelera\u00e7\u00e3o extrema, uma autonomia de condu\u00e7\u00e3o alargada e uma presen\u00e7a de classe executiva. Concebido para condutores que exigem um desempenho ao n\u00edvel de um supercarro com efici\u00eancia em longas dist\u00e2ncias, oferece os seguintes destaques:<\/p>\n<p data-start=\"294\" data-end=\"560\"><strong data-start=\"294\" data-end=\"336\">Grupo motopropulsor h\u00edbrido Plug-in de elevado rendimento:<\/strong><br data-start=\"336\" data-end=\"339\" \/>Alimentado por um <strong data-start=\"352\" data-end=\"394\">Motor de 2,0 litros turbo em linha-4<\/strong> produ\u00e7\u00e3o <strong data-start=\"405\" data-end=\"415\">272 cv<\/strong>, O sistema de propuls\u00e3o el\u00e9ctrica de alto desempenho est\u00e1 perfeitamente integrado para proporcionar uma acelera\u00e7\u00e3o explosiva, mantendo uma efici\u00eancia excecional.<\/p>\n<p data-start=\"562\" data-end=\"789\"><strong data-start=\"562\" data-end=\"600\">Alcance de condu\u00e7\u00e3o combinado extra-longo:<\/strong><br data-start=\"600\" data-end=\"603\" \/>Com um <strong data-start=\"610\" data-end=\"657\">Alcance combinado classificado CLTC at\u00e9 1.000 km<\/strong>, O ve\u00edculo oferece uma excelente capacidade para longas dist\u00e2ncias, minimizando as paragens para carregamento e reabastecimento sem comprometer o desempenho.<\/p>\n<p data-start=\"791\" data-end=\"1033\"><strong data-start=\"791\" data-end=\"822\">Desempenho ao n\u00edvel de um supercarro:<\/strong><br data-start=\"822\" data-end=\"825\" \/>Acelera a partir de <strong data-start=\"842\" data-end=\"876\">0-100 km\/h em apenas 2,9 segundos<\/strong>, colocando-o firmemente no territ\u00f3rio do alto desempenho. A <strong data-start=\"929\" data-end=\"954\">velocidade m\u00e1xima de 270 km\/h<\/strong> assegura uma estabilidade sustentada a alta velocidade e uma confiante capacidade de grande turismo.<\/p>\n<p data-start=\"1035\" data-end=\"1215\"><strong data-start=\"1035\" data-end=\"1068\">Grandes, propor\u00e7\u00f5es executivas:<\/strong><br data-start=\"1068\" data-end=\"1071\" \/>Medi\u00e7\u00e3o <strong data-start=\"1081\" data-end=\"1109\">5.360 \u00d7 2.000 \u00d7 1.515 mm<\/strong>, O ve\u00edculo tem uma presen\u00e7a marcante na estrada, um espa\u00e7o generoso no habit\u00e1culo e um perfil elegante e aerodin\u00e2mico.<\/p>\n<p data-start=\"1217\" data-end=\"1401\"><strong data-start=\"1217\" data-end=\"1254\">Constru\u00e7\u00e3o centrada no desempenho:<\/strong><br data-start=\"1254\" data-end=\"1257\" \/>Com um <strong data-start=\"1264\" data-end=\"1291\">peso em vazio de 3,223 kg<\/strong>, A estrutura foi concebida para garantir rigidez, estabilidade a alta velocidade e uma qualidade de condu\u00e7\u00e3o refinada a velocidades elevadas.<\/p>\n<p data-start=\"1403\" data-end=\"1661\" data-is-last-node=\"\" data-is-only-node=\"\">Combina\u00e7\u00e3o <strong data-start=\"1413\" data-end=\"1494\">acelera\u00e7\u00e3o extrema, autonomia de condu\u00e7\u00e3o ultra-longa e dimens\u00f5es de topo de gama<\/strong>, Este modelo h\u00edbrido plug-in representa uma nova refer\u00eancia para os ve\u00edculos de luxo electrificados de alto desempenho - proporcionando a emo\u00e7\u00e3o de um supercarro com o car\u00e1cter pr\u00e1tico de um grand-touring.<\/p>","protected":false},"excerpt":{"rendered":"<p>Discover a flagship high-performance plug-in hybrid grand tourer engineered to deliver extreme acceleration, extended driving range, and executive-class presence. Designed for drivers who demand supercar-level performance with long-distance efficiency, it offers the following highlights: High-Output Plug-in Hybrid Powertrain:Powered by a 2.0-liter turbocharged inline-4 engine producing 272 hp, seamlessly integrated with a high-performance electric drive system [&hellip;]<\/p>\n","protected":false},"featured_media":814,"comment_status":"open","ping_status":"closed","template":"","meta":[],"product_brand":[],"product_cat":[17],"product_tag":[],"class_list":{"0":"post-807","1":"product","2":"type-product","3":"status-publish","4":"has-post-thumbnail","6":"product_cat-uncategorized","8":"first","9":"instock","10":"shipping-taxable","11":"product-type-simple"},"_links":{"self":[{"href":"https:\/\/bydcarchina.com\/pt\/wp-json\/wp\/v2\/product\/807","targetHints":{"allow":["GET"]}}],"collection":[{"href":"https:\/\/bydcarchina.com\/pt\/wp-json\/wp\/v2\/product"}],"about":[{"href":"https:\/\/bydcarchina.com\/pt\/wp-json\/wp\/v2\/types\/product"}],"replies":[{"embeddable":true,"href":"https:\/\/bydcarchina.com\/pt\/wp-json\/wp\/v2\/comments?post=807"}],"version-history":[{"count":3,"href":"https:\/\/bydcarchina.com\/pt\/wp-json\/wp\/v2\/product\/807\/revisions"}],"predecessor-version":[{"id":1162,"href":"https:\/\/bydcarchina.com\/pt\/wp-json\/wp\/v2\/product\/807\/revisions\/1162"}],"wp:featuredmedia":[{"embeddable":true,"href":"https:\/\/bydcarchina.com\/pt\/wp-json\/wp\/v2\/media\/814"}],"wp:attachment":[{"href":"https:\/\/bydcarchina.com\/pt\/wp-json\/wp\/v2\/media?parent=807"}],"wp:term":[{"taxonomy":"product_brand","embeddable":true,"href":"https:\/\/bydcarchina.com\/pt\/wp-json\/wp\/v2\/product_brand?post=807"},{"taxonomy":"product_cat","embeddable":true,"href":"https:\/\/bydcarchina.com\/pt\/wp-json\/wp\/v2\/product_cat?post=807"},{"taxonomy":"product_tag","embeddable":true,"href":"https:\/\/bydcarchina.com\/pt\/wp-json\/wp\/v2\/product_tag?post=807"}],"curies":[{"name":"wp","href":"https:\/\/api.w.org\/{rel}","templated":true}]}}