{"id":817,"date":"2025-09-13T15:24:47","date_gmt":"2025-09-13T15:24:47","guid":{"rendered":"https:\/\/bydcarchina.com\/?post_type=product&#038;p=817"},"modified":"2025-12-13T09:18:58","modified_gmt":"2025-12-13T09:18:58","slug":"yangwang-u8-edicao-de-luxo","status":"publish","type":"product","link":"https:\/\/bydcarchina.com\/pt\/product\/yangwang-u8-deluxe-edition\/","title":{"rendered":"YangWang U8 Deluxe Edition"},"content":{"rendered":"<p data-start=\"0\" data-end=\"288\">Descobrir um <strong data-start=\"11\" data-end=\"70\">ve\u00edculo el\u00e9trico de gama alargada (EREV) de elevado desempenho<\/strong> concebido para combinar uma condu\u00e7\u00e3o puramente el\u00e9ctrica, flexibilidade de extens\u00e3o de autonomia e capacidade de um SUV de tamanho normal. Concebido para condutores que exigem pot\u00eancia, espa\u00e7o e confian\u00e7a em longas dist\u00e2ncias, oferece os seguintes destaques:<\/p>\n<p data-start=\"290\" data-end=\"578\"><strong data-start=\"290\" data-end=\"329\">Grupo motopropulsor el\u00e9trico de gama alargada:<\/strong><br data-start=\"329\" data-end=\"332\" \/>Equipado com um <strong data-start=\"348\" data-end=\"369\">Bateria de 49,05 kWh<\/strong>, O sistema EREV d\u00e1 prioridade \u00e0 condu\u00e7\u00e3o el\u00e9ctrica, utilizando um extensor de autonomia para eliminar a ansiedade da autonomia. A autonomia de condu\u00e7\u00e3o puramente el\u00e9ctrica atinge <strong data-start=\"509\" data-end=\"542\">at\u00e9 180 km (variante de 124 km)<\/strong>, ideal para uma utiliza\u00e7\u00e3o di\u00e1ria com emiss\u00f5es zero.<\/p>\n<p data-start=\"580\" data-end=\"780\"><strong data-start=\"580\" data-end=\"606\">Desempenho explosivo:<\/strong><br data-start=\"606\" data-end=\"609\" \/>Acelera a partir de <strong data-start=\"626\" data-end=\"660\">0-100 km\/h em apenas 3,6 segundos<\/strong>, que proporciona uma capacidade de resposta ao n\u00edvel de um autom\u00f3vel desportivo. A <strong data-start=\"708\" data-end=\"733\">velocidade m\u00e1xima de 200 km\/h<\/strong> garante um desempenho forte e est\u00e1vel na autoestrada.<\/p>\n<p data-start=\"782\" data-end=\"945\"><strong data-start=\"782\" data-end=\"810\">Capacidade avan\u00e7ada de tra\u00e7\u00e3o \u00e0s quatro rodas:<\/strong><br data-start=\"810\" data-end=\"813\" \/>O <strong data-start=\"817\" data-end=\"843\">tra\u00e7\u00e3o \u00e0s quatro rodas (4WD)<\/strong> proporciona uma excelente tra\u00e7\u00e3o, estabilidade e controlo em diversas condi\u00e7\u00f5es de estrada e de condu\u00e7\u00e3o.<\/p>\n<p data-start=\"947\" data-end=\"1151\"><strong data-start=\"947\" data-end=\"977\">SUV de tamanho normal Propor\u00e7\u00f5es:<\/strong><br data-start=\"977\" data-end=\"980\" \/>Com dimens\u00f5es de <strong data-start=\"999\" data-end=\"1027\">5,259 \u00d7 2,095 \u00d7 2,034 mm<\/strong>, O ve\u00edculo oferece uma presen\u00e7a marcante na estrada, um espa\u00e7o interior amplo e um conforto excecional para passageiros e carga.<\/p>\n<p data-start=\"1153\" data-end=\"1385\" data-is-last-node=\"\" data-is-only-node=\"\">Combina\u00e7\u00e3o <strong data-start=\"1163\" data-end=\"1255\">condu\u00e7\u00e3o el\u00e9ctrica em primeiro lugar, acelera\u00e7\u00e3o extrema, confian\u00e7a na tra\u00e7\u00e3o \u00e0s quatro rodas e praticidade de um SUV grande<\/strong>, Este modelo EREV \u00e9 a solu\u00e7\u00e3o ideal para os utilizadores que procuram um desempenho electrificado sem sacrificar a autonomia, a pot\u00eancia ou a versatilidade.<\/p>","protected":false},"excerpt":{"rendered":"<p>Discover a high-performance extended-range electric vehicle (EREV) engineered to combine pure electric driving, range-extending flexibility, and full-size SUV capability. Designed for drivers who demand power, space, and long-distance confidence, it delivers the following highlights: Extended-Range Electric Powertrain:Equipped with a 49.05 kWh battery, the EREV system prioritizes electric driving while using a range extender to eliminate [&hellip;]<\/p>\n","protected":false},"featured_media":829,"comment_status":"open","ping_status":"closed","template":"","meta":[],"product_brand":[],"product_cat":[17],"product_tag":[],"class_list":{"0":"post-817","1":"product","2":"type-product","3":"status-publish","4":"has-post-thumbnail","6":"product_cat-uncategorized","8":"first","9":"instock","10":"shipping-taxable","11":"product-type-simple"},"_links":{"self":[{"href":"https:\/\/bydcarchina.com\/pt\/wp-json\/wp\/v2\/product\/817","targetHints":{"allow":["GET"]}}],"collection":[{"href":"https:\/\/bydcarchina.com\/pt\/wp-json\/wp\/v2\/product"}],"about":[{"href":"https:\/\/bydcarchina.com\/pt\/wp-json\/wp\/v2\/types\/product"}],"replies":[{"embeddable":true,"href":"https:\/\/bydcarchina.com\/pt\/wp-json\/wp\/v2\/comments?post=817"}],"version-history":[{"count":2,"href":"https:\/\/bydcarchina.com\/pt\/wp-json\/wp\/v2\/product\/817\/revisions"}],"predecessor-version":[{"id":1163,"href":"https:\/\/bydcarchina.com\/pt\/wp-json\/wp\/v2\/product\/817\/revisions\/1163"}],"wp:featuredmedia":[{"embeddable":true,"href":"https:\/\/bydcarchina.com\/pt\/wp-json\/wp\/v2\/media\/829"}],"wp:attachment":[{"href":"https:\/\/bydcarchina.com\/pt\/wp-json\/wp\/v2\/media?parent=817"}],"wp:term":[{"taxonomy":"product_brand","embeddable":true,"href":"https:\/\/bydcarchina.com\/pt\/wp-json\/wp\/v2\/product_brand?post=817"},{"taxonomy":"product_cat","embeddable":true,"href":"https:\/\/bydcarchina.com\/pt\/wp-json\/wp\/v2\/product_cat?post=817"},{"taxonomy":"product_tag","embeddable":true,"href":"https:\/\/bydcarchina.com\/pt\/wp-json\/wp\/v2\/product_tag?post=817"}],"curies":[{"name":"wp","href":"https:\/\/api.w.org\/{rel}","templated":true}]}}