{"id":224,"date":"2025-09-01T22:05:41","date_gmt":"2025-09-01T22:05:41","guid":{"rendered":"https:\/\/bydcarchina.com\/?page_id=224"},"modified":"2025-12-04T20:37:02","modified_gmt":"2025-12-04T20:37:02","slug":"byd-bicak-bataryasi","status":"publish","type":"page","link":"https:\/\/bydcarchina.com\/tr\/byd-blade-battery\/","title":{"rendered":"BYD Blade Ak\u00fc"},"content":{"rendered":"<div data-elementor-type=\"wp-page\" data-elementor-id=\"224\" class=\"elementor elementor-224\" data-elementor-post-type=\"page\">\n\t\t\t\t<div class=\"elementor-element elementor-element-c4f1db9 e-flex e-con-boxed e-con e-parent\" data-id=\"c4f1db9\" data-element_type=\"container\" data-e-type=\"container\" data-settings=\"{&quot;background_background&quot;:&quot;classic&quot;}\">\n\t\t\t\t\t<div class=\"e-con-inner\">\n\t\t\t\t<div class=\"elementor-element elementor-element-f58644b elementor-widget elementor-widget-heading\" data-id=\"f58644b\" data-element_type=\"widget\" data-e-type=\"widget\" data-widget_type=\"heading.default\">\n\t\t\t\t\t<h1 class=\"elementor-heading-title elementor-size-default\">BYD Blade Batarya Teknolojisi<\/h1>\t\t\t\t<\/div>\n\t\t\t\t\t<\/div>\n\t\t\t\t<\/div>\n\t\t<div class=\"elementor-element elementor-element-8314e89 e-flex e-con-boxed e-con e-parent\" data-id=\"8314e89\" data-element_type=\"container\" data-e-type=\"container\">\n\t\t\t\t\t<div class=\"e-con-inner\">\n\t\t<div class=\"elementor-element elementor-element-ffe9b6a e-con-full e-flex e-con e-child\" data-id=\"ffe9b6a\" data-element_type=\"container\" data-e-type=\"container\">\n\t\t<div class=\"elementor-element elementor-element-7c12970 e-con-full e-flex e-con e-child\" data-id=\"7c12970\" data-element_type=\"container\" data-e-type=\"container\">\n\t\t\t\t<div class=\"elementor-element elementor-element-c23edfd elementor-widget elementor-widget-heading\" data-id=\"c23edfd\" data-element_type=\"widget\" data-e-type=\"widget\" data-widget_type=\"heading.default\">\n\t\t\t\t\t<h2 class=\"elementor-heading-title elementor-size-default\">Blade Battery Nedir\uff1f<\/h2>\t\t\t\t<\/div>\n\t\t\t\t<div class=\"elementor-element elementor-element-a42ef17 elementor-icon-list--layout-inline elementor-list-item-link-full_width elementor-widget elementor-widget-icon-list\" data-id=\"a42ef17\" data-element_type=\"widget\" data-e-type=\"widget\" data-widget_type=\"icon-list.default\">\n\t\t\t\t\t\t\t<ul class=\"elementor-icon-list-items elementor-inline-items\">\n\t\t\t\t\t\t\t<li class=\"elementor-icon-list-item elementor-inline-item\">\n\t\t\t\t\t\t\t\t\t\t\t<span class=\"elementor-icon-list-icon\">\n\t\t\t\t\t\t\t<svg aria-hidden=\"true\" class=\"e-font-icon-svg e-fas-check\" viewbox=\"0 0 512 512\" xmlns=\"http:\/\/www.w3.org\/2000\/svg\"><path d=\"M173.898 439.404l-166.4-166.4c-9.997-9.997-9.997-26.206 0-36.204l36.203-36.204c9.997-9.998 26.207-9.998 36.204 0L192 312.69 432.095 72.596c9.997-9.997 26.207-9.997 36.204 0l36.203 36.204c9.997 9.997 9.997 26.206 0 36.204l-294.4 294.401c-9.998 9.997-26.207 9.997-36.204-.001z\"><\/path><\/svg>\t\t\t\t\t\t<\/span>\n\t\t\t\t\t\t\t\t\t\t<span class=\"elementor-icon-list-text\">Geli\u015ftirilmi\u015f g\u00fcvenlik<\/span>\n\t\t\t\t\t\t\t\t\t<\/li>\n\t\t\t\t\t\t\t\t<li class=\"elementor-icon-list-item elementor-inline-item\">\n\t\t\t\t\t\t\t\t\t\t\t<span class=\"elementor-icon-list-icon\">\n\t\t\t\t\t\t\t<svg aria-hidden=\"true\" class=\"e-font-icon-svg e-fas-check\" viewbox=\"0 0 512 512\" xmlns=\"http:\/\/www.w3.org\/2000\/svg\"><path d=\"M173.898 439.404l-166.4-166.4c-9.997-9.997-9.997-26.206 0-36.204l36.203-36.204c9.997-9.998 26.207-9.998 36.204 0L192 312.69 432.095 72.596c9.997-9.997 26.207-9.997 36.204 0l36.203 36.204c9.997 9.997 9.997 26.206 0 36.204l-294.4 294.401c-9.998 9.997-26.207 9.997-36.204-.001z\"><\/path><\/svg>\t\t\t\t\t\t<\/span>\n\t\t\t\t\t\t\t\t\t\t<span class=\"elementor-icon-list-text\"> T\u0131rnak penetrasyon testi<\/span>\n\t\t\t\t\t\t\t\t\t<\/li>\n\t\t\t\t\t\t\t\t<li class=\"elementor-icon-list-item elementor-inline-item\">\n\t\t\t\t\t\t\t\t\t\t\t<span class=\"elementor-icon-list-icon\">\n\t\t\t\t\t\t\t<svg aria-hidden=\"true\" class=\"e-font-icon-svg e-fas-check\" viewbox=\"0 0 512 512\" xmlns=\"http:\/\/www.w3.org\/2000\/svg\"><path d=\"M173.898 439.404l-166.4-166.4c-9.997-9.997-9.997-26.206 0-36.204l36.203-36.204c9.997-9.998 26.207-9.998 36.204 0L192 312.69 432.095 72.596c9.997-9.997 26.207-9.997 36.204 0l36.203 36.204c9.997 9.997 9.997 26.206 0 36.204l-294.4 294.401c-9.998 9.997-26.207 9.997-36.204-.001z\"><\/path><\/svg>\t\t\t\t\t\t<\/span>\n\t\t\t\t\t\t\t\t\t\t<span class=\"elementor-icon-list-text\">Optimize edilmi\u015f g\u00fc\u00e7<\/span>\n\t\t\t\t\t\t\t\t\t<\/li>\n\t\t\t\t\t\t\t\t<li class=\"elementor-icon-list-item elementor-inline-item\">\n\t\t\t\t\t\t\t\t\t\t\t<span class=\"elementor-icon-list-icon\">\n\t\t\t\t\t\t\t<svg aria-hidden=\"true\" class=\"e-font-icon-svg e-fas-check\" viewbox=\"0 0 512 512\" xmlns=\"http:\/\/www.w3.org\/2000\/svg\"><path d=\"M173.898 439.404l-166.4-166.4c-9.997-9.997-9.997-26.206 0-36.204l36.203-36.204c9.997-9.998 26.207-9.998 36.204 0L192 312.69 432.095 72.596c9.997-9.997 26.207-9.997 36.204 0l36.203 36.204c9.997 9.997 9.997 26.206 0 36.204l-294.4 294.401c-9.998 9.997-26.207 9.997-36.204-.001z\"><\/path><\/svg>\t\t\t\t\t\t<\/span>\n\t\t\t\t\t\t\t\t\t\t<span class=\"elementor-icon-list-text\">Daha uzun menzil<\/span>\n\t\t\t\t\t\t\t\t\t<\/li>\n\t\t\t\t\t\t<\/ul>\n\t\t\t\t\t\t<\/div>\n\t\t\t\t<\/div>\n\t\t<div class=\"elementor-element elementor-element-3b253bf e-con-full e-flex e-con e-child\" data-id=\"3b253bf\" data-element_type=\"container\" data-e-type=\"container\">\n\t\t\t\t<div class=\"elementor-element elementor-element-b4ece09 elementor-widget elementor-widget-text-editor\" data-id=\"b4ece09\" data-element_type=\"widget\" data-e-type=\"widget\" data-widget_type=\"text-editor.default\">\n\t\t\t\t\t\t\t\t\t<p class=\"p1\">Batarya end\u00fcstrisindeki 29 y\u0131l\u0131 a\u015fk\u0131n uzmanl\u0131\u011f\u0131yla BYD, elektrikli mobilite alan\u0131nda yeni \u00f6l\u00e7\u00fctler belirlemi\u015ftir. Her BYD elektrikli arac\u0131n \u00f6z\u00fcnde \u00e7\u0131\u011f\u0131r a\u00e7an batarya yatmaktad\u0131r <span class=\"s1\"><b>B\u0131\u00e7ak Ak\u00fc<\/b><\/span>. D\u00fcnya \u00e7ap\u0131nda en g\u00fcvenli elektrikli ara\u00e7 ak\u00fclerinden biri olarak kabul edilen Blade Battery, sekt\u00f6r\u00fcn en s\u0131k\u0131 g\u00fcvenlik testlerinden ba\u015far\u0131yla ge\u00e7mi\u015ftir. Ola\u011fan\u00fcst\u00fc dayan\u0131kl\u0131l\u0131k, daha uzun s\u00fcr\u00fc\u015f menzili ve daha uzun kullan\u0131m \u00f6mr\u00fc sunacak \u015fekilde tasarlanm\u0131\u015ft\u0131r ve her yolculukta hem g\u00fcvenlik hem de performans sa\u011flar.<\/p>\t\t\t\t\t\t\t\t<\/div>\n\t\t\t\t<\/div>\n\t\t\t\t<\/div>\n\t\t<div class=\"elementor-element elementor-element-637d803 e-con-full e-flex e-con e-child\" data-id=\"637d803\" data-element_type=\"container\" data-e-type=\"container\" data-settings=\"{&quot;background_background&quot;:&quot;classic&quot;}\">\n\t\t\t\t<div class=\"elementor-element elementor-element-0e2c74c elementor-widget elementor-widget-spacer\" data-id=\"0e2c74c\" data-element_type=\"widget\" data-e-type=\"widget\" data-widget_type=\"spacer.default\">\n\t\t\t\t\t\t\t<div class=\"elementor-spacer\">\n\t\t\t<div class=\"elementor-spacer-inner\"><\/div>\n\t\t<\/div>\n\t\t\t\t\t\t<\/div>\n\t\t\t\t<\/div>\n\t\t\t\t\t<\/div>\n\t\t\t\t<\/div>\n\t\t<div class=\"elementor-element elementor-element-6229426 e-flex e-con-boxed e-con e-parent\" data-id=\"6229426\" data-element_type=\"container\" data-e-type=\"container\">\n\t\t\t\t\t<div class=\"e-con-inner\">\n\t\t<div class=\"elementor-element elementor-element-1dbf617 e-con-full e-flex e-con e-child\" data-id=\"1dbf617\" data-element_type=\"container\" data-e-type=\"container\">\n\t\t\t\t<div class=\"elementor-element elementor-element-587479e elementor-widget elementor-widget-heading\" data-id=\"587479e\" data-element_type=\"widget\" data-e-type=\"widget\" data-widget_type=\"heading.default\">\n\t\t\t\t\t<h3 class=\"elementor-heading-title elementor-size-default\">01 Geli\u015ftirilmi\u015f g\u00fcvenlik<\/h3>\t\t\t\t<\/div>\n\t\t\t\t<div class=\"elementor-element elementor-element-fb4a5b0 elementor-widget__width-initial elementor-widget elementor-widget-text-editor\" data-id=\"fb4a5b0\" data-element_type=\"widget\" data-e-type=\"widget\" data-widget_type=\"text-editor.default\">\n\t\t\t\t\t\t\t\t\t<div class=\"txt-desc\">Hammadde olan lityum demir fosfat bir dizi faydal\u0131 \u00f6zelli\u011fe sahiptir: yava\u015f \u0131s\u0131 \u00fcretimi, d\u00fc\u015f\u00fck \u0131s\u0131 sal\u0131n\u0131m\u0131 ve oksijen sal\u0131n\u0131m\u0131 olmamas\u0131. Benzersiz d\u00fcz dikd\u00f6rtgen \u015fekli de so\u011futma verimlili\u011fini ve \u00f6n \u0131s\u0131tma performans\u0131n\u0131 art\u0131r\u0131r. Blade Battery, ate\u015f veya duman yaymadan \u00e7ivi penetrasyon testini g\u00fcvenle ge\u00e7mi\u015ftir.<\/div>\t\t\t\t\t\t\t\t<\/div>\n\t\t\t\t<div class=\"elementor-element elementor-element-bb3d61a elementor-widget elementor-widget-image\" data-id=\"bb3d61a\" data-element_type=\"widget\" data-e-type=\"widget\" data-widget_type=\"image.default\">\n\t\t\t\t\t\t\t\t\t\t\t\t\t\t\t<img fetchpriority=\"high\" decoding=\"async\" width=\"800\" height=\"281\" src=\"https:\/\/bydcarchina.com\/wp-content\/uploads\/2025\/09\/enhanced-security-1024x360.webp\" class=\"attachment-large size-large wp-image-229\" alt=\"\" srcset=\"https:\/\/bydcarchina.com\/wp-content\/uploads\/2025\/09\/enhanced-security-1024x360.webp 1024w, https:\/\/bydcarchina.com\/wp-content\/uploads\/2025\/09\/enhanced-security-300x106.webp 300w, https:\/\/bydcarchina.com\/wp-content\/uploads\/2025\/09\/enhanced-security-768x270.webp 768w, https:\/\/bydcarchina.com\/wp-content\/uploads\/2025\/09\/enhanced-security-600x211.webp 600w, https:\/\/bydcarchina.com\/wp-content\/uploads\/2025\/09\/enhanced-security.webp 1120w\" sizes=\"(max-width: 800px) 100vw, 800px\" \/>\t\t\t\t\t\t\t\t\t\t\t\t\t\t\t<\/div>\n\t\t\t\t<\/div>\n\t\t<div class=\"elementor-element elementor-element-6bacea0 e-con-full e-flex e-con e-child\" data-id=\"6bacea0\" data-element_type=\"container\" data-e-type=\"container\">\n\t\t\t\t<div class=\"elementor-element elementor-element-4d1372b elementor-widget elementor-widget-heading\" data-id=\"4d1372b\" data-element_type=\"widget\" data-e-type=\"widget\" data-widget_type=\"heading.default\">\n\t\t\t\t\t<h3 class=\"elementor-heading-title elementor-size-default\">02 Optimize edilmi\u015f g\u00fc\u00e7<\/h3>\t\t\t\t<\/div>\n\t\t\t\t<div class=\"elementor-element elementor-element-bc45e53 elementor-widget__width-initial elementor-widget elementor-widget-text-editor\" data-id=\"bc45e53\" data-element_type=\"widget\" data-e-type=\"widget\" data-widget_type=\"text-editor.default\">\n\t\t\t\t\t\t\t\t\t<div class=\"txt-desc\"><p class=\"p1\">Her bir paket i\u00e7inde, h\u00fccreler bir dizi halinde d\u00fczenlenmi\u015ftir; burada her bir h\u00fccre <span class=\"s1\"><b>yap\u0131sal kiri\u015f<\/b><\/span>, d\u0131\u015f kuvvetleri ta\u015f\u0131maya yard\u0131mc\u0131 olur. Bu tasar\u0131m, bir <span class=\"s1\"><b>al\u00fcminyum petek benzeri yap\u0131<\/b><\/span>, paketin hem \u00fcst hem de alt taraflar\u0131nda y\u00fcksek mukavemetli panellerle g\u00fc\u00e7lendirilmi\u015ftir. Bu yenilik\u00e7i konfig\u00fcrasyon \u00f6nemli \u00f6l\u00e7\u00fcde iyile\u015ftirir <span class=\"s1\"><b>dikey sertlik<\/b><\/span> ve genel dayan\u0131kl\u0131l\u0131k. \u0130\u015fte bu <span class=\"s1\"><b>devrim niteli\u011finde yap\u0131sal tasar\u0131m<\/b><\/span> Blade Battery'ye optimize edilmi\u015f mukavemet ve ola\u011fan\u00fcst\u00fc g\u00fcvenlik performans\u0131 sa\u011flar.<\/p><\/div>\t\t\t\t\t\t\t\t<\/div>\n\t\t\t\t<div class=\"elementor-element elementor-element-cee8e5c elementor-widget elementor-widget-image\" data-id=\"cee8e5c\" data-element_type=\"widget\" data-e-type=\"widget\" data-widget_type=\"image.default\">\n\t\t\t\t\t\t\t\t\t\t\t\t\t\t\t<img decoding=\"async\" width=\"800\" height=\"281\" src=\"https:\/\/bydcarchina.com\/wp-content\/uploads\/2025\/09\/11-1024x360.png\" class=\"attachment-large size-large wp-image-231\" alt=\"\" srcset=\"https:\/\/bydcarchina.com\/wp-content\/uploads\/2025\/09\/11-1024x360.png 1024w, https:\/\/bydcarchina.com\/wp-content\/uploads\/2025\/09\/11-300x106.png 300w, https:\/\/bydcarchina.com\/wp-content\/uploads\/2025\/09\/11-768x270.png 768w, https:\/\/bydcarchina.com\/wp-content\/uploads\/2025\/09\/11-600x211.png 600w, https:\/\/bydcarchina.com\/wp-content\/uploads\/2025\/09\/11.png 1120w\" sizes=\"(max-width: 800px) 100vw, 800px\" \/>\t\t\t\t\t\t\t\t\t\t\t\t\t\t\t<\/div>\n\t\t\t\t<\/div>\n\t\t\t\t\t<\/div>\n\t\t\t\t<\/div>\n\t\t<div class=\"elementor-element elementor-element-9afe35a e-flex e-con-boxed e-con e-parent\" data-id=\"9afe35a\" data-element_type=\"container\" data-e-type=\"container\">\n\t\t\t\t\t<div class=\"e-con-inner\">\n\t\t<div class=\"elementor-element elementor-element-f1cd763 e-con-full e-flex e-con e-child\" data-id=\"f1cd763\" data-element_type=\"container\" data-e-type=\"container\">\n\t\t\t\t<div class=\"elementor-element elementor-element-a6851a2 elementor-widget elementor-widget-heading\" data-id=\"a6851a2\" data-element_type=\"widget\" data-e-type=\"widget\" data-widget_type=\"heading.default\">\n\t\t\t\t\t<h3 class=\"elementor-heading-title elementor-size-default\">T\u0131rnak penetrasyon testi<\/h3>\t\t\t\t<\/div>\n\t\t\t\t<div class=\"elementor-element elementor-element-9e66499 elementor-widget__width-initial elementor-widget elementor-widget-text-editor\" data-id=\"9e66499\" data-element_type=\"widget\" data-e-type=\"widget\" data-widget_type=\"text-editor.default\">\n\t\t\t\t\t\t\t\t\t<div class=\"txt-desc\"><p class=\"p1\">Bu <span class=\"s1\"><b>\u00e7ivi penetrasyon testi<\/b><\/span> bir ak\u00fcn\u00fcn termal ka\u00e7aklara kar\u015f\u0131 direncini de\u011ferlendirmek i\u00e7in en zorlu y\u00f6ntemlerden biri olarak kabul edilmektedir. \u015eiddetli bir trafik kazas\u0131 s\u0131ras\u0131nda keskin metal nesnelerin ak\u00fcy\u00fc delmesi durumunda ortaya \u00e7\u0131kabilecek bir durum olan dahili k\u0131sa devreyi taklit etmek \u00fczere tasarlanm\u0131\u015ft\u0131r. BYD <span class=\"s1\"><b>B\u0131\u00e7ak Ak\u00fc<\/b><\/span> bu testi ba\u015far\u0131yla ge\u00e7mi\u015ftir - duman veya yang\u0131n g\u00f6r\u00fclmemi\u015ftir. Dikkat \u00e7ekici bir \u015fekilde, y\u00fczey s\u0131cakl\u0131\u011f\u0131 sadece <span class=\"s1\"><b>30\u00b0C ve 60\u00b0C<\/b><\/span>, \u00dcst\u00fcn g\u00fcvenlik performans\u0131 sergileyen.<\/p><\/div>\t\t\t\t\t\t\t\t<\/div>\n\t\t\t\t<\/div>\n\t\t<div class=\"elementor-element elementor-element-389cbc0 e-con-full e-flex e-con e-child\" data-id=\"389cbc0\" data-element_type=\"container\" data-e-type=\"container\">\n\t\t\t\t<div class=\"elementor-element elementor-element-da5cf37 elementor-widget elementor-widget-video\" data-id=\"da5cf37\" data-element_type=\"widget\" data-e-type=\"widget\" data-settings=\"{&quot;youtube_url&quot;:&quot;https:\\\/\\\/youtu.be\\\/kM2ewJniLcs?si=GG3c14gSXhKhINA2&quot;,&quot;autoplay&quot;:&quot;yes&quot;,&quot;play_on_mobile&quot;:&quot;yes&quot;,&quot;video_type&quot;:&quot;youtube&quot;,&quot;controls&quot;:&quot;yes&quot;}\" data-widget_type=\"video.default\">\n\t\t\t\t\t\t\t<div class=\"elementor-wrapper elementor-open-inline\">\n\t\t\t<div class=\"elementor-video\"><\/div>\t\t<\/div>\n\t\t\t\t\t\t<\/div>\n\t\t\t\t<\/div>\n\t\t\t\t\t<\/div>\n\t\t\t\t<\/div>\n\t\t<div class=\"elementor-element elementor-element-a3486f9 e-flex e-con-boxed e-con e-parent\" data-id=\"a3486f9\" data-element_type=\"container\" data-e-type=\"container\">\n\t\t\t\t\t<div class=\"e-con-inner\">\n\t\t<div class=\"elementor-element elementor-element-30654d7 e-con-full e-flex e-con e-child\" data-id=\"30654d7\" data-element_type=\"container\" data-e-type=\"container\">\n\t\t\t\t<div class=\"elementor-element elementor-element-5ca87f8 elementor-widget elementor-widget-heading\" data-id=\"5ca87f8\" data-element_type=\"widget\" data-e-type=\"widget\" data-widget_type=\"heading.default\">\n\t\t\t\t\t<h3 class=\"elementor-heading-title elementor-size-default\">03 Daha uzun menzil <\/h3>\t\t\t\t<\/div>\n\t\t\t\t<div class=\"elementor-element elementor-element-89f3d32 elementor-widget__width-initial elementor-widget elementor-widget-text-editor\" data-id=\"89f3d32\" data-element_type=\"widget\" data-e-type=\"widget\" data-widget_type=\"text-editor.default\">\n\t\t\t\t\t\t\t\t\t<div class=\"txt-desc\"><p class=\"p1\">Bu <span class=\"s1\"><b>B\u0131\u00e7ak Ak\u00fc<\/b><\/span> daha fazlas\u0131n\u0131 ba\u015far\u0131r <span class=\"s1\"><b>50% alan kullan\u0131m\u0131nda iyile\u015ftirme<\/b><\/span> geleneksel batarya paketlerine k\u0131yasla. Bu ilerleme sadece \u00f6nemli \u00f6l\u00e7\u00fcde daha y\u00fcksek <span class=\"s1\"><b>enerji yo\u011funlu\u011fu<\/b><\/span>, ama ayn\u0131 zamanda bir <span class=\"s1\"><b>daha uzun s\u00fcr\u00fc\u015f menzili<\/b><\/span>, Bu da s\u00fcr\u00fcc\u00fclere her yolculukta daha fazla verimlilik ve g\u00fcven sa\u011flar.<\/p><\/div>\t\t\t\t\t\t\t\t<\/div>\n\t\t\t\t<\/div>\n\t\t<div class=\"elementor-element elementor-element-788491d e-con-full e-flex e-con e-child\" data-id=\"788491d\" data-element_type=\"container\" data-e-type=\"container\">\n\t\t\t\t<div class=\"elementor-element elementor-element-289fc39 elementor-widget elementor-widget-image\" data-id=\"289fc39\" data-element_type=\"widget\" data-e-type=\"widget\" data-widget_type=\"image.default\">\n\t\t\t\t\t\t\t\t\t\t\t\t\t\t\t<img decoding=\"async\" width=\"800\" height=\"281\" src=\"https:\/\/bydcarchina.com\/wp-content\/uploads\/2025\/09\/Space-Utilisation-Energy-Density-1024x360.webp\" class=\"attachment-large size-large wp-image-232\" alt=\"Alan Kullan\u0131m\u0131 ve Enerji Yo\u011funlu\u011fu\" srcset=\"https:\/\/bydcarchina.com\/wp-content\/uploads\/2025\/09\/Space-Utilisation-Energy-Density-1024x360.webp 1024w, https:\/\/bydcarchina.com\/wp-content\/uploads\/2025\/09\/Space-Utilisation-Energy-Density-300x106.webp 300w, https:\/\/bydcarchina.com\/wp-content\/uploads\/2025\/09\/Space-Utilisation-Energy-Density-768x270.webp 768w, https:\/\/bydcarchina.com\/wp-content\/uploads\/2025\/09\/Space-Utilisation-Energy-Density-600x211.webp 600w, https:\/\/bydcarchina.com\/wp-content\/uploads\/2025\/09\/Space-Utilisation-Energy-Density.webp 1120w\" sizes=\"(max-width: 800px) 100vw, 800px\" \/>\t\t\t\t\t\t\t\t\t\t\t\t\t\t\t<\/div>\n\t\t\t\t<\/div>\n\t\t\t\t\t<\/div>\n\t\t\t\t<\/div>\n\t\t<div class=\"elementor-element elementor-element-afec4e8 e-flex e-con-boxed e-con e-parent\" data-id=\"afec4e8\" data-element_type=\"container\" data-e-type=\"container\">\n\t\t\t\t\t<div class=\"e-con-inner\">\n\t\t<div class=\"elementor-element elementor-element-759fd8c e-con-full e-flex e-con e-child\" data-id=\"759fd8c\" data-element_type=\"container\" data-e-type=\"container\">\n\t\t\t\t<div class=\"elementor-element elementor-element-6860316 elementor-widget elementor-widget-heading\" data-id=\"6860316\" data-element_type=\"widget\" data-e-type=\"widget\" data-widget_type=\"heading.default\">\n\t\t\t\t\t<h3 class=\"elementor-heading-title elementor-size-default\">04 Daha uzun ya\u015fam d\u00f6ng\u00fcs\u00fc <\/h3>\t\t\t\t<\/div>\n\t\t\t\t<div class=\"elementor-element elementor-element-639c4af elementor-widget__width-initial elementor-widget elementor-widget-text-editor\" data-id=\"639c4af\" data-element_type=\"widget\" data-e-type=\"widget\" data-widget_type=\"text-editor.default\">\n\t\t\t\t\t\t\t\t\t<div class=\"txt-desc\"><p class=\"p1\">Bu <span class=\"s1\"><b>B\u0131\u00e7ak Ak\u00fc<\/b><\/span> ola\u011fan\u00fcst\u00fc uzun bir hizmet \u00f6mr\u00fc sunar, a\u015fa\u011f\u0131dakilere dayanabilir <span class=\"s1\"><b>5.000'den fazla \u015farj ve de\u015farj d\u00f6ng\u00fcs\u00fc<\/b><\/span>. Bu ola\u011fan\u00fcst\u00fc dayan\u0131kl\u0131l\u0131k, g\u00fcvenilir performans sa\u011flar ve ak\u00fcn\u00fcn kullan\u0131m \u00f6mr\u00fcn\u00fc uzatarak hem s\u00fcr\u00fcc\u00fcler hem de filo operat\u00f6rleri i\u00e7in kal\u0131c\u0131 de\u011fer sa\u011flar.<\/p><\/div>\t\t\t\t\t\t\t\t<\/div>\n\t\t\t\t<\/div>\n\t\t<div class=\"elementor-element elementor-element-86c24f1 e-con-full e-flex e-con e-child\" data-id=\"86c24f1\" data-element_type=\"container\" data-e-type=\"container\">\n\t\t\t\t<div class=\"elementor-element elementor-element-ce38b85 elementor-widget elementor-widget-image\" data-id=\"ce38b85\" data-element_type=\"widget\" data-e-type=\"widget\" data-widget_type=\"image.default\">\n\t\t\t\t\t\t\t\t\t\t\t\t\t\t\t<img decoding=\"async\" src=\"https:\/\/www.byd.com\/content\/dam\/byd-site\/eu\/technology\/Blade-battery-range-1120.png\" title=\"\" alt=\"\" loading=\"lazy\" \/>\t\t\t\t\t\t\t\t\t\t\t\t\t\t\t<\/div>\n\t\t\t\t<\/div>\n\t\t\t\t\t<\/div>\n\t\t\t\t<\/div>\n\t\t\t\t<\/div>","protected":false},"excerpt":{"rendered":"<p>BYD Blade Battery Technology What Is Blade Battery\uff1f Enhanced safety Nail penetration test Optimised strength Longer range With over 29 years of expertise in the battery industry, BYD has set new benchmarks in electric mobility. At the core of every BYD electric vehicle lies the groundbreaking Blade Battery. Globally recognised as one of the safest [&hellip;]<\/p>\n","protected":false},"author":1,"featured_media":0,"parent":0,"menu_order":0,"comment_status":"closed","ping_status":"closed","template":"","meta":{"footnotes":""},"class_list":["post-224","page","type-page","status-publish","hentry"],"_links":{"self":[{"href":"https:\/\/bydcarchina.com\/tr\/wp-json\/wp\/v2\/pages\/224","targetHints":{"allow":["GET"]}}],"collection":[{"href":"https:\/\/bydcarchina.com\/tr\/wp-json\/wp\/v2\/pages"}],"about":[{"href":"https:\/\/bydcarchina.com\/tr\/wp-json\/wp\/v2\/types\/page"}],"author":[{"embeddable":true,"href":"https:\/\/bydcarchina.com\/tr\/wp-json\/wp\/v2\/users\/1"}],"replies":[{"embeddable":true,"href":"https:\/\/bydcarchina.com\/tr\/wp-json\/wp\/v2\/comments?post=224"}],"version-history":[{"count":7,"href":"https:\/\/bydcarchina.com\/tr\/wp-json\/wp\/v2\/pages\/224\/revisions"}],"predecessor-version":[{"id":306,"href":"https:\/\/bydcarchina.com\/tr\/wp-json\/wp\/v2\/pages\/224\/revisions\/306"}],"wp:attachment":[{"href":"https:\/\/bydcarchina.com\/tr\/wp-json\/wp\/v2\/media?parent=224"}],"curies":[{"name":"wp","href":"https:\/\/api.w.org\/{rel}","templated":true}]}}