{"id":925,"date":"2025-12-02T15:51:57","date_gmt":"2025-12-02T15:51:57","guid":{"rendered":"https:\/\/bydcarchina.com\/?page_id=925"},"modified":"2025-12-04T20:41:59","modified_gmt":"2025-12-04T20:41:59","slug":"term-of-use","status":"publish","type":"page","link":"https:\/\/bydcarchina.com\/tr\/term-of-use\/","title":{"rendered":"Kullan\u0131m Ko\u015fullar\u0131"},"content":{"rendered":"<p><strong>Son G\u00fcncelleme 2025\/12\/01<\/strong><\/p>\n\n\n\n<p>Resmi web sitesine ho\u015f geldiniz <strong>Wuxi BiYueDa Ara\u00e7 \u0130hracat A.\u015e., Ltd.<\/strong> (\u201c<strong>Wuxi BiYueDa<\/strong>\u201d, \u201c<strong>Biz<\/strong>\u201d, \u201c<strong>bizim<\/strong>\u201d, veya \u201c<strong>Biz<\/strong>\u201d). Bu web sitesine eri\u015ferek veya bu web sitesini kullanarak ( \u201c<strong>Site<\/strong>\u201d), a\u015fa\u011f\u0131daki Kullan\u0131m Ko\u015fullar\u0131na tabi olmay\u0131 kabul edersiniz. Bu \u015fartlar\u0131 kabul etmiyorsan\u0131z, l\u00fctfen Siteyi kullanmaktan ka\u00e7\u0131n\u0131n.<\/p>\n\n\n\n<p>Bu Ko\u015fullar, t\u00fcm ziyaret\u00e7iler, kullan\u0131c\u0131lar ve Siteye bilgi, sorgulama veya i\u015f amac\u0131yla eri\u015fen herhangi bir taraf i\u00e7in ge\u00e7erlidir.<\/p>\n\n\n\n<hr class=\"wp-block-separator has-alpha-channel-opacity\"\/>\n\n\n\n<h1 class=\"wp-block-heading\"><strong>1. \u015eartlar\u0131n Kabul Edilmesi<\/strong><\/h1>\n\n\n\n<p>Bu Siteyi kullanarak, Gizlilik Politikam\u0131zla birlikte bu Kullan\u0131m Ko\u015fullar\u0131n\u0131 okudu\u011funuzu, anlad\u0131\u011f\u0131n\u0131z\u0131 ve bunlara uymay\u0131 kabul etti\u011finizi onaylam\u0131\u015f olursunuz.<\/p>\n\n\n\n<p>Bu Ko\u015fullar\u0131 diledi\u011fimiz zaman de\u011fi\u015ftirme, g\u00fcncelleme veya yerine yenisini koyma hakk\u0131m\u0131z sakl\u0131d\u0131r. Sitenin kullan\u0131lmaya devam edilmesi, de\u011fi\u015fikliklerin kabul edildi\u011fi anlam\u0131na gelir.<\/p>\n\n\n\n<hr class=\"wp-block-separator has-alpha-channel-opacity\"\/>\n\n\n\n<h1 class=\"wp-block-heading\"><strong>2. Web Sitesi \u0130\u00e7eri\u011fi ve Do\u011frulu\u011fu<\/strong><\/h1>\n\n\n\n<p>\u00dcr\u00fcn \u00f6zellikleri, ara\u00e7 fiyatlar\u0131, ihracat detaylar\u0131, resimler ve a\u00e7\u0131klamalar dahil ancak bunlarla s\u0131n\u0131rl\u0131 olmamak \u00fczere bu Sitede sunulan t\u00fcm bilgiler <strong>sadece genel bi\u0307lgi\u0307lendi\u0307rme ama\u00e7lidir<\/strong>.<\/p>\n\n\n\n<p>Do\u011fruluk i\u00e7in \u00e7aba g\u00f6stermemize ra\u011fmen, Site zaman zaman a\u015fa\u011f\u0131dakileri i\u00e7erebilir:<\/p>\n\n\n\n<ul class=\"wp-block-list\">\n<li>Yaz\u0131m hatalar\u0131<\/li>\n\n\n\n<li>Yanl\u0131\u015f model detaylar\u0131<\/li>\n\n\n\n<li>G\u00fcncel olmayan bilgiler<\/li>\n\n\n\n<li>\u0130hra\u00e7 edilen ara\u00e7lar ile yerel pazar modelleri aras\u0131ndaki farkl\u0131l\u0131klar<\/li>\n<\/ul>\n\n\n\n<p>Wuxi BiYueDa \u00f6nceden haber vermeksizin istedi\u011fi zaman i\u00e7eri\u011fi d\u00fczeltme veya g\u00fcncelleme hakk\u0131n\u0131 sakl\u0131 tutar.<\/p>\n\n\n\n<hr class=\"wp-block-separator has-alpha-channel-opacity\"\/>\n\n\n\n<h1 class=\"wp-block-heading\"><strong>3. Ba\u011flay\u0131c\u0131 Teklif veya S\u00f6zle\u015fme Yok<\/strong><\/h1>\n\n\n\n<p>Sitede yer alan \u00fcr\u00fcn listeleri, ara\u00e7 \u00f6zellikleri veya fiyatland\u0131rma gibi her t\u00fcrl\u00fc bilgi veya i\u00e7erik<strong>ba\u011flay\u0131c\u0131 bir teklif, fiyat teklifi veya s\u00f6zle\u015fme te\u015fkil etmez<\/strong>.<\/p>\n\n\n\n<p>Bir s\u00f6zle\u015fme yaln\u0131zca \u015fu durumlarda olu\u015fur:<\/p>\n\n\n\n<ol start=\"1\" class=\"wp-block-list\">\n<li>Resmi bir soru\u015fturma g\u00f6nderirsiniz,<\/li>\n\n\n\n<li>Resmi bir yaz\u0131l\u0131 fiyat teklifi sunuyoruz ve<\/li>\n\n\n\n<li>Her iki taraf da Sat\u0131\u015f S\u00f6zle\u015fmesini veya Sat\u0131n Alma S\u00f6zle\u015fmesini imzalar ve onaylar.<\/li>\n<\/ol>\n\n\n\n<p>Bu Sitedeki bilgilendirici i\u00e7erik, ara\u00e7 mevcudiyeti, fiyatland\u0131rma veya teslimat s\u00fcrelerinin garantisi olarak yorumlanmamal\u0131d\u0131r.<\/p>\n\n\n\n<hr class=\"wp-block-separator has-alpha-channel-opacity\"\/>\n\n\n\n<h1 class=\"wp-block-heading\"><strong>4. Web Sitesinin Kullan\u0131m\u0131<\/strong><\/h1>\n\n\n\n<p>Kabul ediyorsunuz <strong>de\u011fil<\/strong> Siteyi kullanmak i\u00e7in:<\/p>\n\n\n\n<ul class=\"wp-block-list\">\n<li>Yasad\u0131\u015f\u0131 veya yetkisiz ama\u00e7lar<\/li>\n\n\n\n<li>Sistemlere veya verilere yetkisiz eri\u015fim sa\u011flamaya \u00e7al\u0131\u015fmak<\/li>\n\n\n\n<li>Yaz\u0131l\u0131 izin olmadan ticari kullan\u0131m i\u00e7in web sitesi i\u00e7eri\u011finin kopyalanmas\u0131, kaz\u0131nmas\u0131 veya \u00e7\u0131kar\u0131lmas\u0131<\/li>\n\n\n\n<li>K\u00f6t\u00fc ama\u00e7l\u0131 yaz\u0131l\u0131m veya k\u00f6t\u00fc ama\u00e7l\u0131 komut dosyalar\u0131 dahil olmak \u00fczere zararl\u0131 materyal y\u00fckleme<\/li>\n<\/ul>\n\n\n\n<p>Herhangi bir k\u00f6t\u00fcye kullan\u0131m, eri\u015fimin ask\u0131ya al\u0131nmas\u0131na ve olas\u0131 yasal i\u015flemlere neden olabilir.<\/p>\n\n\n\n<hr class=\"wp-block-separator has-alpha-channel-opacity\"\/>\n\n\n\n<h1 class=\"wp-block-heading\"><strong>5. Fikri M\u00fclkiyet Haklar\u0131<\/strong><\/h1>\n\n\n\n<p>Bu Sitedeki t\u00fcm ticari markalar, logolar, metinler, resimler, grafikler, \u00fcr\u00fcn a\u00e7\u0131klamalar\u0131 ve web sitesi tasar\u0131m \u00f6\u011feleri a\u015fa\u011f\u0131dakilerin m\u00fclkiyetindedir <strong>Wuxi BiYueDa<\/strong> veya i\u00e7erik ortaklar\u0131m\u0131z ve <strong>uluslararas\u0131 telif hakk\u0131 ve ticari marka yasalar\u0131 taraf\u0131ndan korunmaktad\u0131r<\/strong>.<\/p>\n\n\n\n<p>Olmayabilir:<\/p>\n\n\n\n<ul class=\"wp-block-list\">\n<li>Herhangi bir i\u00e7eri\u011fi kopyalamak veya \u00e7o\u011faltmak<\/li>\n\n\n\n<li>Materyalleri de\u011fi\u015ftirme veya yeniden yay\u0131nlama<\/li>\n\n\n\n<li>\u00d6nceden yaz\u0131l\u0131 iznimiz olmadan herhangi bir i\u00e7eri\u011fi ticari ama\u00e7larla kullanmak<\/li>\n<\/ul>\n\n\n\n<p>\u0130zinsiz kullan\u0131m hak ihlali te\u015fkil edebilir ve yasal sorumluluk do\u011furabilir.<\/p>\n\n\n\n<hr class=\"wp-block-separator has-alpha-channel-opacity\"\/>\n\n\n\n<h1 class=\"wp-block-heading\"><strong>6. \u00dc\u00e7\u00fcnc\u00fc Taraf Ba\u011flant\u0131lar\u0131<\/strong><\/h1>\n\n\n\n<p>Site, kolayl\u0131k veya referans amac\u0131yla harici web sitelerine ba\u011flant\u0131lar i\u00e7erebilir.<\/p>\n\n\n\n<p>Wuxi BiYueDa <strong>sorumlu de\u011fil<\/strong> i\u00e7in:<\/p>\n\n\n\n<ul class=\"wp-block-list\">\n<li>Harici sayfalar\u0131n i\u00e7eri\u011fi<\/li>\n\n\n\n<li>\u00dc\u00e7\u00fcnc\u00fc taraf bilgilerinin do\u011frulu\u011fu veya yasall\u0131\u011f\u0131<\/li>\n\n\n\n<li>\u00dc\u00e7\u00fcnc\u00fc taraf sitelerine eri\u015fimden kaynaklanan her t\u00fcrl\u00fc zarar<\/li>\n<\/ul>\n\n\n\n<p>\u00dc\u00e7\u00fcnc\u00fc taraf sayfalar\u0131n\u0131 ziyaret etme riski size aittir.<\/p>\n\n\n\n<hr class=\"wp-block-separator has-alpha-channel-opacity\"\/>\n\n\n\n<h1 class=\"wp-block-heading\"><strong>7. Garantilerin Reddi<\/strong><\/h1>\n\n\n\n<p>Site ve i\u00e7eri\u011fi a\u015fa\u011f\u0131dakiler i\u00e7in sa\u011flanm\u0131\u015ft\u0131r <strong>\u201coldu\u011fu gibi\u201d ve \u201cmevcut oldu\u011fu gibi\u201d<\/strong> herhangi bir garanti olmaks\u0131z\u0131n.<\/p>\n\n\n\n<p>Garanti vermiyoruz:<\/p>\n\n\n\n<ul class=\"wp-block-list\">\n<li>Kesintisiz veya hatas\u0131z web sitesi \u00e7al\u0131\u015fmas\u0131<\/li>\n\n\n\n<li>Bilgilerin do\u011frulu\u011fu veya eksiksizli\u011fi<\/li>\n\n\n\n<li>Ara\u00e7 \u00f6zelliklerinin herhangi bir \u00f6zel pazar veya d\u00fczenleyici ortam i\u00e7in uygunlu\u011fu<\/li>\n<\/ul>\n\n\n\n<p>Sa\u011flanan bilgilerin de\u011ferlendirilmesinde t\u00fcm sorumluluk size aittir.<\/p>\n\n\n\n<hr class=\"wp-block-separator has-alpha-channel-opacity\"\/>\n\n\n\n<h1 class=\"wp-block-heading\"><strong>8. Sorumlulu\u011fun S\u0131n\u0131rland\u0131r\u0131lmas\u0131<\/strong><\/h1>\n\n\n\n<p>Y\u00fcr\u00fcrl\u00fckteki yasalar\u0131n izin verdi\u011fi azami \u00f6l\u00e7\u00fcde, Wuxi BiYueDa herhangi bir sorumluluk kabul etmeyecektir:<\/p>\n\n\n\n<ul class=\"wp-block-list\">\n<li>Do\u011frudan, dolayl\u0131, ar\u0131zi, sonu\u00e7 olarak ortaya \u00e7\u0131kan veya cezai zararlar<\/li>\n\n\n\n<li>K\u00e2r, gelir veya i\u015f f\u0131rsatlar\u0131n\u0131n kayb\u0131<\/li>\n\n\n\n<li>Web sitesi i\u00e7eri\u011findeki hatalar veya eksiklikler<\/li>\n\n\n\n<li>Sahaya eri\u015fimde gecikmeler veya kesintiler<\/li>\n<\/ul>\n\n\n\n<p>Site ile ilgili memnuniyetsizli\u011finiz i\u00e7in tek \u00e7\u00f6z\u00fcm yolunuz Siteyi kullanmay\u0131 b\u0131rakmakt\u0131r.<\/p>\n\n\n\n<hr class=\"wp-block-separator has-alpha-channel-opacity\"\/>\n\n\n\n<h1 class=\"wp-block-heading\"><strong>9. Kullan\u0131c\u0131 G\u00f6nderimleri ve Sorgular\u0131<\/strong><\/h1>\n\n\n\n<p>Bir talep g\u00f6ndererek veya ileti\u015fim bilgilerinizi vererek, takip ileti\u015fimi, fiyat teklifleri veya hizmetle ilgili konular i\u00e7in Wuxi BiYueDa taraf\u0131ndan sizinle ileti\u015fime ge\u00e7ilmesine izin vermi\u015f olursunuz.<\/p>\n\n\n\n<p>Yaz\u0131l\u0131 bir anla\u015fma olmad\u0131\u011f\u0131 s\u00fcrece Site arac\u0131l\u0131\u011f\u0131yla gizli veya tescilli g\u00f6nderimleri kabul etmiyoruz.<\/p>\n\n\n\n<hr class=\"wp-block-separator has-alpha-channel-opacity\"\/>\n\n\n\n<h1 class=\"wp-block-heading\"><strong>10. \u0130hracat Uyumlulu\u011fu<\/strong><\/h1>\n\n\n\n<p>Ara\u00e7 ihracat\u0131 a\u015fa\u011f\u0131dakilere tabidir:<\/p>\n\n\n\n<ul class=\"wp-block-list\">\n<li>\u00c7in ihracat d\u00fczenlemeleri<\/li>\n\n\n\n<li>Hedef \u00fclke ithalat gereklilikleri<\/li>\n\n\n\n<li>Homologasyon, vergilendirme ve sertifikasyon kurallar\u0131<\/li>\n<\/ul>\n\n\n\n<p>Wuxi BiYueDa, imzalanan bir s\u00f6zle\u015fmede aksi belirtilmedik\u00e7e, g\u00fcmr\u00fck kararlar\u0131ndan, mevzuat de\u011fi\u015fikliklerinden veya yerel ara\u00e7 uyum prosed\u00fcrlerinden kaynaklanan gecikmelerden veya sorunlardan sorumlu de\u011fildir.<\/p>\n\n\n\n<hr class=\"wp-block-separator has-alpha-channel-opacity\"\/>\n\n\n\n<h1 class=\"wp-block-heading\"><strong>11. Ge\u00e7erli Kanun<\/strong><\/h1>\n\n\n\n<p>Bu Ko\u015fullar, a\u015fa\u011f\u0131daki \u00fclkelerin yasalar\u0131na g\u00f6re y\u00f6netilecek ve yorumlanacakt\u0131r <strong>\u00c7in Halk Cumhuriyeti (\u00c7HC)<\/strong>.<\/p>\n\n\n\n<p>Herhangi bir anla\u015fmazl\u0131k m\u00fczakere yoluyla \u00e7\u00f6z\u00fclecektir; \u00e7\u00f6z\u00fclemedi\u011fi takdirde anla\u015fmazl\u0131klar <strong>Wuxi, Jiangsu'daki yetkili mahkeme veya tahkim organ\u0131<\/strong>.<\/p>\n\n\n\n<hr class=\"wp-block-separator has-alpha-channel-opacity\"\/>\n\n\n\n<h1 class=\"wp-block-heading\"><strong>12. \u0130leti\u015fim Bilgileri<\/strong><\/h1>\n\n\n\n<p>Bu \u015eartlarla ilgili sorular\u0131n\u0131z i\u00e7in l\u00fctfen ileti\u015fime ge\u00e7in:<\/p>\n\n\n\n<p><strong>Wuxi BiYueDa Ara\u00e7 \u0130hracat A.\u015e., Ltd.<\/strong><\/p>\n\n\n\n<p>E-posta: <strong>info@bydcarchina.com<\/strong><\/p>\n\n\n\n<p>Telefon:+8615961536612<\/p>\n\n\n\n<p><\/p>","protected":false},"excerpt":{"rendered":"<p>Last Updated: 2025\/12\/01 Welcome to the official website of Wuxi BiYueDa Vehicle Export Co., Ltd. (\u201cWuxi BiYueDa\u201d, \u201cwe\u201d, \u201cour\u201d, or \u201cus\u201d). By accessing or using this website (the \u201cSite\u201d), you agree to be bound by the following Terms of Use. If you do not agree with these terms, please refrain from using the Site. These [&hellip;]<\/p>\n","protected":false},"author":1,"featured_media":0,"parent":0,"menu_order":0,"comment_status":"closed","ping_status":"closed","template":"","meta":{"footnotes":""},"class_list":["post-925","page","type-page","status-publish","hentry"],"_links":{"self":[{"href":"https:\/\/bydcarchina.com\/tr\/wp-json\/wp\/v2\/pages\/925","targetHints":{"allow":["GET"]}}],"collection":[{"href":"https:\/\/bydcarchina.com\/tr\/wp-json\/wp\/v2\/pages"}],"about":[{"href":"https:\/\/bydcarchina.com\/tr\/wp-json\/wp\/v2\/types\/page"}],"author":[{"embeddable":true,"href":"https:\/\/bydcarchina.com\/tr\/wp-json\/wp\/v2\/users\/1"}],"replies":[{"embeddable":true,"href":"https:\/\/bydcarchina.com\/tr\/wp-json\/wp\/v2\/comments?post=925"}],"version-history":[{"count":2,"href":"https:\/\/bydcarchina.com\/tr\/wp-json\/wp\/v2\/pages\/925\/revisions"}],"predecessor-version":[{"id":1019,"href":"https:\/\/bydcarchina.com\/tr\/wp-json\/wp\/v2\/pages\/925\/revisions\/1019"}],"wp:attachment":[{"href":"https:\/\/bydcarchina.com\/tr\/wp-json\/wp\/v2\/media?parent=925"}],"curies":[{"name":"wp","href":"https:\/\/api.w.org\/{rel}","templated":true}]}}