{"id":392,"date":"2025-09-07T05:33:14","date_gmt":"2025-09-07T05:33:14","guid":{"rendered":"https:\/\/bydcarchina.com\/?post_type=product&#038;p=392"},"modified":"2025-12-13T08:30:29","modified_gmt":"2025-12-13T08:30:29","slug":"byd-2025-seal-05dmi-akilli-surus-surumu","status":"publish","type":"product","link":"https:\/\/bydcarchina.com\/tr\/product\/byd-2025-seal-05dmi-intelligent-driving-edition\/","title":{"rendered":"BYD 2025 Seal 05DMI Ak\u0131ll\u0131 S\u00fcr\u00fc\u015f S\u00fcr\u00fcm\u00fc"},"content":{"rendered":"<p data-start=\"0\" data-end=\"231\">Ke\u015ffedin <strong data-start=\"11\" data-end=\"42\">modern plug-in hibrit sedan<\/strong> verimlilik, sorunsuz performans ve g\u00fcnl\u00fck pratiklik i\u00e7in tasarlanm\u0131\u015ft\u0131r. Elektrikli s\u00fcr\u00fc\u015f ile uzun mesafe esnekli\u011fini dengelemek i\u00e7in tasarlanan bu ara\u00e7 a\u015fa\u011f\u0131daki temel \u00f6zellikleri sunar:<\/p>\n<p data-start=\"233\" data-end=\"452\"><strong data-start=\"233\" data-end=\"263\">Plug-in Hibrit G\u00fc\u00e7 Aktarma Organlar\u0131:<\/strong><br data-start=\"263\" data-end=\"266\" \/>Taraf\u0131ndan desteklenmektedir <strong data-start=\"279\" data-end=\"315\">1,5 litrelik s\u0131ral\u0131 4 benzinli motor<\/strong> \u00fcreten <strong data-start=\"326\" data-end=\"336\">101 hp<\/strong>, optimize edilmi\u015f verimlilik ve duyarl\u0131 h\u0131zlanma i\u00e7in geli\u015fmi\u015f bir elektrikli tahrik sistemi ile sorunsuz bir \u015fekilde entegre edilmi\u015ftir.<\/p>\n<p data-start=\"454\" data-end=\"739\"><strong data-start=\"454\" data-end=\"490\">Uzat\u0131lm\u0131\u015f Elektrikli S\u00fcr\u00fc\u015f Menzili:<\/strong><br data-start=\"490\" data-end=\"493\" \/>ile \u00e7oklu batarya konfig\u00fcrasyonlar\u0131 sunar. <strong data-start=\"539\" data-end=\"608\">WLTC 100 km'ye kadar saf elektrikli menzil (43 km \/ 90 km varyantlar\u0131)<\/strong> ve etkileyici bir <strong data-start=\"627\" data-end=\"697\">CLTC s\u0131n\u0131f\u0131 128 km'ye kadar elektrikli menzil (55 km \/ 120 km se\u00e7enekleri)<\/strong>, g\u00fcnl\u00fck s\u0131f\u0131r emisyonlu i\u015fe gidip gelmek i\u00e7in idealdir.<\/p>\n<p data-start=\"741\" data-end=\"888\"><strong data-start=\"741\" data-end=\"766\">Dengeli Performans:<\/strong><br data-start=\"766\" data-end=\"769\" \/>Ula\u015f\u0131r <strong data-start=\"779\" data-end=\"804\">180 km\/s azami h\u0131z<\/strong>, m\u00fckemmel yak\u0131t ekonomisini korurken kendinden emin otoyol performans\u0131 sunar.<\/p>\n<p data-start=\"890\" data-end=\"1033\"><strong data-start=\"890\" data-end=\"916\">Geni\u015f Sedan D\u00fczeni:<\/strong><br data-start=\"916\" data-end=\"919\" \/>\u00d6zellikler a <strong data-start=\"930\" data-end=\"963\">4 kap\u0131l\u0131, 5 koltuklu g\u00f6vde yap\u0131s\u0131<\/strong>, Hem s\u00fcr\u00fcc\u00fcler hem de yolcular i\u00e7in konforlu bir konaklama imkan\u0131 sa\u011flar.<\/p>\n<p data-start=\"1035\" data-end=\"1212\"><strong data-start=\"1035\" data-end=\"1068\">\u0130yi Orant\u0131l\u0131 Boyutlar:<\/strong><br data-start=\"1068\" data-end=\"1071\" \/>Toplam boyutu ile <strong data-start=\"1095\" data-end=\"1123\">4.780 \u00d7 1.837 \u00d7 1.515 mm<\/strong>, Ara\u00e7 dengeli bir duru\u015f, geni\u015f bir i\u00e7 mekan ve rafine bir yol tutu\u015fu sunuyor.<\/p>\n<p data-start=\"1214\" data-end=\"1448\" data-is-last-node=\"\" data-is-only-node=\"\">Birle\u015ftirme <strong data-start=\"1224\" data-end=\"1330\">verimli plug-in hibrit teknolojisi, pratik elektrik menzili ve konforlu orta boy sedan tasar\u0131m\u0131<\/strong>, Bu model, \u00e7ok y\u00f6nl\u00fcl\u00fck veya s\u00fcr\u00fc\u015f konforundan \u00f6d\u00fcn vermeden d\u00fc\u015f\u00fck emisyon arayan s\u00fcr\u00fcc\u00fcler i\u00e7in g\u00fc\u00e7l\u00fc bir se\u00e7imdir.<\/p>","protected":false},"excerpt":{"rendered":"<p>Discover a modern plug-in hybrid sedan engineered for efficiency, smooth performance, and everyday practicality. Designed to balance electric driving with long-distance flexibility, it delivers the following key specifications: Plug-in Hybrid Powertrain:Powered by a 1.5-liter inline-4 petrol engine producing 101 hp, seamlessly integrated with an advanced electric drive system for optimized efficiency and responsive acceleration. Extended [&hellip;]<\/p>\n","protected":false},"featured_media":398,"comment_status":"open","ping_status":"closed","template":"","meta":[],"product_brand":[],"product_cat":[17],"product_tag":[],"class_list":{"0":"post-392","1":"product","2":"type-product","3":"status-publish","4":"has-post-thumbnail","6":"product_cat-uncategorized","8":"first","9":"instock","10":"shipping-taxable","11":"product-type-simple"},"_links":{"self":[{"href":"https:\/\/bydcarchina.com\/tr\/wp-json\/wp\/v2\/product\/392","targetHints":{"allow":["GET"]}}],"collection":[{"href":"https:\/\/bydcarchina.com\/tr\/wp-json\/wp\/v2\/product"}],"about":[{"href":"https:\/\/bydcarchina.com\/tr\/wp-json\/wp\/v2\/types\/product"}],"replies":[{"embeddable":true,"href":"https:\/\/bydcarchina.com\/tr\/wp-json\/wp\/v2\/comments?post=392"}],"version-history":[{"count":2,"href":"https:\/\/bydcarchina.com\/tr\/wp-json\/wp\/v2\/product\/392\/revisions"}],"predecessor-version":[{"id":1099,"href":"https:\/\/bydcarchina.com\/tr\/wp-json\/wp\/v2\/product\/392\/revisions\/1099"}],"wp:featuredmedia":[{"embeddable":true,"href":"https:\/\/bydcarchina.com\/tr\/wp-json\/wp\/v2\/media\/398"}],"wp:attachment":[{"href":"https:\/\/bydcarchina.com\/tr\/wp-json\/wp\/v2\/media?parent=392"}],"wp:term":[{"taxonomy":"product_brand","embeddable":true,"href":"https:\/\/bydcarchina.com\/tr\/wp-json\/wp\/v2\/product_brand?post=392"},{"taxonomy":"product_cat","embeddable":true,"href":"https:\/\/bydcarchina.com\/tr\/wp-json\/wp\/v2\/product_cat?post=392"},{"taxonomy":"product_tag","embeddable":true,"href":"https:\/\/bydcarchina.com\/tr\/wp-json\/wp\/v2\/product_tag?post=392"}],"curies":[{"name":"wp","href":"https:\/\/api.w.org\/{rel}","templated":true}]}}