{"id":401,"date":"2025-09-07T05:39:33","date_gmt":"2025-09-07T05:39:33","guid":{"rendered":"https:\/\/bydcarchina.com\/?post_type=product&#038;p=401"},"modified":"2025-12-13T08:32:25","modified_gmt":"2025-12-13T08:32:25","slug":"byd-2025-seal-06dmi-intelligent-driving-edition","status":"publish","type":"product","link":"https:\/\/bydcarchina.com\/tr\/product\/byd-2025-seal-06dmi-intelligent-driving-edition\/","title":{"rendered":"BYD 2025 Seal 06DMI Ak\u0131ll\u0131 S\u00fcr\u00fc\u015f S\u00fcr\u00fcm\u00fc"},"content":{"rendered":"<p data-start=\"0\" data-end=\"182\">Ke\u015ffedin <strong data-start=\"11\" data-end=\"67\">yeni nesil plug-in hibrit elektrikli sedan (PHEV)<\/strong> verimlilik, performans ve g\u00fcnl\u00fck kullan\u0131labilirlik aras\u0131nda optimum bir denge sa\u011flamak \u00fczere tasarlanm\u0131\u015ft\u0131r. \u00d6ne \u00e7\u0131kan \u00f6zellikler \u015funlard\u0131r:<\/p>\n<p data-start=\"184\" data-end=\"380\"><strong data-start=\"184\" data-end=\"213\">Geli\u015fmi\u015f PHEV G\u00fc\u00e7 Aktarma Organlar\u0131:<\/strong><br data-start=\"213\" data-end=\"216\" \/>Birlikte sunulur <strong data-start=\"229\" data-end=\"255\">10,08 kWh veya 15,87 kWh<\/strong> batarya se\u00e7enekleri, bir <strong data-start=\"284\" data-end=\"339\">saf elektrikli s\u00fcr\u00fc\u015f menzili 60 km veya 90 km'ye kadar<\/strong>, D\u00fc\u015f\u00fck emisyonlu g\u00fcnl\u00fck i\u015fe gidi\u015f geli\u015fler i\u00e7in idealdir.<\/p>\n<p data-start=\"382\" data-end=\"594\"><strong data-start=\"382\" data-end=\"421\">Duyarl\u0131 ve Verimli Performans:<\/strong><br data-start=\"421\" data-end=\"424\" \/>Ba\u015far\u0131r <strong data-start=\"433\" data-end=\"482\">7,9 veya 7,5 saniyede 0-100 km\/s h\u0131zlanma<\/strong>, Yumu\u015fak ama kendinden emin bir g\u00fc\u00e7 da\u011f\u0131t\u0131m\u0131 sa\u011flar. A <strong data-start=\"533\" data-end=\"558\">180 km\/s azami h\u0131z<\/strong> istikrarl\u0131 otoyol performans\u0131 sa\u011flar.<\/p>\n<p data-start=\"596\" data-end=\"760\"><strong data-start=\"596\" data-end=\"625\">\u00d6nden \u00c7eki\u015fli D\u00fczen:<\/strong><br data-start=\"625\" data-end=\"628\" \/>Bu <strong data-start=\"632\" data-end=\"653\">FWD yap\u0131land\u0131rmas\u0131<\/strong> hem \u015fehir i\u00e7i hem de uzun mesafeli s\u00fcr\u00fc\u015f senaryolar\u0131nda verimlili\u011fi, \u00e7eki\u015fi ve \u00f6ng\u00f6r\u00fclebilir yol tutu\u015funu art\u0131r\u0131r.<\/p>\n<p data-start=\"762\" data-end=\"938\"><strong data-start=\"762\" data-end=\"793\">Geni\u015f Sedan Oranlar\u0131:<\/strong><br data-start=\"793\" data-end=\"796\" \/>Boyutlar\u0131 ile <strong data-start=\"815\" data-end=\"843\">4.830 \u00d7 1.875 \u00d7 1.495 mm<\/strong>, Ara\u00e7 geni\u015f bir duru\u015f, c\u00f6mert bir kabin alan\u0131 ve rafine, birinci s\u0131n\u0131f bir yol duru\u015fu sunuyor.<\/p>\n<p data-start=\"940\" data-end=\"1181\" data-is-last-node=\"\" data-is-only-node=\"\">Arayan s\u00fcr\u00fcc\u00fcler i\u00e7in tasarland\u0131 <strong data-start=\"969\" data-end=\"1014\">menzil kayg\u0131s\u0131 olmadan elektrik verimlili\u011fi<\/strong>, Bu PHEV sedan, modern elektrikli teknolojiyi, dengeli performans\u0131 ve pratik boyutlar\u0131 bir araya getirerek hem \u015fehir i\u00e7i kullan\u0131m hem de uzun yolculuklar i\u00e7in \u00e7ok uygun hale getiriyor.<\/p>","protected":false},"excerpt":{"rendered":"<p>Discover a next-generation plug-in hybrid electric sedan (PHEV) designed to deliver an optimal balance of efficiency, performance, and everyday usability. Key highlights include: Advanced PHEV Powertrain:Offered with 10.08 kWh or 15.87 kWh battery options, enabling a pure electric driving range of up to 60 km or 90 km, ideal for low-emission daily commuting. Responsive &amp; [&hellip;]<\/p>\n","protected":false},"featured_media":415,"comment_status":"open","ping_status":"closed","template":"","meta":[],"product_brand":[],"product_cat":[17],"product_tag":[],"class_list":{"0":"post-401","1":"product","2":"type-product","3":"status-publish","4":"has-post-thumbnail","6":"product_cat-uncategorized","8":"first","9":"instock","10":"shipping-taxable","11":"product-type-simple"},"_links":{"self":[{"href":"https:\/\/bydcarchina.com\/tr\/wp-json\/wp\/v2\/product\/401","targetHints":{"allow":["GET"]}}],"collection":[{"href":"https:\/\/bydcarchina.com\/tr\/wp-json\/wp\/v2\/product"}],"about":[{"href":"https:\/\/bydcarchina.com\/tr\/wp-json\/wp\/v2\/types\/product"}],"replies":[{"embeddable":true,"href":"https:\/\/bydcarchina.com\/tr\/wp-json\/wp\/v2\/comments?post=401"}],"version-history":[{"count":2,"href":"https:\/\/bydcarchina.com\/tr\/wp-json\/wp\/v2\/product\/401\/revisions"}],"predecessor-version":[{"id":1106,"href":"https:\/\/bydcarchina.com\/tr\/wp-json\/wp\/v2\/product\/401\/revisions\/1106"}],"wp:featuredmedia":[{"embeddable":true,"href":"https:\/\/bydcarchina.com\/tr\/wp-json\/wp\/v2\/media\/415"}],"wp:attachment":[{"href":"https:\/\/bydcarchina.com\/tr\/wp-json\/wp\/v2\/media?parent=401"}],"wp:term":[{"taxonomy":"product_brand","embeddable":true,"href":"https:\/\/bydcarchina.com\/tr\/wp-json\/wp\/v2\/product_brand?post=401"},{"taxonomy":"product_cat","embeddable":true,"href":"https:\/\/bydcarchina.com\/tr\/wp-json\/wp\/v2\/product_cat?post=401"},{"taxonomy":"product_tag","embeddable":true,"href":"https:\/\/bydcarchina.com\/tr\/wp-json\/wp\/v2\/product_tag?post=401"}],"curies":[{"name":"wp","href":"https:\/\/api.w.org\/{rel}","templated":true}]}}