{"id":443,"date":"2025-09-10T12:58:20","date_gmt":"2025-09-10T12:58:20","guid":{"rendered":"https:\/\/bydcarchina.com\/?post_type=product&#038;p=443"},"modified":"2025-12-13T08:38:03","modified_gmt":"2025-12-13T08:38:03","slug":"byd-2025-seal-06gt-intelligent-driving-edition","status":"publish","type":"product","link":"https:\/\/bydcarchina.com\/tr\/product\/byd-2025-seal-06gt-intelligent-driving-edition\/","title":{"rendered":"BYD 2025 Seal 06GT Ak\u0131ll\u0131 S\u00fcr\u00fc\u015f S\u00fcr\u00fcm\u00fc"},"content":{"rendered":"<p data-start=\"0\" data-end=\"232\">Ke\u015ffedin <strong data-start=\"11\" data-end=\"59\">y\u00fcksek performansl\u0131 saf elektrikli ara\u00e7 (BEV)<\/strong> uzun menzilli s\u00fcr\u00fc\u015f, dinamik yol tutu\u015fu ve g\u00fcnl\u00fck \u00e7ok y\u00f6nl\u00fcl\u00fck i\u00e7in tasarlanm\u0131\u015ft\u0131r. Modern elektrikli mobilitenin taleplerini kar\u015f\u0131lamak \u00fczere tasarlanan bu ara\u00e7ta \u00f6ne \u00e7\u0131kan \u00f6zellikler \u015funlard\u0131r:<\/p>\n<p data-start=\"234\" data-end=\"441\"><strong data-start=\"234\" data-end=\"262\">Tamamen Elektrikli G\u00fc\u00e7 Aktarma Organlar\u0131:<\/strong><br data-start=\"262\" data-end=\"265\" \/>Etkileyici bir performans sunar <strong data-start=\"288\" data-end=\"342\">CLTC s\u0131n\u0131f\u0131 505 km veya 605 km'ye kadar s\u00fcr\u00fc\u015f menzili<\/strong>, s\u0131f\u0131r egzoz emisyonu ile hem g\u00fcnl\u00fck i\u015fe gidip gelme hem de uzun yolculuklar i\u00e7in g\u00fcven sa\u011flar.<\/p>\n<p data-start=\"443\" data-end=\"651\"><strong data-start=\"443\" data-end=\"475\">Dinamik Performans Se\u00e7enekleri:<\/strong><br data-start=\"475\" data-end=\"478\" \/>\u0130\u00e7inde mevcut <strong data-start=\"491\" data-end=\"542\">arkadan iti\u015fli (RWD) veya d\u00f6rt tekerlekten \u00e7eki\u015fli (AWD)<\/strong> konfig\u00fcrasyonlar, bir <strong data-start=\"566\" data-end=\"591\">200 km\/s azami h\u0131z<\/strong> g\u00fc\u00e7l\u00fc h\u0131zlanma ve kendinden emin y\u00fcksek h\u0131z dengesi i\u00e7in.<\/p>\n<p data-start=\"653\" data-end=\"814\"><strong data-start=\"653\" data-end=\"680\">Geni\u015f 5 Kap\u0131l\u0131 Tasar\u0131m:<\/strong><br data-start=\"680\" data-end=\"683\" \/>Pratik bir yap\u0131ya sahiptir <strong data-start=\"704\" data-end=\"737\">5 kap\u0131l\u0131, 5 koltuklu g\u00f6vde yap\u0131s\u0131<\/strong>, Sportif oranlar\u0131 g\u00fcnl\u00fck kullan\u0131labilirlik ve kolay kabin eri\u015fimi ile birle\u015ftiriyor.<\/p>\n<p data-start=\"816\" data-end=\"998\"><strong data-start=\"816\" data-end=\"847\">Optimize Edilmi\u015f A\u011f\u0131rl\u0131k ve Denge:<\/strong><br data-start=\"847\" data-end=\"850\" \/>ile <strong data-start=\"857\" data-end=\"896\">1.850 kg veya 1.940 kg bo\u015f a\u011f\u0131rl\u0131k<\/strong>, Ara\u00e7, yap\u0131sal sa\u011flaml\u0131k, verimlilik ve s\u00fcr\u00fc\u015f dinamiklerinin iyi dengelenmi\u015f bir kar\u0131\u015f\u0131m\u0131n\u0131 elde ediyor.<\/p>\n<p data-start=\"1000\" data-end=\"1153\"><strong data-start=\"1000\" data-end=\"1036\">Kompakt ama Atletik Boyutlar:<\/strong><br data-start=\"1036\" data-end=\"1039\" \/>\u00d6l\u00e7me <strong data-start=\"1049\" data-end=\"1077\">4.630 \u00d7 1.880 \u00d7 1.490 mm<\/strong>, geni\u015f bir duru\u015f, d\u00fc\u015f\u00fck a\u011f\u0131rl\u0131k merkezi ve \u00e7evik kentsel ayak izi sunar.<\/p>\n<p data-start=\"1155\" data-end=\"1400\" data-is-last-node=\"\" data-is-only-node=\"\">Birle\u015ftirme <strong data-start=\"1165\" data-end=\"1264\">uzun elektrikli menzil, performans odakl\u0131 s\u00fcr\u00fc\u015f se\u00e7enekleri ve \u00e7ok y\u00f6nl\u00fc hatchback tarz\u0131 yerle\u015fim<\/strong>, Bu BEV modeli, h\u0131zdan, alandan veya s\u00fcr\u00fc\u015f keyfinden \u00f6d\u00fcn vermeden s\u0131f\u0131r emisyonlu mobilite arayan s\u00fcr\u00fcc\u00fcler i\u00e7in ideal bir se\u00e7imdir.<\/p>","protected":false},"excerpt":{"rendered":"<p>Discover a high-performance pure electric vehicle (BEV) engineered for long-range driving, dynamic handling, and everyday versatility. Designed to meet the demands of modern electric mobility, it offers the following highlights: All-Electric Powertrain:Delivers an impressive CLTC-rated driving range of up to 505 km or 605 km, providing confidence for both daily commuting and extended journeys with [&hellip;]<\/p>\n","protected":false},"featured_media":451,"comment_status":"open","ping_status":"closed","template":"","meta":[],"product_brand":[],"product_cat":[17],"product_tag":[],"class_list":{"0":"post-443","1":"product","2":"type-product","3":"status-publish","4":"has-post-thumbnail","6":"product_cat-uncategorized","8":"first","9":"instock","10":"shipping-taxable","11":"product-type-simple"},"_links":{"self":[{"href":"https:\/\/bydcarchina.com\/tr\/wp-json\/wp\/v2\/product\/443","targetHints":{"allow":["GET"]}}],"collection":[{"href":"https:\/\/bydcarchina.com\/tr\/wp-json\/wp\/v2\/product"}],"about":[{"href":"https:\/\/bydcarchina.com\/tr\/wp-json\/wp\/v2\/types\/product"}],"replies":[{"embeddable":true,"href":"https:\/\/bydcarchina.com\/tr\/wp-json\/wp\/v2\/comments?post=443"}],"version-history":[{"count":2,"href":"https:\/\/bydcarchina.com\/tr\/wp-json\/wp\/v2\/product\/443\/revisions"}],"predecessor-version":[{"id":1111,"href":"https:\/\/bydcarchina.com\/tr\/wp-json\/wp\/v2\/product\/443\/revisions\/1111"}],"wp:featuredmedia":[{"embeddable":true,"href":"https:\/\/bydcarchina.com\/tr\/wp-json\/wp\/v2\/media\/451"}],"wp:attachment":[{"href":"https:\/\/bydcarchina.com\/tr\/wp-json\/wp\/v2\/media?parent=443"}],"wp:term":[{"taxonomy":"product_brand","embeddable":true,"href":"https:\/\/bydcarchina.com\/tr\/wp-json\/wp\/v2\/product_brand?post=443"},{"taxonomy":"product_cat","embeddable":true,"href":"https:\/\/bydcarchina.com\/tr\/wp-json\/wp\/v2\/product_cat?post=443"},{"taxonomy":"product_tag","embeddable":true,"href":"https:\/\/bydcarchina.com\/tr\/wp-json\/wp\/v2\/product_tag?post=443"}],"curies":[{"name":"wp","href":"https:\/\/api.w.org\/{rel}","templated":true}]}}