{"id":468,"date":"2025-09-10T13:15:46","date_gmt":"2025-09-10T13:15:46","guid":{"rendered":"https:\/\/bydcarchina.com\/?post_type=product&#038;p=468"},"modified":"2025-12-13T08:40:01","modified_gmt":"2025-12-13T08:40:01","slug":"byd-2025-seal-06-dm-i-travel-edition","status":"publish","type":"product","link":"https:\/\/bydcarchina.com\/tr\/product\/byd-2025-seal-06-dm-i-travel-edition\/","title":{"rendered":"BYD 2025 Seal 06 DM-i Seyahat S\u00fcr\u00fcm\u00fc"},"content":{"rendered":"<p data-start=\"0\" data-end=\"245\">Ke\u015ffedin <strong data-start=\"11\" data-end=\"42\">modern plug-in hibrit sedan<\/strong> verimli elektrikli s\u00fcr\u00fc\u015f, sorunsuz benzin deste\u011fi ve g\u00fcnl\u00fck pratiklik sunmak \u00fczere tasarlanm\u0131\u015ft\u0131r. Esneklik ve d\u00fc\u015f\u00fck i\u015fletme maliyetleri arayan s\u00fcr\u00fcc\u00fcler i\u00e7in tasarlanan bu ara\u00e7 a\u015fa\u011f\u0131daki \u00f6nemli \u00f6zellikleri sunmaktad\u0131r:<\/p>\n<p data-start=\"247\" data-end=\"491\"><strong data-start=\"247\" data-end=\"286\">Geli\u015fmi\u015f Plug-in Hibrit G\u00fc\u00e7 Aktarma Organlar\u0131:<\/strong><br data-start=\"286\" data-end=\"289\" \/>Taraf\u0131ndan desteklenmektedir <strong data-start=\"302\" data-end=\"338\">1,5 litrelik s\u0131ral\u0131 4 benzinli motor<\/strong> \u00fcreten <strong data-start=\"349\" data-end=\"359\">101 hp<\/strong>, elektrikli tahrik sistemi ile sorunsuz bir \u015fekilde e\u015fle\u015ftirilerek elektrikli \u00e7al\u0131\u015fmaya \u00f6ncelik verirken g\u00fcvenilir uzun mesafe kabiliyeti sa\u011flar.<\/p>\n<p data-start=\"493\" data-end=\"739\"><strong data-start=\"493\" data-end=\"527\">Pratik Saf Elektrik Aral\u0131\u011f\u0131:<\/strong><br data-start=\"527\" data-end=\"530\" \/>Birden fazla pil konfig\u00fcrasyonunda mevcuttur ve <strong data-start=\"587\" data-end=\"635\">WLTC'ye g\u00f6re 53 km veya 105 km elektrikli menzil<\/strong>, ise <strong data-start=\"643\" data-end=\"697\">CLTC testi bunu 80 km veya 100 km'ye kadar geni\u015fletir<\/strong>, g\u00fcnl\u00fck s\u0131f\u0131r emisyonlu i\u015fe gidip gelmek i\u00e7in idealdir.<\/p>\n<p data-start=\"741\" data-end=\"886\"><strong data-start=\"741\" data-end=\"766\">Dengeli Performans:<\/strong><br data-start=\"766\" data-end=\"769\" \/>Teslimat <strong data-start=\"780\" data-end=\"805\">180 km\/s azami h\u0131z<\/strong>, rafine ve verimli g\u00fc\u00e7 da\u011f\u0131t\u0131m\u0131 ile otoyolda g\u00fcvenle seyir sa\u011flar.<\/p>\n<p data-start=\"888\" data-end=\"1034\"><strong data-start=\"888\" data-end=\"920\">Geni\u015f Sedan Mimarisi:<\/strong><br data-start=\"920\" data-end=\"923\" \/>\u00d6zellikler a <strong data-start=\"934\" data-end=\"959\">4 kap\u0131l\u0131, 5 koltuklu d\u00fczen<\/strong>, Hem aileler hem de i\u015f kullan\u0131c\u0131lar\u0131 i\u00e7in konforlu bir konaklama imkan\u0131 sa\u011flar.<\/p>\n<p data-start=\"1036\" data-end=\"1224\"><strong data-start=\"1036\" data-end=\"1069\">Rafine Orta Boy Oranlar:<\/strong><br data-start=\"1069\" data-end=\"1072\" \/>Genel boyutlar\u0131 ile <strong data-start=\"1099\" data-end=\"1127\">4.850 \u00d7 1.890 \u00d7 1.505 mm<\/strong>, Ara\u00e7 geni\u015f bir duru\u015f, c\u00f6mert bir i\u00e7 mekan ve istikrarl\u0131, birinci s\u0131n\u0131f bir yol duru\u015fu sunuyor.<\/p>\n<p data-start=\"1226\" data-end=\"1471\" data-is-last-node=\"\" data-is-only-node=\"\">Birle\u015ftirme <strong data-start=\"1236\" data-end=\"1332\">verimli plug-in hibrit teknolojisi, yaln\u0131zca elektrikle \u00e7al\u0131\u015fan kullan\u0131\u015fl\u0131 menzil ve geni\u015f sedan tasar\u0131m\u0131<\/strong>, Bu model, g\u00fcnl\u00fck konfor veya \u00e7ok y\u00f6nl\u00fcl\u00fckten \u00f6d\u00fcn vermeden elektrikli mobiliteye ge\u00e7i\u015f yapan pazarlar i\u00e7in g\u00fc\u00e7l\u00fc bir se\u00e7imdir.<\/p>","protected":false},"excerpt":{"rendered":"<p>Discover a modern plug-in hybrid sedan engineered to deliver efficient electric driving, smooth petrol backup, and everyday practicality. Designed for drivers seeking flexibility and low running costs, it offers the following key highlights: Advanced Plug-in Hybrid Powertrain:Powered by a 1.5-liter inline-4 petrol engine producing 101 hp, seamlessly paired with an electric drive system to prioritize [&hellip;]<\/p>\n","protected":false},"featured_media":472,"comment_status":"open","ping_status":"closed","template":"","meta":[],"product_brand":[],"product_cat":[17],"product_tag":[],"class_list":{"0":"post-468","1":"product","2":"type-product","3":"status-publish","4":"has-post-thumbnail","6":"product_cat-uncategorized","8":"first","9":"instock","10":"shipping-taxable","11":"product-type-simple"},"_links":{"self":[{"href":"https:\/\/bydcarchina.com\/tr\/wp-json\/wp\/v2\/product\/468","targetHints":{"allow":["GET"]}}],"collection":[{"href":"https:\/\/bydcarchina.com\/tr\/wp-json\/wp\/v2\/product"}],"about":[{"href":"https:\/\/bydcarchina.com\/tr\/wp-json\/wp\/v2\/types\/product"}],"replies":[{"embeddable":true,"href":"https:\/\/bydcarchina.com\/tr\/wp-json\/wp\/v2\/comments?post=468"}],"version-history":[{"count":2,"href":"https:\/\/bydcarchina.com\/tr\/wp-json\/wp\/v2\/product\/468\/revisions"}],"predecessor-version":[{"id":1113,"href":"https:\/\/bydcarchina.com\/tr\/wp-json\/wp\/v2\/product\/468\/revisions\/1113"}],"wp:featuredmedia":[{"embeddable":true,"href":"https:\/\/bydcarchina.com\/tr\/wp-json\/wp\/v2\/media\/472"}],"wp:attachment":[{"href":"https:\/\/bydcarchina.com\/tr\/wp-json\/wp\/v2\/media?parent=468"}],"wp:term":[{"taxonomy":"product_brand","embeddable":true,"href":"https:\/\/bydcarchina.com\/tr\/wp-json\/wp\/v2\/product_brand?post=468"},{"taxonomy":"product_cat","embeddable":true,"href":"https:\/\/bydcarchina.com\/tr\/wp-json\/wp\/v2\/product_cat?post=468"},{"taxonomy":"product_tag","embeddable":true,"href":"https:\/\/bydcarchina.com\/tr\/wp-json\/wp\/v2\/product_tag?post=468"}],"curies":[{"name":"wp","href":"https:\/\/api.w.org\/{rel}","templated":true}]}}