{"id":474,"date":"2025-09-10T13:23:56","date_gmt":"2025-09-10T13:23:56","guid":{"rendered":"https:\/\/bydcarchina.com\/?post_type=product&#038;p=474"},"modified":"2025-12-13T08:42:30","modified_gmt":"2025-12-13T08:42:30","slug":"byd-2025-seal-07dm-i-intelligent-driving-edition","status":"publish","type":"product","link":"https:\/\/bydcarchina.com\/tr\/product\/byd-2025-seal-07dm-i-intelligent-driving-edition\/","title":{"rendered":"BYD 2025 Seal 07DM-i Ak\u0131ll\u0131 S\u00fcr\u00fc\u015f S\u00fcr\u00fcm\u00fc"},"content":{"rendered":"<p data-start=\"0\" data-end=\"204\">Ke\u015ffedin <strong data-start=\"11\" data-end=\"43\">premium plug-in hibrit sedan<\/strong> uzun elektrikli menzil, g\u00fc\u00e7l\u00fc performans ve \u00fcst d\u00fczey konfor i\u00e7in tasarlanm\u0131\u015ft\u0131r. Farkl\u0131 s\u00fcr\u00fc\u015f ihtiya\u00e7lar\u0131n\u0131 kar\u015f\u0131lamak \u00fczere tasarlanan bu ara\u00e7ta \u00f6ne \u00e7\u0131kan \u00f6zellikler \u015funlard\u0131r:<\/p>\n<p data-start=\"206\" data-end=\"454\"><strong data-start=\"206\" data-end=\"249\">\u00c7ift Plug-in Hibrit G\u00fc\u00e7 Aktarma Sistemi Se\u00e7enekleri:<\/strong><br data-start=\"249\" data-end=\"252\" \/>Bir ile kullan\u0131labilir <strong data-start=\"269\" data-end=\"305\">1,5 litrelik s\u0131ral\u0131 4 benzinli motor<\/strong> i\u00e7inde <strong data-start=\"309\" data-end=\"329\">101 hp veya 156 hp<\/strong> konfig\u00fcrasyonlar\u0131, geli\u015fmi\u015f bir plug-in hibrit sistem arac\u0131l\u0131\u011f\u0131yla y\u00fcksek verimlili\u011fi korurken esnek performans sunar.<\/p>\n<p data-start=\"456\" data-end=\"775\"><strong data-start=\"456\" data-end=\"497\">S\u0131n\u0131f\u0131n\u0131n Lideri Elektrikli S\u00fcr\u00fc\u015f Menzili:<\/strong><br data-start=\"497\" data-end=\"500\" \/>\u00c7oklu batarya varyantlar\u0131 bir <strong data-start=\"536\" data-end=\"620\">WLTC dereceli 180 km'ye kadar saf elektrikli menzil (110 km \/ 55 km \/ 100 km se\u00e7enekleri)<\/strong>. Alt\u0131nda <strong data-start=\"628\" data-end=\"727\">CLTC testi, elektrikli menzil etkileyici bir \u015fekilde 230 km'ye ula\u015f\u0131yor (135 km \/ 70 km \/ 125 km varyantlar\u0131)<\/strong>-Uzun s\u00fcreli s\u0131f\u0131r emisyonlu g\u00fcnl\u00fck s\u00fcr\u00fc\u015fler i\u00e7in idealdir.<\/p>\n<p data-start=\"777\" data-end=\"948\"><strong data-start=\"777\" data-end=\"811\">Kendine G\u00fcvenen Otoyol Performans\u0131:<\/strong><br data-start=\"811\" data-end=\"814\" \/>ile <strong data-start=\"819\" data-end=\"857\">185 km\/sa veya 200 km\/sa azami h\u0131zlar<\/strong>, ara\u00e7, uzun mesafeli yolculuklarda sorunsuz, dengeli ve duyarl\u0131 bir performans sa\u011flar.<\/p>\n<p data-start=\"950\" data-end=\"1104\"><strong data-start=\"950\" data-end=\"977\">Executive Sedan D\u00fczeni:<\/strong><br data-start=\"977\" data-end=\"980\" \/>A <strong data-start=\"982\" data-end=\"1015\">4 kap\u0131l\u0131, 5 koltuklu g\u00f6vde yap\u0131s\u0131<\/strong> hem \u00f6zel hem de i\u015f ama\u00e7l\u0131 kullan\u0131m i\u00e7in c\u00f6mert arka koltuk alan\u0131 ve rafine konfor sunar.<\/p>\n<p data-start=\"1106\" data-end=\"1279\"><strong data-start=\"1106\" data-end=\"1137\">B\u00fcy\u00fck, Zarif Oranlar:<\/strong><br data-start=\"1137\" data-end=\"1140\" \/>\u00d6l\u00e7me <strong data-start=\"1150\" data-end=\"1178\">4.995 \u00d7 1.900 \u00d7 1.495 mm<\/strong>, Sedan geni\u015f bir duru\u015fa, ferah bir i\u00e7 mekana ve yollarda \u00fcst\u00fcn bir duru\u015fa sahiptir.<\/p>\n<p data-start=\"1281\" data-end=\"1550\" data-is-last-node=\"\" data-is-only-node=\"\">Birle\u015ftirme <strong data-start=\"1291\" data-end=\"1382\">ola\u011fan\u00fcst\u00fc elektrikli menzil, birden fazla g\u00fc\u00e7 aktarma organ\u0131 se\u00e7ene\u011fi ve tam boy sedan boyutlar\u0131<\/strong>, Bu plug-in hibrit model, performans veya l\u00fcksten \u00f6d\u00fcn vermeden elektrikli verimlilik arayan s\u00fcr\u00fcc\u00fcler i\u00e7in ideal bir \u00e7\u00f6z\u00fcmd\u00fcr.<br data-start=\"1517\" data-end=\"1520\" \/><strong data-start=\"1520\" data-end=\"1550\" data-is-last-node=\"\">Daha fazla bilgi i\u00e7in \u015fimdi dan\u0131\u015f\u0131n.<\/strong><\/p>","protected":false},"excerpt":{"rendered":"<p>Discover a premium plug-in hybrid sedan engineered for long electric range, strong performance, and executive-level comfort. Designed to meet diverse driving needs, it offers the following highlights: Dual Plug-in Hybrid Powertrain Options:Available with a 1.5-liter inline-4 petrol engine in 101 hp or 156 hp configurations, delivering flexible performance while maintaining high efficiency through an advanced [&hellip;]<\/p>\n","protected":false},"featured_media":495,"comment_status":"open","ping_status":"closed","template":"","meta":[],"product_brand":[],"product_cat":[17],"product_tag":[],"class_list":{"0":"post-474","1":"product","2":"type-product","3":"status-publish","4":"has-post-thumbnail","6":"product_cat-uncategorized","8":"first","9":"instock","10":"shipping-taxable","11":"product-type-simple"},"_links":{"self":[{"href":"https:\/\/bydcarchina.com\/tr\/wp-json\/wp\/v2\/product\/474","targetHints":{"allow":["GET"]}}],"collection":[{"href":"https:\/\/bydcarchina.com\/tr\/wp-json\/wp\/v2\/product"}],"about":[{"href":"https:\/\/bydcarchina.com\/tr\/wp-json\/wp\/v2\/types\/product"}],"replies":[{"embeddable":true,"href":"https:\/\/bydcarchina.com\/tr\/wp-json\/wp\/v2\/comments?post=474"}],"version-history":[{"count":2,"href":"https:\/\/bydcarchina.com\/tr\/wp-json\/wp\/v2\/product\/474\/revisions"}],"predecessor-version":[{"id":1116,"href":"https:\/\/bydcarchina.com\/tr\/wp-json\/wp\/v2\/product\/474\/revisions\/1116"}],"wp:featuredmedia":[{"embeddable":true,"href":"https:\/\/bydcarchina.com\/tr\/wp-json\/wp\/v2\/media\/495"}],"wp:attachment":[{"href":"https:\/\/bydcarchina.com\/tr\/wp-json\/wp\/v2\/media?parent=474"}],"wp:term":[{"taxonomy":"product_brand","embeddable":true,"href":"https:\/\/bydcarchina.com\/tr\/wp-json\/wp\/v2\/product_brand?post=474"},{"taxonomy":"product_cat","embeddable":true,"href":"https:\/\/bydcarchina.com\/tr\/wp-json\/wp\/v2\/product_cat?post=474"},{"taxonomy":"product_tag","embeddable":true,"href":"https:\/\/bydcarchina.com\/tr\/wp-json\/wp\/v2\/product_tag?post=474"}],"curies":[{"name":"wp","href":"https:\/\/api.w.org\/{rel}","templated":true}]}}