{"id":497,"date":"2025-09-10T13:27:01","date_gmt":"2025-09-10T13:27:01","guid":{"rendered":"https:\/\/bydcarchina.com\/?post_type=product&#038;p=497"},"modified":"2025-12-13T08:43:05","modified_gmt":"2025-12-13T08:43:05","slug":"byd-2025-seagull-akilli-surus-surumu","status":"publish","type":"product","link":"https:\/\/bydcarchina.com\/tr\/product\/byd-2025-seagull-intelligent-driving-edition\/","title":{"rendered":"BYD 2025 Seagull Ak\u0131ll\u0131 S\u00fcr\u00fc\u015f S\u00fcr\u00fcm\u00fc"},"content":{"rendered":"<p data-start=\"0\" data-end=\"217\">Ke\u015ffedin <strong data-start=\"11\" data-end=\"50\">kompakt saf elektrikli ara\u00e7 (BEV)<\/strong> \u00e7evik \u015fehir s\u00fcr\u00fc\u015f\u00fc, etkileyici verimlilik ve s\u0131f\u0131r emisyonlu mobilite i\u00e7in tasarlanm\u0131\u015ft\u0131r. Kentsel ortamlar i\u00e7in m\u00fckemmel \u015fekilde uygun olan bu \u00fcr\u00fcn, a\u015fa\u011f\u0131daki \u00f6nemli \u00f6zellikleri sunar:<\/p>\n<p data-start=\"219\" data-end=\"431\"><strong data-start=\"219\" data-end=\"247\">Tamamen Elektrikli G\u00fc\u00e7 Aktarma Organlar\u0131:<\/strong><br data-start=\"247\" data-end=\"250\" \/>\u0130le donat\u0131lm\u0131\u015ft\u0131r <strong data-start=\"264\" data-end=\"306\">30,08 kWh veya 38,88 kWh batarya se\u00e7enekleri<\/strong>, sa\u011flayarak <strong data-start=\"320\" data-end=\"377\">305 km veya 405 km'ye kadar saf elektrikli s\u00fcr\u00fc\u015f menzili<\/strong>, g\u00fcnl\u00fck i\u015fe gidi\u015f geli\u015fler ve k\u0131sa \u015fehirleraras\u0131 yolculuklar i\u00e7in idealdir.<\/p>\n<p data-start=\"433\" data-end=\"578\"><strong data-start=\"433\" data-end=\"462\">H\u0131zl\u0131 \u015eehir \u0130\u00e7i H\u0131zlanma:<\/strong><br data-start=\"462\" data-end=\"465\" \/>Teslimatlar <strong data-start=\"474\" data-end=\"521\">0-100 km\/s h\u0131zlanmas\u0131n\u0131 sadece 4,9 saniyede tamamlar<\/strong>, \u015fehir trafi\u011finde canl\u0131 ve duyarl\u0131 bir performans sa\u011flar.<\/p>\n<p data-start=\"580\" data-end=\"780\"><strong data-start=\"580\" data-end=\"609\">Verimlilik Odakl\u0131 Kurulum:<\/strong><br data-start=\"609\" data-end=\"612\" \/>A <strong data-start=\"614\" data-end=\"641\">\u00f6nden \u00e7eki\u015fli (FWD)<\/strong> d\u00fczeni enerji verimlili\u011fini ve kontrol kolayl\u0131\u011f\u0131n\u0131 art\u0131r\u0131rken <strong data-start=\"707\" data-end=\"732\">130 km\/s azami h\u0131z<\/strong> dengeli ve ekonomik s\u00fcr\u00fc\u015f i\u00e7in optimize edilmi\u015ftir.<\/p>\n<p data-start=\"782\" data-end=\"973\"><strong data-start=\"782\" data-end=\"813\">Kompakt ve Pratik Tasar\u0131m:<\/strong><br data-start=\"813\" data-end=\"816\" \/>Boyutlar\u0131 ile <strong data-start=\"835\" data-end=\"863\">3.780 \u00d7 1.715 \u00d7 1.540 mm<\/strong>, Ara\u00e7 m\u00fckemmel manevra kabiliyeti, kolay park etme ve s\u0131n\u0131f\u0131na g\u00f6re \u015fa\u015f\u0131rt\u0131c\u0131 derecede geni\u015f bir kabin sunuyor.<\/p>\n<p data-start=\"975\" data-end=\"1189\" data-is-last-node=\"\" data-is-only-node=\"\">Birle\u015ftirme <strong data-start=\"985\" data-end=\"1051\">kompakt boyut, g\u00fc\u00e7l\u00fc elektrik performans\u0131 ve pratik menzil<\/strong>, Bu BEV, uygun fiyatl\u0131, verimli ve \u00e7evre dostu bir elektrikli mobilite \u00e7\u00f6z\u00fcm\u00fc arayan \u015fehirli s\u00fcr\u00fcc\u00fcler i\u00e7in ideal bir se\u00e7imdir.<\/p>","protected":false},"excerpt":{"rendered":"<p>Discover a compact pure electric vehicle (BEV) designed for agile city driving, impressive efficiency, and zero-emission mobility. Perfectly suited for urban environments, it delivers the following key highlights: All-Electric Powertrain:Equipped with 30.08 kWh or 38.88 kWh battery options, providing a pure electric driving range of up to 305 km or 405 km, ideal for daily [&hellip;]<\/p>\n","protected":false},"featured_media":504,"comment_status":"open","ping_status":"closed","template":"","meta":[],"product_brand":[],"product_cat":[17],"product_tag":[],"class_list":{"0":"post-497","1":"product","2":"type-product","3":"status-publish","4":"has-post-thumbnail","6":"product_cat-uncategorized","8":"first","9":"instock","10":"shipping-taxable","11":"product-type-simple"},"_links":{"self":[{"href":"https:\/\/bydcarchina.com\/tr\/wp-json\/wp\/v2\/product\/497","targetHints":{"allow":["GET"]}}],"collection":[{"href":"https:\/\/bydcarchina.com\/tr\/wp-json\/wp\/v2\/product"}],"about":[{"href":"https:\/\/bydcarchina.com\/tr\/wp-json\/wp\/v2\/types\/product"}],"replies":[{"embeddable":true,"href":"https:\/\/bydcarchina.com\/tr\/wp-json\/wp\/v2\/comments?post=497"}],"version-history":[{"count":2,"href":"https:\/\/bydcarchina.com\/tr\/wp-json\/wp\/v2\/product\/497\/revisions"}],"predecessor-version":[{"id":1117,"href":"https:\/\/bydcarchina.com\/tr\/wp-json\/wp\/v2\/product\/497\/revisions\/1117"}],"wp:featuredmedia":[{"embeddable":true,"href":"https:\/\/bydcarchina.com\/tr\/wp-json\/wp\/v2\/media\/504"}],"wp:attachment":[{"href":"https:\/\/bydcarchina.com\/tr\/wp-json\/wp\/v2\/media?parent=497"}],"wp:term":[{"taxonomy":"product_brand","embeddable":true,"href":"https:\/\/bydcarchina.com\/tr\/wp-json\/wp\/v2\/product_brand?post=497"},{"taxonomy":"product_cat","embeddable":true,"href":"https:\/\/bydcarchina.com\/tr\/wp-json\/wp\/v2\/product_cat?post=497"},{"taxonomy":"product_tag","embeddable":true,"href":"https:\/\/bydcarchina.com\/tr\/wp-json\/wp\/v2\/product_tag?post=497"}],"curies":[{"name":"wp","href":"https:\/\/api.w.org\/{rel}","templated":true}]}}