{"id":535,"date":"2025-09-10T14:00:05","date_gmt":"2025-09-10T14:00:05","guid":{"rendered":"https:\/\/bydcarchina.com\/?post_type=product&#038;p=535"},"modified":"2025-12-13T08:46:45","modified_gmt":"2025-12-13T08:46:45","slug":"byd-sealion-07-dm-i-2025-yeni%cc%87-enerji%cc%87","status":"publish","type":"product","link":"https:\/\/bydcarchina.com\/tr\/product\/byd-sealion-07-dm-i-2025-new-energy\/","title":{"rendered":"BYD Sealion 07 DM-i 2025 Yeni Enerji"},"content":{"rendered":"<p data-start=\"0\" data-end=\"257\">Ke\u015ffedin <strong data-start=\"11\" data-end=\"65\">iyi dengelenmi\u015f plug-in hibrit elektrikli sedan (PHEV)<\/strong> verimli elektrikli s\u00fcr\u00fc\u015f ile ak\u0131c\u0131 benzinli performans\u0131 birle\u015ftirmek \u00fczere tasarlanm\u0131\u015ft\u0131r. G\u00fcnl\u00fck i\u015fe gidip gelme ve uzun mesafe esnekli\u011fi i\u00e7in tasarlanan bu ara\u00e7 a\u015fa\u011f\u0131daki temel avantajlar\u0131 sunar:<\/p>\n<p data-start=\"259\" data-end=\"488\"><strong data-start=\"259\" data-end=\"284\">Geli\u015fmi\u015f PHEV Sistemi:<\/strong><br data-start=\"284\" data-end=\"287\" \/>\u0130le kullan\u0131labilir <strong data-start=\"302\" data-end=\"328\">10,08 kWh veya 15,87 kWh<\/strong> pil se\u00e7enekleri sunarak <strong data-start=\"359\" data-end=\"414\">saf elektrikli s\u00fcr\u00fc\u015f menzili 60 km veya 90 km'ye kadar<\/strong>, Daha az yak\u0131t t\u00fcketimi ve emisyon ile k\u0131sa g\u00fcnl\u00fck yolculuklar i\u00e7in idealdir.<\/p>\n<p data-start=\"490\" data-end=\"704\"><strong data-start=\"490\" data-end=\"517\">Duyarl\u0131 Performans:<\/strong><br data-start=\"517\" data-end=\"520\" \/>Ba\u015far\u0131r <strong data-start=\"529\" data-end=\"578\">7,9 veya 7,5 saniyede 0-100 km\/s h\u0131zlanma<\/strong>, Kendinden emin ve rafine bir g\u00fc\u00e7 da\u011f\u0131t\u0131m\u0131 sa\u011flar. A <strong data-start=\"630\" data-end=\"655\">180 km\/s azami h\u0131z<\/strong> otoyolda dengeli ve konforlu bir seyir sa\u011flar.<\/p>\n<p data-start=\"706\" data-end=\"857\"><strong data-start=\"706\" data-end=\"740\">Verimlilik Odakl\u0131 Aktarma Organlar\u0131:<\/strong><br data-start=\"740\" data-end=\"743\" \/>Bu <strong data-start=\"747\" data-end=\"774\">\u00f6nden \u00e7eki\u015fli (FWD)<\/strong> d\u00fczeni enerji verimlili\u011fini, \u00f6ng\u00f6r\u00fclebilir yol tutu\u015funu ve g\u00fcnl\u00fck s\u00fcr\u00fc\u015f kabiliyetini art\u0131r\u0131r.<\/p>\n<p data-start=\"859\" data-end=\"1043\"><strong data-start=\"859\" data-end=\"889\">Geni\u015f Sedan Boyutlar\u0131:<\/strong><br data-start=\"889\" data-end=\"892\" \/>Toplam boyutu ile <strong data-start=\"916\" data-end=\"944\">4.830 \u00d7 1.875 \u00d7 1.495 mm<\/strong>, Ara\u00e7 c\u00f6mert bir i\u00e7 mekan, geni\u015f bir duru\u015f ve sakin, birinci s\u0131n\u0131f bir yol duru\u015fu sunuyor.<\/p>\n<p data-start=\"1045\" data-end=\"1273\" data-is-last-node=\"\" data-is-only-node=\"\">Birle\u015ftirme <strong data-start=\"1055\" data-end=\"1148\">pratik elektrikli menzil, yumu\u015fak h\u0131zlanma ve konforlu orta boy sedan oranlar\u0131<\/strong>, Bu PHEV modeli, konfor veya \u00e7ok y\u00f6nl\u00fcl\u00fckten \u00f6d\u00fcn vermeden elektrikli mobilite arayan s\u00fcr\u00fcc\u00fcler i\u00e7in m\u00fckemmel bir se\u00e7imdir.<\/p>","protected":false},"excerpt":{"rendered":"<p>Discover a well-balanced plug-in hybrid electric sedan (PHEV) engineered to combine efficient electric driving with smooth petrol-powered performance. Designed for everyday commuting and long-distance flexibility, it offers the following key advantages: Advanced PHEV System:Available with 10.08 kWh or 15.87 kWh battery options, delivering a pure electric driving range of up to 60 km or 90 [&hellip;]<\/p>\n","protected":false},"featured_media":549,"comment_status":"open","ping_status":"closed","template":"","meta":[],"product_brand":[],"product_cat":[17],"product_tag":[],"class_list":{"0":"post-535","1":"product","2":"type-product","3":"status-publish","4":"has-post-thumbnail","6":"product_cat-uncategorized","8":"first","9":"instock","10":"shipping-taxable","11":"product-type-simple"},"_links":{"self":[{"href":"https:\/\/bydcarchina.com\/tr\/wp-json\/wp\/v2\/product\/535","targetHints":{"allow":["GET"]}}],"collection":[{"href":"https:\/\/bydcarchina.com\/tr\/wp-json\/wp\/v2\/product"}],"about":[{"href":"https:\/\/bydcarchina.com\/tr\/wp-json\/wp\/v2\/types\/product"}],"replies":[{"embeddable":true,"href":"https:\/\/bydcarchina.com\/tr\/wp-json\/wp\/v2\/comments?post=535"}],"version-history":[{"count":3,"href":"https:\/\/bydcarchina.com\/tr\/wp-json\/wp\/v2\/product\/535\/revisions"}],"predecessor-version":[{"id":1125,"href":"https:\/\/bydcarchina.com\/tr\/wp-json\/wp\/v2\/product\/535\/revisions\/1125"}],"wp:featuredmedia":[{"embeddable":true,"href":"https:\/\/bydcarchina.com\/tr\/wp-json\/wp\/v2\/media\/549"}],"wp:attachment":[{"href":"https:\/\/bydcarchina.com\/tr\/wp-json\/wp\/v2\/media?parent=535"}],"wp:term":[{"taxonomy":"product_brand","embeddable":true,"href":"https:\/\/bydcarchina.com\/tr\/wp-json\/wp\/v2\/product_brand?post=535"},{"taxonomy":"product_cat","embeddable":true,"href":"https:\/\/bydcarchina.com\/tr\/wp-json\/wp\/v2\/product_cat?post=535"},{"taxonomy":"product_tag","embeddable":true,"href":"https:\/\/bydcarchina.com\/tr\/wp-json\/wp\/v2\/product_tag?post=535"}],"curies":[{"name":"wp","href":"https:\/\/api.w.org\/{rel}","templated":true}]}}