{"id":552,"date":"2025-09-10T14:06:53","date_gmt":"2025-09-10T14:06:53","guid":{"rendered":"https:\/\/bydcarchina.com\/?post_type=product&#038;p=552"},"modified":"2025-12-13T08:47:08","modified_gmt":"2025-12-13T08:47:08","slug":"byd-sealion-07-ev-2025-yeni%cc%87-enerji%cc%87","status":"publish","type":"product","link":"https:\/\/bydcarchina.com\/tr\/product\/byd-sealion-07-ev-2025-new-energy\/","title":{"rendered":"BYD Sealion 07 EV 2025 Yeni Enerji"},"content":{"rendered":"<p data-start=\"0\" data-end=\"263\">Ke\u015ffedin <strong data-start=\"11\" data-end=\"55\">y\u00fcksek performansl\u0131 saf elektrikli SUV (BEV)<\/strong> uzun mesafeli s\u00fcr\u00fc\u015f, g\u00fc\u00e7l\u00fc dinamikler ve \u00fcst\u00fcn g\u00fcnl\u00fck \u00e7ok y\u00f6nl\u00fcl\u00fck i\u00e7in tasarlanm\u0131\u015ft\u0131r. Hem menzil hem de performans arayan s\u00fcr\u00fcc\u00fclerin beklentilerini kar\u015f\u0131lamak \u00fczere tasarlanan bu ara\u00e7ta \u00f6ne \u00e7\u0131kan \u00f6zellikler \u015funlard\u0131r:<\/p>\n<p data-start=\"265\" data-end=\"472\"><strong data-start=\"265\" data-end=\"304\">Uzun Menzilli Tam Elektrikli G\u00fc\u00e7 Aktarma Organlar\u0131:<\/strong><br data-start=\"304\" data-end=\"307\" \/>Teslimat <strong data-start=\"318\" data-end=\"378\">CLTC dereceli 550 km veya 610 km'ye kadar saf elektrikli menzil<\/strong>, s\u0131f\u0131r egzoz emisyonu ile g\u00fcnl\u00fck i\u015fe gidip gelme ve uzun yolculuklar i\u00e7in g\u00fcven sa\u011flar.<\/p>\n<p data-start=\"474\" data-end=\"699\"><strong data-start=\"474\" data-end=\"517\">Performans Odakl\u0131 Aktarma Organlar\u0131 Se\u00e7enekleri:<\/strong><br data-start=\"517\" data-end=\"520\" \/>\u0130\u00e7inde mevcut <strong data-start=\"533\" data-end=\"584\">arkadan iti\u015fli (RWD) veya d\u00f6rt tekerlekten \u00e7eki\u015fli (AWD)<\/strong> konfig\u00fcrasyonlar, elde etmek <strong data-start=\"611\" data-end=\"649\">210 km\/sa veya 225 km\/sa azami h\u0131zlar<\/strong> g\u00fc\u00e7l\u00fc h\u0131zlanma ve y\u00fcksek h\u0131zda stabilite i\u00e7in.<\/p>\n<p data-start=\"701\" data-end=\"878\"><strong data-start=\"701\" data-end=\"731\">Geni\u015f SUV Mimarisi:<\/strong><br data-start=\"731\" data-end=\"734\" \/>Pratik bir yap\u0131ya sahiptir <strong data-start=\"755\" data-end=\"792\">5 kap\u0131l\u0131, 5 koltuklu SUV g\u00f6vde yap\u0131s\u0131<\/strong>, C\u00f6mert kabin alan\u0131, esnek kargo kapasitesi ve m\u00fckemmel yol tutu\u015fu sunar.<\/p>\n<p data-start=\"880\" data-end=\"1050\"><strong data-start=\"880\" data-end=\"919\">Sa\u011flam ve Dengeli Yap\u0131:<\/strong><br data-start=\"919\" data-end=\"922\" \/>ile <strong data-start=\"929\" data-end=\"968\">2,155 kg veya 2,210 kg bo\u015f a\u011f\u0131rl\u0131k<\/strong>, ara\u00e7 yap\u0131sal sa\u011flaml\u0131k, s\u00fcr\u00fc\u015f konforu ve dinamik performans\u0131 dengeler.<\/p>\n<p data-start=\"1052\" data-end=\"1229\"><strong data-start=\"1052\" data-end=\"1084\">Modern, Atletik \u00d6l\u00e7\u00fcler:<\/strong><br data-start=\"1084\" data-end=\"1087\" \/>\u00d6l\u00e7me <strong data-start=\"1097\" data-end=\"1125\">4.830 \u00d7 1.925 \u00d7 1.620 mm<\/strong>, SUV, geni\u015f bir duru\u015fu \u015f\u0131k bir profille birle\u015ftirerek hem denge hem de zarif bir estetik sunuyor.<\/p>\n<p data-start=\"1231\" data-end=\"1465\" data-is-last-node=\"\" data-is-only-node=\"\">Birle\u015ftirme <strong data-start=\"1241\" data-end=\"1329\">uzun elektrikli menzil, performans odakl\u0131 s\u00fcr\u00fc\u015f se\u00e7enekleri ve premium SUV oranlar\u0131<\/strong>, Bu BEV modeli, g\u00fc\u00e7, alan veya s\u00fcr\u00fc\u015f g\u00fcveninden \u00f6d\u00fcn vermeden s\u0131f\u0131r emisyonlu mobilite arayan s\u00fcr\u00fcc\u00fcler i\u00e7in ideal bir se\u00e7imdir.<\/p>","protected":false},"excerpt":{"rendered":"<p>Discover a high-performance pure electric SUV (BEV) engineered for long-distance driving, powerful dynamics, and premium everyday versatility. Designed to meet the expectations of drivers seeking both range and performance, it offers the following highlights: Long-Range All-Electric Powertrain:Delivers a CLTC-rated pure electric range of up to 550 km or 610 km, providing confidence for daily commuting [&hellip;]<\/p>\n","protected":false},"featured_media":571,"comment_status":"open","ping_status":"closed","template":"","meta":[],"product_brand":[],"product_cat":[17],"product_tag":[],"class_list":{"0":"post-552","1":"product","2":"type-product","3":"status-publish","4":"has-post-thumbnail","6":"product_cat-uncategorized","8":"first","9":"instock","10":"shipping-taxable","11":"product-type-simple"},"_links":{"self":[{"href":"https:\/\/bydcarchina.com\/tr\/wp-json\/wp\/v2\/product\/552","targetHints":{"allow":["GET"]}}],"collection":[{"href":"https:\/\/bydcarchina.com\/tr\/wp-json\/wp\/v2\/product"}],"about":[{"href":"https:\/\/bydcarchina.com\/tr\/wp-json\/wp\/v2\/types\/product"}],"replies":[{"embeddable":true,"href":"https:\/\/bydcarchina.com\/tr\/wp-json\/wp\/v2\/comments?post=552"}],"version-history":[{"count":2,"href":"https:\/\/bydcarchina.com\/tr\/wp-json\/wp\/v2\/product\/552\/revisions"}],"predecessor-version":[{"id":1126,"href":"https:\/\/bydcarchina.com\/tr\/wp-json\/wp\/v2\/product\/552\/revisions\/1126"}],"wp:featuredmedia":[{"embeddable":true,"href":"https:\/\/bydcarchina.com\/tr\/wp-json\/wp\/v2\/media\/571"}],"wp:attachment":[{"href":"https:\/\/bydcarchina.com\/tr\/wp-json\/wp\/v2\/media?parent=552"}],"wp:term":[{"taxonomy":"product_brand","embeddable":true,"href":"https:\/\/bydcarchina.com\/tr\/wp-json\/wp\/v2\/product_brand?post=552"},{"taxonomy":"product_cat","embeddable":true,"href":"https:\/\/bydcarchina.com\/tr\/wp-json\/wp\/v2\/product_cat?post=552"},{"taxonomy":"product_tag","embeddable":true,"href":"https:\/\/bydcarchina.com\/tr\/wp-json\/wp\/v2\/product_tag?post=552"}],"curies":[{"name":"wp","href":"https:\/\/api.w.org\/{rel}","templated":true}]}}