{"id":576,"date":"2025-09-11T12:37:18","date_gmt":"2025-09-11T12:37:18","guid":{"rendered":"https:\/\/bydcarchina.com\/?post_type=product&#038;p=576"},"modified":"2025-12-13T08:47:54","modified_gmt":"2025-12-13T08:47:54","slug":"byd-2025-han-dmi-akilli-surus-surumu","status":"publish","type":"product","link":"https:\/\/bydcarchina.com\/tr\/product\/byd-2025-han-dmi-intelligent-driving-edition\/","title":{"rendered":"BYD 2025 Han DMI Ak\u0131ll\u0131 S\u00fcr\u00fc\u015f S\u00fcr\u00fcm\u00fc"},"content":{"rendered":"<p data-start=\"0\" data-end=\"272\">Ke\u015ffedin <strong data-start=\"11\" data-end=\"56\">performans odakl\u0131 plug-in hibrit sedan<\/strong> uzun elektrikli menzil, turbo\u015farjl\u0131 verimlilik ve \u00fcst d\u00fczey konforu bir araya getirmek \u00fczere tasarlanm\u0131\u015ft\u0131r. Hem s\u00fcrd\u00fcr\u00fclebilirlik hem de dinamik performans talep eden s\u00fcr\u00fcc\u00fcler i\u00e7in tasarlanan ara\u00e7 a\u015fa\u011f\u0131daki \u00f6nemli \u00f6zellikleri sunuyor:<\/p>\n<p data-start=\"274\" data-end=\"534\"><strong data-start=\"274\" data-end=\"317\">Turbo\u015farjl\u0131 Plug-in Hibrit G\u00fc\u00e7 Aktarma Organlar\u0131:<\/strong><br data-start=\"317\" data-end=\"320\" \/>Taraf\u0131ndan desteklenmektedir <strong data-start=\"333\" data-end=\"375\">1,5 litrelik turbo\u015farjl\u0131 s\u0131ral\u0131 4 motor<\/strong> \u00fcreten <strong data-start=\"386\" data-end=\"396\">156 hp<\/strong>, m\u00fckemmel yak\u0131t verimlili\u011fini korurken g\u00fc\u00e7l\u00fc h\u0131zlanma sa\u011flamak i\u00e7in geli\u015fmi\u015f bir plug-in hibrit sistemle sorunsuz bir \u015fekilde entegre edilmi\u015ftir.<\/p>\n<p data-start=\"536\" data-end=\"836\"><strong data-start=\"536\" data-end=\"577\">Ola\u011fan\u00fcst\u00fc Saf Elektrik Kabiliyeti:<\/strong><br data-start=\"577\" data-end=\"580\" \/>ile \u00e7oklu batarya konfig\u00fcrasyonlar\u0131 sunar. <strong data-start=\"626\" data-end=\"692\">WLTC dereceli 180 km'ye kadar saf elektrikli menzil (102 km opsiyonel)<\/strong>. Alt\u0131nda <strong data-start=\"700\" data-end=\"786\">CLTC testi, sadece elektrikli menzil etkileyici bir \u015fekilde 245 km'ye (125 km varyant) ula\u015f\u0131yor<\/strong>, uzun s\u00fcreli s\u0131f\u0131r emisyonlu g\u00fcnl\u00fck s\u00fcr\u00fc\u015f\u00fc destekler.<\/p>\n<p data-start=\"838\" data-end=\"986\"><strong data-start=\"838\" data-end=\"865\">Y\u00fcksek H\u0131zl\u0131 Performans:<\/strong><br data-start=\"865\" data-end=\"868\" \/>ile <strong data-start=\"875\" data-end=\"900\">200 km\/s azami h\u0131z<\/strong>, Sedan, otoyolda kendinden emin bir seyir ve rafine uzun mesafe performans\u0131 sa\u011flar.<\/p>\n<p data-start=\"988\" data-end=\"1137\"><strong data-start=\"988\" data-end=\"1024\">Geni\u015f Y\u00f6netici Sedan D\u00fczeni:<\/strong><br data-start=\"1024\" data-end=\"1027\" \/>A <strong data-start=\"1029\" data-end=\"1062\">4 kap\u0131l\u0131, 5 koltuklu g\u00f6vde yap\u0131s\u0131<\/strong> hem i\u015f hem de aile kullan\u0131m\u0131 i\u00e7in geni\u015f kabin alan\u0131 ve konfor sa\u011flar.<\/p>\n<p data-start=\"1139\" data-end=\"1306\"><strong data-start=\"1139\" data-end=\"1179\">B\u00fcy\u00fck, \u0130yi Orant\u0131l\u0131 Boyutlar:<\/strong><br data-start=\"1179\" data-end=\"1182\" \/>\u00d6l\u00e7me <strong data-start=\"1192\" data-end=\"1220\">4.995 \u00d7 1.910 \u00d7 1.495 mm<\/strong>, Ara\u00e7 geni\u015f bir duru\u015f, g\u00fc\u00e7l\u00fc bir yol tutu\u015fu ve m\u00fckemmel bir i\u00e7 mekan sunuyor.<\/p>\n<p data-start=\"1308\" data-end=\"1500\"><strong data-start=\"1308\" data-end=\"1337\">Optimize Edilmi\u015f A\u011f\u0131rl\u0131k Dengesi:<\/strong><br data-start=\"1337\" data-end=\"1340\" \/>ile <strong data-start=\"1347\" data-end=\"1386\">bo\u015f a\u011f\u0131rl\u0131\u011f\u0131 2.045 kg veya 1.910 kg<\/strong>, Sedan, farkl\u0131 g\u00fc\u00e7 aktarma konfig\u00fcrasyonlar\u0131nda yap\u0131sal g\u00fc\u00e7, s\u00fcr\u00fc\u015f konforu ve verimlili\u011fi dengeler.<\/p>\n<p data-start=\"1502\" data-end=\"1754\" data-is-last-node=\"\" data-is-only-node=\"\">Birle\u015ftirme <strong data-start=\"1512\" data-end=\"1610\">turbo \u015farjl\u0131 hibrit performans\u0131, s\u0131n\u0131f\u0131n\u0131n lideri elektrikli menzili ve tam boy sedan oranlar\u0131<\/strong>, Bu plug-in hibrit model, g\u00fc\u00e7, konfor veya premium \u00e7ekicilikten \u00f6d\u00fcn vermeden elektrikli verimlilik arayan s\u00fcr\u00fcc\u00fcler i\u00e7in ideal bir se\u00e7imdir.<\/p>","protected":false},"excerpt":{"rendered":"<p>Discover a performance-oriented plug-in hybrid sedan designed to combine long electric range, turbocharged efficiency, and executive-level comfort. Engineered for drivers who demand both sustainability and dynamic performance, it delivers the following key highlights: Turbocharged Plug-in Hybrid Powertrain:Powered by a 1.5-liter turbocharged inline-4 engine producing 156 hp, seamlessly integrated with an advanced plug-in hybrid system to [&hellip;]<\/p>\n","protected":false},"featured_media":582,"comment_status":"open","ping_status":"closed","template":"","meta":[],"product_brand":[],"product_cat":[17],"product_tag":[],"class_list":{"0":"post-576","1":"product","2":"type-product","3":"status-publish","4":"has-post-thumbnail","6":"product_cat-uncategorized","8":"first","9":"instock","10":"shipping-taxable","11":"product-type-simple"},"_links":{"self":[{"href":"https:\/\/bydcarchina.com\/tr\/wp-json\/wp\/v2\/product\/576","targetHints":{"allow":["GET"]}}],"collection":[{"href":"https:\/\/bydcarchina.com\/tr\/wp-json\/wp\/v2\/product"}],"about":[{"href":"https:\/\/bydcarchina.com\/tr\/wp-json\/wp\/v2\/types\/product"}],"replies":[{"embeddable":true,"href":"https:\/\/bydcarchina.com\/tr\/wp-json\/wp\/v2\/comments?post=576"}],"version-history":[{"count":2,"href":"https:\/\/bydcarchina.com\/tr\/wp-json\/wp\/v2\/product\/576\/revisions"}],"predecessor-version":[{"id":1128,"href":"https:\/\/bydcarchina.com\/tr\/wp-json\/wp\/v2\/product\/576\/revisions\/1128"}],"wp:featuredmedia":[{"embeddable":true,"href":"https:\/\/bydcarchina.com\/tr\/wp-json\/wp\/v2\/media\/582"}],"wp:attachment":[{"href":"https:\/\/bydcarchina.com\/tr\/wp-json\/wp\/v2\/media?parent=576"}],"wp:term":[{"taxonomy":"product_brand","embeddable":true,"href":"https:\/\/bydcarchina.com\/tr\/wp-json\/wp\/v2\/product_brand?post=576"},{"taxonomy":"product_cat","embeddable":true,"href":"https:\/\/bydcarchina.com\/tr\/wp-json\/wp\/v2\/product_cat?post=576"},{"taxonomy":"product_tag","embeddable":true,"href":"https:\/\/bydcarchina.com\/tr\/wp-json\/wp\/v2\/product_tag?post=576"}],"curies":[{"name":"wp","href":"https:\/\/api.w.org\/{rel}","templated":true}]}}