{"id":615,"date":"2025-09-11T13:10:09","date_gmt":"2025-09-11T13:10:09","guid":{"rendered":"https:\/\/bydcarchina.com\/?post_type=product&#038;p=615"},"modified":"2025-12-13T08:50:12","modified_gmt":"2025-12-13T08:50:12","slug":"byd-2025-song-ldmi-smart-driving-edition","status":"publish","type":"product","link":"https:\/\/bydcarchina.com\/tr\/product\/byd-2025-song-ldmi-smart-driving-edition\/","title":{"rendered":"BYD 2025 Song LDMi Ak\u0131ll\u0131 S\u00fcr\u00fc\u015f S\u00fcr\u00fcm\u00fc"},"content":{"rendered":"<p data-start=\"0\" data-end=\"258\">Ke\u015ffedin <strong data-start=\"11\" data-end=\"43\">\u00e7ok y\u00f6nl\u00fc plug-in hibrit SUV<\/strong> uzun elektrikli menzil, verimli benzin performans\u0131 ve g\u00fcnl\u00fck pratikli\u011fi bir araya getirmek \u00fczere tasarlanm\u0131\u015ft\u0131r. Esnek elektrikli mobilite arayan aileler ve s\u00fcr\u00fcc\u00fcler i\u00e7in tasarlanan ara\u00e7, a\u015fa\u011f\u0131daki \u00f6nemli \u00f6zellikleri sunuyor:<\/p>\n<p data-start=\"260\" data-end=\"520\"><strong data-start=\"260\" data-end=\"299\">Geli\u015fmi\u015f Plug-in Hibrit G\u00fc\u00e7 Aktarma Organlar\u0131:<\/strong><br data-start=\"299\" data-end=\"302\" \/>Taraf\u0131ndan desteklenmektedir <strong data-start=\"315\" data-end=\"351\">1,5 litrelik s\u0131ral\u0131 4 benzinli motor<\/strong> \u00fcreten <strong data-start=\"362\" data-end=\"372\">101 hp<\/strong>, ak\u0131ll\u0131 bir plug-in hibrit sistemle sorunsuz bir \u015fekilde entegre edilerek elektrikli s\u00fcr\u00fc\u015fe \u00f6ncelik verirken g\u00fcvenilir uzun mesafe kabiliyeti sa\u011flar.<\/p>\n<p data-start=\"522\" data-end=\"859\"><strong data-start=\"522\" data-end=\"563\">Geni\u015fletilmi\u015f Saf Elektrikli S\u00fcr\u00fc\u015f Menzili:<\/strong><br data-start=\"563\" data-end=\"566\" \/>\u00c7oklu batarya konfig\u00fcrasyonlar\u0131 bir <strong data-start=\"606\" data-end=\"694\">WLTC s\u0131n\u0131f\u0131 135 km'ye kadar elektrikli menzil (100 km \/ 60 km \/ 91 km \/ 128 km varyantlar\u0131)<\/strong>. Alt\u0131nda <strong data-start=\"702\" data-end=\"803\">CLTC testi, saf elektrikli menzil 200 km'ye kadar ula\u015f\u0131r (130 km \/ 75 km \/ 112 km \/ 160 km se\u00e7enekleri)<\/strong>, Bu da g\u00fcnl\u00fck s\u0131f\u0131r emisyonlu i\u015fe gidip gelmeyi son derece pratik hale getiriyor.<\/p>\n<p data-start=\"861\" data-end=\"1035\"><strong data-start=\"861\" data-end=\"886\">Dengeli Performans:<\/strong><br data-start=\"886\" data-end=\"889\" \/>ile <strong data-start=\"896\" data-end=\"921\">180 km\/s azami h\u0131z<\/strong>, SUV, m\u00fckemmel genel verimlili\u011fi korurken yumu\u015fak h\u0131zlanma ve dengeli otoyol seyri sa\u011flar.<\/p>\n<p data-start=\"1037\" data-end=\"1214\"><strong data-start=\"1037\" data-end=\"1068\">Geni\u015f 5 Kap\u0131l\u0131 SUV D\u00fczeni:<\/strong><br data-start=\"1068\" data-end=\"1071\" \/>A <strong data-start=\"1073\" data-end=\"1106\">5 kap\u0131l\u0131, 5 koltuklu g\u00f6vde yap\u0131s\u0131<\/strong> c\u00f6mert kabin alan\u0131, esnek kargo kapasitesi ve aile veya i\u015f kullan\u0131m\u0131 i\u00e7in konforlu koltuklar sa\u011flar.<\/p>\n<p data-start=\"1216\" data-end=\"1377\"><strong data-start=\"1216\" data-end=\"1253\">\u0130yi Orant\u0131l\u0131 SUV Boyutlar\u0131:<\/strong><br data-start=\"1253\" data-end=\"1256\" \/>\u00d6l\u00e7me <strong data-start=\"1266\" data-end=\"1294\">4.780 \u00d7 1.898 \u00d7 1.670 mm<\/strong>, Ara\u00e7 geni\u015f bir duru\u015f, y\u00fckseltilmi\u015f s\u00fcr\u00fc\u015f y\u00fcksekli\u011fi ve g\u00fc\u00e7l\u00fc bir yol duru\u015fu sunuyor.<\/p>\n<p data-start=\"1379\" data-end=\"1571\"><strong data-start=\"1379\" data-end=\"1402\">Sa\u011flam Yap\u0131:<\/strong><br data-start=\"1402\" data-end=\"1405\" \/>ile <strong data-start=\"1410\" data-end=\"1460\">bo\u015f a\u011f\u0131rl\u0131klar 2,225 kg ile 2,375 kg aras\u0131nda de\u011fi\u015fmektedir<\/strong>, SUV, farkl\u0131 g\u00fc\u00e7 aktarma konfig\u00fcrasyonlar\u0131nda yap\u0131sal g\u00fc\u00e7, s\u00fcr\u00fc\u015f konforu ve dengeyi dengeler.<\/p>\n<p data-start=\"1573\" data-end=\"1815\" data-is-last-node=\"\" data-is-only-node=\"\">Birle\u015ftirme <strong data-start=\"1583\" data-end=\"1667\">uzun elektrikli menzil, kan\u0131tlanm\u0131\u015f plug-in hibrit verimlili\u011fi ve geni\u015f SUV tasar\u0131m\u0131<\/strong>, Bu PHEV modeli, pratiklik, konfor veya g\u00fcnl\u00fck kullan\u0131labilirlikten \u00f6d\u00fcn vermeden elektrikli mobilite arayan s\u00fcr\u00fcc\u00fcler i\u00e7in m\u00fckemmel bir se\u00e7imdir.<\/p>","protected":false},"excerpt":{"rendered":"<p>Discover a versatile plug-in hybrid SUV engineered to combine long electric range, efficient petrol performance, and everyday practicality. Designed for families and drivers seeking flexible electrified mobility, it delivers the following key highlights: Advanced Plug-in Hybrid Powertrain:Powered by a 1.5-liter inline-4 petrol engine producing 101 hp, seamlessly integrated with an intelligent plug-in hybrid system to [&hellip;]<\/p>\n","protected":false},"featured_media":628,"comment_status":"open","ping_status":"closed","template":"","meta":[],"product_brand":[],"product_cat":[17],"product_tag":[],"class_list":{"0":"post-615","1":"product","2":"type-product","3":"status-publish","4":"has-post-thumbnail","6":"product_cat-uncategorized","8":"first","9":"instock","10":"shipping-taxable","11":"product-type-simple"},"_links":{"self":[{"href":"https:\/\/bydcarchina.com\/tr\/wp-json\/wp\/v2\/product\/615","targetHints":{"allow":["GET"]}}],"collection":[{"href":"https:\/\/bydcarchina.com\/tr\/wp-json\/wp\/v2\/product"}],"about":[{"href":"https:\/\/bydcarchina.com\/tr\/wp-json\/wp\/v2\/types\/product"}],"replies":[{"embeddable":true,"href":"https:\/\/bydcarchina.com\/tr\/wp-json\/wp\/v2\/comments?post=615"}],"version-history":[{"count":2,"href":"https:\/\/bydcarchina.com\/tr\/wp-json\/wp\/v2\/product\/615\/revisions"}],"predecessor-version":[{"id":1131,"href":"https:\/\/bydcarchina.com\/tr\/wp-json\/wp\/v2\/product\/615\/revisions\/1131"}],"wp:featuredmedia":[{"embeddable":true,"href":"https:\/\/bydcarchina.com\/tr\/wp-json\/wp\/v2\/media\/628"}],"wp:attachment":[{"href":"https:\/\/bydcarchina.com\/tr\/wp-json\/wp\/v2\/media?parent=615"}],"wp:term":[{"taxonomy":"product_brand","embeddable":true,"href":"https:\/\/bydcarchina.com\/tr\/wp-json\/wp\/v2\/product_brand?post=615"},{"taxonomy":"product_cat","embeddable":true,"href":"https:\/\/bydcarchina.com\/tr\/wp-json\/wp\/v2\/product_cat?post=615"},{"taxonomy":"product_tag","embeddable":true,"href":"https:\/\/bydcarchina.com\/tr\/wp-json\/wp\/v2\/product_tag?post=615"}],"curies":[{"name":"wp","href":"https:\/\/api.w.org\/{rel}","templated":true}]}}