{"id":697,"date":"2025-09-11T13:31:37","date_gmt":"2025-09-11T13:31:37","guid":{"rendered":"https:\/\/bydcarchina.com\/?post_type=product&#038;p=697"},"modified":"2025-12-13T09:06:45","modified_gmt":"2025-12-13T09:06:45","slug":"byd-2025-atto-3-yuan-up-smart-driving-edition","status":"publish","type":"product","link":"https:\/\/bydcarchina.com\/tr\/product\/byd-2025-atto-3-yuan-up-smart-driving-edition\/","title":{"rendered":"BYD 2025 Yuan Up Ak\u0131ll\u0131 S\u00fcr\u00fc\u015f S\u00fcr\u00fcm\u00fc"},"content":{"rendered":"<p data-start=\"0\" data-end=\"229\">Ke\u015ffedin <strong data-start=\"11\" data-end=\"45\">modern saf elektrikli SUV (BEV)<\/strong> dengeli performans, pratik menzil ve g\u00fcnl\u00fck \u00e7ok y\u00f6nl\u00fcl\u00fck i\u00e7in tasarlanm\u0131\u015ft\u0131r. Hem \u015fehirli s\u00fcr\u00fcc\u00fclerin hem de ailelerin ihtiya\u00e7lar\u0131n\u0131 kar\u015f\u0131lamak \u00fczere tasarlanan bu ara\u00e7 a\u015fa\u011f\u0131daki \u00f6nemli \u00f6zellikleri sunuyor:<\/p>\n<p data-start=\"231\" data-end=\"481\"><strong data-start=\"231\" data-end=\"259\">Tamamen Elektrikli G\u00fc\u00e7 Aktarma Organlar\u0131:<\/strong><br data-start=\"259\" data-end=\"262\" \/>\u0130le kullan\u0131labilir <strong data-start=\"277\" data-end=\"303\">49,92 kWh veya 60,48 kWh<\/strong> pil se\u00e7enekleri sunarak <strong data-start=\"334\" data-end=\"391\">430 km veya 510 km'ye kadar saf elektrikli s\u00fcr\u00fc\u015f menzili<\/strong>, Bu da onu s\u0131f\u0131r egzoz emisyonu ile g\u00fcnl\u00fck i\u015fe gidip gelme ve uzun yolculuklar i\u00e7in \u00e7ok uygun hale getiriyor.<\/p>\n<p data-start=\"483\" data-end=\"700\"><strong data-start=\"483\" data-end=\"519\">Ak\u0131c\u0131 ve Duyarl\u0131 Performans:<\/strong><br data-start=\"519\" data-end=\"522\" \/>\u015euradan h\u0131zlan\u0131r <strong data-start=\"539\" data-end=\"568\">0-100 km\/s h\u0131zlanma 7,3 saniye<\/strong>, Kendinden emin ve rafine elektrik performans\u0131 sa\u011flar. A <strong data-start=\"626\" data-end=\"651\">160 km\/s azami h\u0131z<\/strong> otoyolda dengeli ve konforlu bir seyir sa\u011flar.<\/p>\n<p data-start=\"702\" data-end=\"880\"><strong data-start=\"702\" data-end=\"736\">Verimlilik Odakl\u0131 Aktarma Organlar\u0131:<\/strong><br data-start=\"736\" data-end=\"739\" \/>Bu <strong data-start=\"743\" data-end=\"770\">\u00f6nden \u00e7eki\u015fli (FWD)<\/strong> d\u00fczeni, enerji verimlili\u011fini, \u00f6ng\u00f6r\u00fclebilir yol tutu\u015funu ve \u015fehir i\u00e7i ve otoyol ko\u015fullar\u0131nda s\u00fcr\u00fc\u015f kolayl\u0131\u011f\u0131n\u0131 art\u0131r\u0131r.<\/p>\n<p data-start=\"882\" data-end=\"1089\"><strong data-start=\"882\" data-end=\"915\">\u0130yi Orant\u0131l\u0131 SUV Tasar\u0131m\u0131:<\/strong><br data-start=\"915\" data-end=\"918\" \/>Boyutlar\u0131 ile <strong data-start=\"937\" data-end=\"965\">4,455 \u00d7 1,875 \u00d7 1,615 mm<\/strong>, SUV geni\u015f bir duru\u015f, y\u00fckseltilmi\u015f s\u00fcr\u00fc\u015f y\u00fcksekli\u011fi ve geni\u015f bir kabin sunarak manevra kabiliyetini i\u00e7 konforla dengeliyor.<\/p>\n<p data-start=\"1091\" data-end=\"1327\" data-is-last-node=\"\" data-is-only-node=\"\">Birle\u015ftirme <strong data-start=\"1101\" data-end=\"1183\">pratik elektrikli menzil, yumu\u015fak h\u0131zlanma ve \u00e7ok y\u00f6nl\u00fc bir SUV form fakt\u00f6r\u00fc<\/strong>, Bu BEV modeli, g\u00fcnl\u00fck kullan\u0131labilirlik veya konfordan \u00f6d\u00fcn vermeden g\u00fcvenilir, s\u0131f\u0131r emisyonlu mobilite arayan s\u00fcr\u00fcc\u00fcler i\u00e7in m\u00fckemmel bir se\u00e7imdir.<\/p>","protected":false},"excerpt":{"rendered":"<p>Discover a modern pure electric SUV (BEV) engineered for balanced performance, practical range, and everyday versatility. Designed to meet the needs of urban drivers and families alike, it offers the following key highlights: All-Electric Powertrain:Available with 49.92 kWh or 60.48 kWh battery options, delivering a pure electric driving range of up to 430 km or [&hellip;]<\/p>\n","protected":false},"featured_media":714,"comment_status":"open","ping_status":"closed","template":"","meta":[],"product_brand":[],"product_cat":[17],"product_tag":[],"class_list":{"0":"post-697","1":"product","2":"type-product","3":"status-publish","4":"has-post-thumbnail","6":"product_cat-uncategorized","8":"first","9":"instock","10":"shipping-taxable","11":"product-type-simple"},"_links":{"self":[{"href":"https:\/\/bydcarchina.com\/tr\/wp-json\/wp\/v2\/product\/697","targetHints":{"allow":["GET"]}}],"collection":[{"href":"https:\/\/bydcarchina.com\/tr\/wp-json\/wp\/v2\/product"}],"about":[{"href":"https:\/\/bydcarchina.com\/tr\/wp-json\/wp\/v2\/types\/product"}],"replies":[{"embeddable":true,"href":"https:\/\/bydcarchina.com\/tr\/wp-json\/wp\/v2\/comments?post=697"}],"version-history":[{"count":4,"href":"https:\/\/bydcarchina.com\/tr\/wp-json\/wp\/v2\/product\/697\/revisions"}],"predecessor-version":[{"id":1139,"href":"https:\/\/bydcarchina.com\/tr\/wp-json\/wp\/v2\/product\/697\/revisions\/1139"}],"wp:featuredmedia":[{"embeddable":true,"href":"https:\/\/bydcarchina.com\/tr\/wp-json\/wp\/v2\/media\/714"}],"wp:attachment":[{"href":"https:\/\/bydcarchina.com\/tr\/wp-json\/wp\/v2\/media?parent=697"}],"wp:term":[{"taxonomy":"product_brand","embeddable":true,"href":"https:\/\/bydcarchina.com\/tr\/wp-json\/wp\/v2\/product_brand?post=697"},{"taxonomy":"product_cat","embeddable":true,"href":"https:\/\/bydcarchina.com\/tr\/wp-json\/wp\/v2\/product_cat?post=697"},{"taxonomy":"product_tag","embeddable":true,"href":"https:\/\/bydcarchina.com\/tr\/wp-json\/wp\/v2\/product_tag?post=697"}],"curies":[{"name":"wp","href":"https:\/\/api.w.org\/{rel}","templated":true}]}}