{"id":717,"date":"2025-09-13T14:06:41","date_gmt":"2025-09-13T14:06:41","guid":{"rendered":"https:\/\/bydcarchina.com\/?post_type=product&#038;p=717"},"modified":"2025-12-13T09:09:18","modified_gmt":"2025-12-13T09:09:18","slug":"formula-leopar-titanyum-3","status":"publish","type":"product","link":"https:\/\/bydcarchina.com\/tr\/product\/formula-leopard-titanium-3\/","title":{"rendered":"Formula Leopard Titanyum 3"},"content":{"rendered":"<p data-start=\"0\" data-end=\"232\">Ke\u015ffedin <strong data-start=\"11\" data-end=\"38\">saf elektrikli SUV (BEV)<\/strong> uzun menzilli verimlilik, kendinden emin performans ve ak\u0131ll\u0131 g\u00fcnl\u00fck s\u00fcr\u00fc\u015f i\u00e7in tasarlanm\u0131\u015ft\u0131r. Modern s\u0131f\u0131r emisyonlu mobilitenin taleplerini kar\u015f\u0131lamak \u00fczere tasarlanan bu ara\u00e7 a\u015fa\u011f\u0131daki \u00f6nemli \u00f6zellikleri sunmaktad\u0131r:<\/p>\n<p data-start=\"234\" data-end=\"470\"><strong data-start=\"234\" data-end=\"262\">Tamamen Elektrikli G\u00fc\u00e7 Aktarma Organlar\u0131:<\/strong><br data-start=\"262\" data-end=\"265\" \/>Dayan\u0131kl\u0131 bir <strong data-start=\"286\" data-end=\"326\">lityum demir fosfat (LFP) pil<\/strong>, teslim etmek <strong data-start=\"341\" data-end=\"394\">CLTC dereceli saf elektrikli seyir menzili 501 km<\/strong>, s\u0131f\u0131r egzoz emisyonu ile g\u00fcnl\u00fck i\u015fe gidip gelme ve uzun yolculuklar i\u00e7in idealdir.<\/p>\n<p data-start=\"472\" data-end=\"642\"><strong data-start=\"472\" data-end=\"498\">Kendine G\u00fcvenen Performans:<\/strong><br data-start=\"498\" data-end=\"501\" \/>ile <strong data-start=\"508\" data-end=\"537\">201 km\/saat maksimum h\u0131z<\/strong>, SUV, hem \u015fehir i\u00e7i hem de otoyol s\u00fcr\u00fc\u015f\u00fc i\u00e7in g\u00fc\u00e7l\u00fc h\u0131zlanma ve dengeli y\u00fcksek h\u0131zl\u0131 seyir sa\u011flar.<\/p>\n<p data-start=\"644\" data-end=\"823\"><strong data-start=\"644\" data-end=\"674\">Geni\u015f SUV Mimarisi:<\/strong><br data-start=\"674\" data-end=\"677\" \/>\u00d6zellikli bir <strong data-start=\"689\" data-end=\"728\">5 kap\u0131l\u0131, 5 koltuklu SUV g\u00f6vde yap\u0131s\u0131<\/strong>, C\u00f6mert kabin alan\u0131, esnek kargo kapasitesi ve m\u00fckemmel g\u00fcnl\u00fck pratiklik sunar.<\/p>\n<p data-start=\"825\" data-end=\"1027\"><strong data-start=\"825\" data-end=\"865\">Dengeli Boyutlar ve Yol Varl\u0131\u011f\u0131:<\/strong><br data-start=\"865\" data-end=\"868\" \/>\u00d6l\u00e7me <strong data-start=\"878\" data-end=\"906\">4.605 \u00d7 1.900 \u00d7 1.720 mm<\/strong>, Ara\u00e7, konfor, denge ve yola hakimiyet i\u00e7in geni\u015f bir duru\u015fu y\u00fcksek bir s\u00fcr\u00fc\u015f y\u00fcksekli\u011fi ile birle\u015ftiriyor.<\/p>\n<p data-start=\"1029\" data-end=\"1260\"><strong data-start=\"1029\" data-end=\"1058\">Konfor ve G\u00fcvenlik Deste\u011fi:<\/strong><br data-start=\"1058\" data-end=\"1061\" \/>\u0130le donat\u0131lm\u0131\u015ft\u0131r <strong data-start=\"1075\" data-end=\"1095\">235\/60 R18 lastikler<\/strong> dengeli s\u00fcr\u00fc\u015f kalitesi ve yol tutu\u015fu i\u00e7in bir <strong data-start=\"1145\" data-end=\"1183\">360 derece panoramik kamera sistemi<\/strong> dar \u015fehir ortamlar\u0131nda g\u00f6r\u00fcn\u00fcrl\u00fc\u011f\u00fc ve s\u00fcr\u00fc\u015f yard\u0131m\u0131n\u0131 art\u0131r\u0131r.<\/p>\n<p data-start=\"1262\" data-end=\"1534\" data-is-last-node=\"\" data-is-only-node=\"\">Birle\u015ftirme <strong data-start=\"1272\" data-end=\"1370\">uzun elektrikli menzil, sa\u011flam LFP batarya teknolojisi ve ak\u0131ll\u0131 s\u00fcr\u00fcc\u00fc destek \u00f6zellikleri<\/strong>, Bu BEV SUV, alan veya performanstan \u00f6d\u00fcn vermeden g\u00fcvenilir, verimli ve teknolojik olarak geli\u015fmi\u015f elektrikli mobilite arayan s\u00fcr\u00fcc\u00fcler i\u00e7in ideal bir se\u00e7imdir.<\/p>","protected":false},"excerpt":{"rendered":"<p>Discover a pure electric SUV (BEV) engineered for long-range efficiency, confident performance, and intelligent everyday driving. Designed to meet the demands of modern zero-emission mobility, it offers the following highlights: All-Electric Powertrain:Powered by a durable lithium iron phosphate (LFP) battery, delivering a CLTC-rated pure electric cruising range of 501 km, ideal for daily commuting and [&hellip;]<\/p>\n","protected":false},"featured_media":718,"comment_status":"open","ping_status":"closed","template":"","meta":[],"product_brand":[],"product_cat":[17],"product_tag":[],"class_list":{"0":"post-717","1":"product","2":"type-product","3":"status-publish","4":"has-post-thumbnail","6":"product_cat-uncategorized","8":"first","9":"instock","10":"shipping-taxable","11":"product-type-simple"},"_links":{"self":[{"href":"https:\/\/bydcarchina.com\/tr\/wp-json\/wp\/v2\/product\/717","targetHints":{"allow":["GET"]}}],"collection":[{"href":"https:\/\/bydcarchina.com\/tr\/wp-json\/wp\/v2\/product"}],"about":[{"href":"https:\/\/bydcarchina.com\/tr\/wp-json\/wp\/v2\/types\/product"}],"replies":[{"embeddable":true,"href":"https:\/\/bydcarchina.com\/tr\/wp-json\/wp\/v2\/comments?post=717"}],"version-history":[{"count":2,"href":"https:\/\/bydcarchina.com\/tr\/wp-json\/wp\/v2\/product\/717\/revisions"}],"predecessor-version":[{"id":1144,"href":"https:\/\/bydcarchina.com\/tr\/wp-json\/wp\/v2\/product\/717\/revisions\/1144"}],"wp:featuredmedia":[{"embeddable":true,"href":"https:\/\/bydcarchina.com\/tr\/wp-json\/wp\/v2\/media\/718"}],"wp:attachment":[{"href":"https:\/\/bydcarchina.com\/tr\/wp-json\/wp\/v2\/media?parent=717"}],"wp:term":[{"taxonomy":"product_brand","embeddable":true,"href":"https:\/\/bydcarchina.com\/tr\/wp-json\/wp\/v2\/product_brand?post=717"},{"taxonomy":"product_cat","embeddable":true,"href":"https:\/\/bydcarchina.com\/tr\/wp-json\/wp\/v2\/product_cat?post=717"},{"taxonomy":"product_tag","embeddable":true,"href":"https:\/\/bydcarchina.com\/tr\/wp-json\/wp\/v2\/product_tag?post=717"}],"curies":[{"name":"wp","href":"https:\/\/api.w.org\/{rel}","templated":true}]}}