{"id":725,"date":"2025-09-13T14:09:05","date_gmt":"2025-09-13T14:09:05","guid":{"rendered":"https:\/\/bydcarchina.com\/?post_type=product&#038;p=725"},"modified":"2025-12-13T09:09:52","modified_gmt":"2025-12-13T09:09:52","slug":"formula-leopard-titanium-7","status":"publish","type":"product","link":"https:\/\/bydcarchina.com\/tr\/product\/formula-leopard-titanium-7\/","title":{"rendered":"Formula Leopard Titanyum 7"},"content":{"rendered":"<p data-start=\"0\" data-end=\"270\">Ke\u015ffedin <strong data-start=\"11\" data-end=\"40\">sa\u011flam plug-in hibrit SUV<\/strong> sadece elektrikle \u00e7al\u0131\u015fan uzun menzil, kendinden emin performans ve g\u00fcnl\u00fck \u00e7ok y\u00f6nl\u00fcl\u00fck sunmak \u00fczere tasarlanm\u0131\u015ft\u0131r. Alandan veya kabiliyetten \u00f6d\u00fcn vermeden elektrikli verimlilik arayan s\u00fcr\u00fcc\u00fcler i\u00e7in tasarlanan ara\u00e7 a\u015fa\u011f\u0131daki \u00f6nemli \u00f6zellikleri sunuyor:<\/p>\n<p data-start=\"272\" data-end=\"488\"><strong data-start=\"272\" data-end=\"307\">Geli\u015fmi\u015f Plug-in Hibrit Sistem:<\/strong><br data-start=\"307\" data-end=\"310\" \/>ile donat\u0131lm\u0131\u015ft\u0131r. <strong data-start=\"326\" data-end=\"366\">lityum demir fosfat (LFP) pil<\/strong>, Ara\u00e7, g\u00fcnl\u00fck kullan\u0131m i\u00e7in elektrikli s\u00fcr\u00fc\u015fe \u00f6ncelik verirken, uzun yolculuklar i\u00e7in benzinli esnekli\u011fini koruyor.<\/p>\n<p data-start=\"490\" data-end=\"778\"><strong data-start=\"490\" data-end=\"532\">Geni\u015fletilmi\u015f Saf Elektrikli Seyir Menzili:<\/strong><br data-start=\"532\" data-end=\"535\" \/>\u00c7oklu konfig\u00fcrasyonlar bir <strong data-start=\"569\" data-end=\"641\">WLTC s\u0131n\u0131f\u0131 140 km'ye kadar elektrikli menzil (105 km \/ 130 km varyantlar)<\/strong>. Alt\u0131nda <strong data-start=\"649\" data-end=\"733\">CLTC testi, saf elektrikli menzil 200 km'ye kadar ula\u015f\u0131yor (135 km \/ 190 km se\u00e7enekleri)<\/strong>, Bu da pratik s\u0131f\u0131r emisyonlu i\u015fe gidip gelmeyi m\u00fcmk\u00fcn k\u0131l\u0131yor.<\/p>\n<p data-start=\"780\" data-end=\"950\"><strong data-start=\"780\" data-end=\"811\">Kendine G\u00fcvenen Yol Performans\u0131:<\/strong><br data-start=\"811\" data-end=\"814\" \/>ile <strong data-start=\"821\" data-end=\"850\">maksimum h\u0131z 190 km\/saat<\/strong>, SUV, \u00e7e\u015fitli s\u00fcr\u00fc\u015f ko\u015fullar\u0131nda dengeli otoyol seyri ve sorunsuz g\u00fc\u00e7 da\u011f\u0131t\u0131m\u0131 sunar.<\/p>\n<p data-start=\"952\" data-end=\"1126\"><strong data-start=\"952\" data-end=\"985\">Geni\u015f 5 Koltuklu SUV Tasar\u0131m\u0131:<\/strong><br data-start=\"985\" data-end=\"988\" \/>A <strong data-start=\"990\" data-end=\"1023\">5 kap\u0131l\u0131, 5 koltuklu g\u00f6vde yap\u0131s\u0131<\/strong> c\u00f6mert kabin alan\u0131, esnek kargo kapasitesi ve hem aile hem de ya\u015fam tarz\u0131 kullan\u0131m\u0131 i\u00e7in konfor sa\u011flar.<\/p>\n<p data-start=\"1128\" data-end=\"1317\"><strong data-start=\"1128\" data-end=\"1161\">B\u00fcy\u00fck, H\u00fckmedici Boyutlar:<\/strong><br data-start=\"1161\" data-end=\"1164\" \/>\u00d6l\u00e7me <strong data-start=\"1174\" data-end=\"1202\">4.999 \u00d7 1.995 \u00d7 1.865 mm<\/strong>, SUV geni\u015f bir duru\u015fa ve y\u00fcksek bir profile sahiptir, g\u00fc\u00e7l\u00fc bir yol duru\u015fu ve m\u00fckemmel bir i\u00e7 mekan sunar.<\/p>\n<p data-start=\"1319\" data-end=\"1449\"><strong data-start=\"1319\" data-end=\"1342\">Dengeli S\u00fcr\u00fc\u015f ve Kavrama:<\/strong><br data-start=\"1342\" data-end=\"1345\" \/>\u0130le donat\u0131lm\u0131\u015f <strong data-start=\"1357\" data-end=\"1377\">255\/60 R19 lastikler<\/strong>, Ara\u00e7 s\u00fcr\u00fc\u015f konforu, yol tutu\u015fu ve arazi g\u00fcvenli\u011fini dengeliyor.<\/p>\n<p data-start=\"1451\" data-end=\"1705\" data-is-last-node=\"\" data-is-only-node=\"\">Birle\u015ftirme <strong data-start=\"1461\" data-end=\"1548\">uzun elektrikli menzil, dayan\u0131kl\u0131 LFP pil teknolojisi ve geni\u015f bir SUV form fakt\u00f6r\u00fc<\/strong>, Bu plug-in hibrit model, g\u00fcnl\u00fck pratikli\u011fi ve performans\u0131 korurken elektrikli mobiliteye ge\u00e7i\u015f yapan s\u00fcr\u00fcc\u00fcler i\u00e7in cazip bir se\u00e7imdir.<\/p>","protected":false},"excerpt":{"rendered":"<p>Discover a robust plug-in hybrid SUV engineered to deliver long electric-only range, confident performance, and everyday versatility. Designed for drivers seeking electrified efficiency without sacrificing space or capability, it offers the following key highlights: Advanced Plug-in Hybrid System:Equipped with a lithium iron phosphate (LFP) battery, the vehicle prioritizes electric driving for daily use while retaining [&hellip;]<\/p>\n","protected":false},"featured_media":737,"comment_status":"open","ping_status":"closed","template":"","meta":[],"product_brand":[],"product_cat":[17],"product_tag":[],"class_list":{"0":"post-725","1":"product","2":"type-product","3":"status-publish","4":"has-post-thumbnail","6":"product_cat-uncategorized","8":"first","9":"instock","10":"shipping-taxable","11":"product-type-simple"},"_links":{"self":[{"href":"https:\/\/bydcarchina.com\/tr\/wp-json\/wp\/v2\/product\/725","targetHints":{"allow":["GET"]}}],"collection":[{"href":"https:\/\/bydcarchina.com\/tr\/wp-json\/wp\/v2\/product"}],"about":[{"href":"https:\/\/bydcarchina.com\/tr\/wp-json\/wp\/v2\/types\/product"}],"replies":[{"embeddable":true,"href":"https:\/\/bydcarchina.com\/tr\/wp-json\/wp\/v2\/comments?post=725"}],"version-history":[{"count":2,"href":"https:\/\/bydcarchina.com\/tr\/wp-json\/wp\/v2\/product\/725\/revisions"}],"predecessor-version":[{"id":1145,"href":"https:\/\/bydcarchina.com\/tr\/wp-json\/wp\/v2\/product\/725\/revisions\/1145"}],"wp:featuredmedia":[{"embeddable":true,"href":"https:\/\/bydcarchina.com\/tr\/wp-json\/wp\/v2\/media\/737"}],"wp:attachment":[{"href":"https:\/\/bydcarchina.com\/tr\/wp-json\/wp\/v2\/media?parent=725"}],"wp:term":[{"taxonomy":"product_brand","embeddable":true,"href":"https:\/\/bydcarchina.com\/tr\/wp-json\/wp\/v2\/product_brand?post=725"},{"taxonomy":"product_cat","embeddable":true,"href":"https:\/\/bydcarchina.com\/tr\/wp-json\/wp\/v2\/product_cat?post=725"},{"taxonomy":"product_tag","embeddable":true,"href":"https:\/\/bydcarchina.com\/tr\/wp-json\/wp\/v2\/product_tag?post=725"}],"curies":[{"name":"wp","href":"https:\/\/api.w.org\/{rel}","templated":true}]}}