{"id":752,"date":"2025-09-13T14:14:39","date_gmt":"2025-09-13T14:14:39","guid":{"rendered":"https:\/\/bydcarchina.com\/?post_type=product&#038;p=752"},"modified":"2025-12-13T09:11:55","modified_gmt":"2025-12-13T09:11:55","slug":"formula-leopard-8","status":"publish","type":"product","link":"https:\/\/bydcarchina.com\/tr\/product\/formula-leopard-8\/","title":{"rendered":"Formula Leopard 8"},"content":{"rendered":"<p data-start=\"0\" data-end=\"221\">Ke\u015ffedin <strong data-start=\"11\" data-end=\"39\">b\u00fcy\u00fck plug-in hibrit SUV<\/strong> g\u00fc\u00e7l\u00fc performans, ola\u011fan\u00fcst\u00fc verimlilik ve birinci s\u0131n\u0131f \u00e7ok s\u0131ral\u0131 \u00e7ok y\u00f6nl\u00fcl\u00fck i\u00e7in tasarlanm\u0131\u015ft\u0131r. Aileler ve y\u00f6netici seyahatleri i\u00e7in tasarlanan bu ara\u00e7 a\u015fa\u011f\u0131daki \u00f6nemli \u00f6zellikleri sunar:<\/p>\n<p data-start=\"223\" data-end=\"484\"><strong data-start=\"223\" data-end=\"265\">Y\u00fcksek \u00c7\u0131k\u0131\u015fl\u0131 Plug-in Hibrit G\u00fc\u00e7 Aktarma Organ\u0131:<\/strong><br data-start=\"265\" data-end=\"268\" \/>Taraf\u0131ndan desteklenmektedir <strong data-start=\"281\" data-end=\"323\">2.0 litrelik turbo\u015farjl\u0131 s\u0131ral\u0131 4 motor<\/strong> \u00fcreten <strong data-start=\"334\" data-end=\"344\">245 hp<\/strong>, m\u00fckemmel enerji verimlili\u011fini korurken g\u00fc\u00e7l\u00fc h\u0131zlanma sa\u011flamak i\u00e7in geli\u015fmi\u015f bir plug-in hibrit sistemle sorunsuz bir \u015fekilde entegre edilmi\u015ftir.<\/p>\n<p data-start=\"486\" data-end=\"852\"><strong data-start=\"486\" data-end=\"528\">Verimli Elektrikli ve Hibrit \u00c7al\u0131\u015fma:<\/strong><br data-start=\"528\" data-end=\"531\" \/>ile donat\u0131lm\u0131\u015ft\u0131r. <strong data-start=\"547\" data-end=\"587\">lityum demir fosfat (LFP) pil<\/strong>, SUV'un sundu\u011fu <strong data-start=\"606\" data-end=\"659\">WLTC dereceli 100 km'lik saf elektrikli seyir menzili<\/strong>, g\u00fcnl\u00fck s\u0131f\u0131r emisyonlu s\u00fcr\u00fc\u015f i\u00e7in idealdir. Verimli hibrit sistemi sayesinde, <strong data-start=\"739\" data-end=\"805\">WLTC kapsaml\u0131 yak\u0131t t\u00fcketimi 1,79 L\/100 km kadar d\u00fc\u015f\u00fckt\u00fcr<\/strong>, B\u00f6ylece genel i\u015fletme maliyetleri \u00f6nemli \u00f6l\u00e7\u00fcde azal\u0131r.<\/p>\n<p data-start=\"854\" data-end=\"1024\"><strong data-start=\"854\" data-end=\"888\">Kendine G\u00fcvenen Yol Performans\u0131:<\/strong><br data-start=\"888\" data-end=\"891\" \/>ile <strong data-start=\"898\" data-end=\"927\">maksimum 180 km\/saat h\u0131z<\/strong>, Ara\u00e7, tamamen y\u00fckl\u00fcyken bile yumu\u015fak, dengeli bir seyir ve rafine g\u00fc\u00e7 da\u011f\u0131t\u0131m\u0131 sunar.<\/p>\n<p data-start=\"1026\" data-end=\"1231\"><strong data-start=\"1026\" data-end=\"1059\">Geni\u015f 6\/7 Koltuklu SUV D\u00fczeni:<\/strong><br data-start=\"1059\" data-end=\"1062\" \/>\u00d6zellikli bir <strong data-start=\"1074\" data-end=\"1115\">5 kap\u0131l\u0131, 6 veya 7 koltuklu g\u00f6vde yap\u0131s\u0131<\/strong>, esnek oturma konfig\u00fcrasyonlar\u0131, geni\u015f diz mesafesi ve aileler veya i\u015f ama\u00e7l\u0131 kullan\u0131m i\u00e7in m\u00fckemmel konfor sa\u011flar.<\/p>\n<p data-start=\"1233\" data-end=\"1426\"><strong data-start=\"1233\" data-end=\"1262\">Tam Boy SUV Boyutlar:<\/strong><br data-start=\"1262\" data-end=\"1265\" \/>\u00d6l\u00e7me <strong data-start=\"1275\" data-end=\"1303\">5.195 \u00d7 1.994 \u00d7 1.905 mm<\/strong>, SUV, yola hakim bir duru\u015f, geni\u015f i\u00e7 mekan ve birden fazla s\u0131ra boyunca geli\u015fmi\u015f yolcu konforu sunar.<\/p>\n<p data-start=\"1428\" data-end=\"1686\" data-is-last-node=\"\" data-is-only-node=\"\">Birle\u015ftirme <strong data-start=\"1438\" data-end=\"1533\">g\u00fc\u00e7l\u00fc turbo \u015farjl\u0131 performans, d\u00fc\u015f\u00fck yak\u0131t t\u00fcketimi ve geni\u015f, \u00e7ok koltuklu SUV tasar\u0131m\u0131<\/strong>, Bu plug-in hibrit model, g\u00fc\u00e7, alan veya uzun mesafe kabiliyetinden \u00f6d\u00fcn vermeden elektrikli verimlilik arayan s\u00fcr\u00fcc\u00fcler i\u00e7in ideal bir se\u00e7imdir.<\/p>","protected":false},"excerpt":{"rendered":"<p>Discover a large plug-in hybrid SUV engineered for powerful performance, outstanding efficiency, and premium multi-row versatility. Designed for families and executive travel, it delivers the following key highlights: High-Output Plug-in Hybrid Powertrain:Powered by a 2.0-liter turbocharged inline-4 engine producing 245 hp, seamlessly integrated with an advanced plug-in hybrid system to provide strong acceleration while maintaining [&hellip;]<\/p>\n","protected":false},"featured_media":756,"comment_status":"open","ping_status":"closed","template":"","meta":[],"product_brand":[],"product_cat":[17],"product_tag":[],"class_list":{"0":"post-752","1":"product","2":"type-product","3":"status-publish","4":"has-post-thumbnail","6":"product_cat-uncategorized","8":"first","9":"instock","10":"shipping-taxable","11":"product-type-simple"},"_links":{"self":[{"href":"https:\/\/bydcarchina.com\/tr\/wp-json\/wp\/v2\/product\/752","targetHints":{"allow":["GET"]}}],"collection":[{"href":"https:\/\/bydcarchina.com\/tr\/wp-json\/wp\/v2\/product"}],"about":[{"href":"https:\/\/bydcarchina.com\/tr\/wp-json\/wp\/v2\/types\/product"}],"replies":[{"embeddable":true,"href":"https:\/\/bydcarchina.com\/tr\/wp-json\/wp\/v2\/comments?post=752"}],"version-history":[{"count":3,"href":"https:\/\/bydcarchina.com\/tr\/wp-json\/wp\/v2\/product\/752\/revisions"}],"predecessor-version":[{"id":1155,"href":"https:\/\/bydcarchina.com\/tr\/wp-json\/wp\/v2\/product\/752\/revisions\/1155"}],"wp:featuredmedia":[{"embeddable":true,"href":"https:\/\/bydcarchina.com\/tr\/wp-json\/wp\/v2\/media\/756"}],"wp:attachment":[{"href":"https:\/\/bydcarchina.com\/tr\/wp-json\/wp\/v2\/media?parent=752"}],"wp:term":[{"taxonomy":"product_brand","embeddable":true,"href":"https:\/\/bydcarchina.com\/tr\/wp-json\/wp\/v2\/product_brand?post=752"},{"taxonomy":"product_cat","embeddable":true,"href":"https:\/\/bydcarchina.com\/tr\/wp-json\/wp\/v2\/product_cat?post=752"},{"taxonomy":"product_tag","embeddable":true,"href":"https:\/\/bydcarchina.com\/tr\/wp-json\/wp\/v2\/product_tag?post=752"}],"curies":[{"name":"wp","href":"https:\/\/api.w.org\/{rel}","templated":true}]}}