{"id":762,"date":"2025-09-13T15:00:17","date_gmt":"2025-09-13T15:00:17","guid":{"rendered":"https:\/\/bydcarchina.com\/?post_type=product&#038;p=762"},"modified":"2025-12-13T09:15:32","modified_gmt":"2025-12-13T09:15:32","slug":"denza-n7","status":"publish","type":"product","link":"https:\/\/bydcarchina.com\/tr\/product\/denza-n7\/","title":{"rendered":"Denza N7"},"content":{"rendered":"<p data-start=\"0\" data-end=\"265\">Ke\u015ffedin <strong data-start=\"11\" data-end=\"49\">uzun menzilli saf elektrikli SUV (BEV)<\/strong> geni\u015fletilmi\u015f s\u00fcr\u00fc\u015f kabiliyeti, kendinden emin performans ve \u00fcst\u00fcn g\u00fcnl\u00fck kullan\u0131labilirlik i\u00e7in tasarlanm\u0131\u015ft\u0131r. Alandan veya dinamiklerden \u00f6d\u00fcn vermeden menzile \u00f6ncelik veren s\u00fcr\u00fcc\u00fcler i\u00e7in tasarlanan bu ara\u00e7 a\u015fa\u011f\u0131daki \u00f6zellikleri sunar:<\/p>\n<p data-start=\"267\" data-end=\"487\"><strong data-start=\"267\" data-end=\"312\">Ultra Uzun Menzilli Tam Elektrikli G\u00fc\u00e7 Aktarma Organlar\u0131:<\/strong><br data-start=\"312\" data-end=\"315\" \/>Etkileyici bir performans sunar <strong data-start=\"338\" data-end=\"398\">CLTC dereceli 702 km veya 630 km'ye kadar saf elektrikli menzil<\/strong>, s\u0131f\u0131r egzoz emisyonu ile uzun mesafeli seyahatler i\u00e7in ola\u011fan\u00fcst\u00fc g\u00fcven sa\u011flar.<\/p>\n<p data-start=\"489\" data-end=\"668\"><strong data-start=\"489\" data-end=\"523\">Dengeli Elektrik Performans\u0131:<\/strong><br data-start=\"523\" data-end=\"526\" \/>ile <strong data-start=\"533\" data-end=\"558\">180 km\/s azami h\u0131z<\/strong>, SUV, g\u00fcnl\u00fck kullan\u0131m ve uzun yolculuklar i\u00e7in uygun yumu\u015fak h\u0131zlanma ve dengeli otoyol seyri sunar.<\/p>\n<p data-start=\"670\" data-end=\"879\"><strong data-start=\"670\" data-end=\"702\">Esnek Aktarma Organlar\u0131 Se\u00e7enekleri:<\/strong><br data-start=\"702\" data-end=\"705\" \/>\u0130\u00e7inde mevcut <strong data-start=\"718\" data-end=\"769\">arkadan iti\u015fli (RWD) veya d\u00f6rt tekerlekten \u00e7eki\u015fli (AWD)<\/strong> konfig\u00fcrasyonlar\u0131, verimlilik, yol tutu\u015f hassasiyeti ve gerekti\u011finde geli\u015fmi\u015f \u00e7eki\u015f g\u00fcc\u00fc aras\u0131nda bir denge sa\u011flar.<\/p>\n<p data-start=\"881\" data-end=\"1064\"><strong data-start=\"881\" data-end=\"911\">Geni\u015f SUV Mimarisi:<\/strong><br data-start=\"911\" data-end=\"914\" \/>Pratik bir yap\u0131ya sahiptir <strong data-start=\"935\" data-end=\"966\">5 kap\u0131l\u0131, 5 koltuklu SUV d\u00fczeni<\/strong>, Aile ve ya\u015fam tarz\u0131 ihtiya\u00e7lar\u0131 i\u00e7in c\u00f6mert yolcu alan\u0131 ve \u00e7ok y\u00f6nl\u00fc kargo kapasitesi sunar.<\/p>\n<p data-start=\"1066\" data-end=\"1302\"><strong data-start=\"1066\" data-end=\"1096\">Sa\u011flam Yap\u0131 ve Oranlar:<\/strong><br data-start=\"1096\" data-end=\"1099\" \/>ile <strong data-start=\"1106\" data-end=\"1145\">bo\u015f a\u011f\u0131rl\u0131\u011f\u0131 2.320 kg veya 2.440 kg<\/strong> ve boyutlar\u0131 <strong data-start=\"1164\" data-end=\"1192\">4.860 \u00d7 1.935 \u00d7 1.620 mm<\/strong>, Ara\u00e7, denge, konfor ve \u00fcst\u00fcn bir yol duru\u015fu i\u00e7in geni\u015f bir duru\u015fu \u015f\u0131k bir profille birle\u015ftiriyor.<\/p>\n<p data-start=\"1304\" data-end=\"1553\" data-is-last-node=\"\" data-is-only-node=\"\">Birle\u015ftirme <strong data-start=\"1314\" data-end=\"1410\">S\u0131n\u0131f\u0131nda lider elektrikli menzil, geli\u015fmi\u015f aktarma organlar\u0131 se\u00e7enekleri ve rafine orta boy SUV tasar\u0131m\u0131<\/strong>, Bu BEV, konfor, alan veya performanstan \u00f6d\u00fcn vermeden uzun mesafeli s\u0131f\u0131r emisyonlu mobilite arayan s\u00fcr\u00fcc\u00fcler i\u00e7in m\u00fckemmel bir se\u00e7imdir.<\/p>","protected":false},"excerpt":{"rendered":"<p>Discover a long-range pure electric SUV (BEV) engineered for extended driving capability, confident performance, and premium everyday usability. Designed for drivers who prioritize range without sacrificing space or dynamics, it offers the following highlights: Ultra-Long-Range All-Electric Powertrain:Delivers an impressive CLTC-rated pure electric range of up to 702 km or 630 km, providing exceptional confidence for [&hellip;]<\/p>\n","protected":false},"featured_media":771,"comment_status":"open","ping_status":"closed","template":"","meta":[],"product_brand":[],"product_cat":[17],"product_tag":[],"class_list":{"0":"post-762","1":"product","2":"type-product","3":"status-publish","4":"has-post-thumbnail","6":"product_cat-uncategorized","8":"first","9":"instock","10":"shipping-taxable","11":"product-type-simple"},"_links":{"self":[{"href":"https:\/\/bydcarchina.com\/tr\/wp-json\/wp\/v2\/product\/762","targetHints":{"allow":["GET"]}}],"collection":[{"href":"https:\/\/bydcarchina.com\/tr\/wp-json\/wp\/v2\/product"}],"about":[{"href":"https:\/\/bydcarchina.com\/tr\/wp-json\/wp\/v2\/types\/product"}],"replies":[{"embeddable":true,"href":"https:\/\/bydcarchina.com\/tr\/wp-json\/wp\/v2\/comments?post=762"}],"version-history":[{"count":2,"href":"https:\/\/bydcarchina.com\/tr\/wp-json\/wp\/v2\/product\/762\/revisions"}],"predecessor-version":[{"id":1159,"href":"https:\/\/bydcarchina.com\/tr\/wp-json\/wp\/v2\/product\/762\/revisions\/1159"}],"wp:featuredmedia":[{"embeddable":true,"href":"https:\/\/bydcarchina.com\/tr\/wp-json\/wp\/v2\/media\/771"}],"wp:attachment":[{"href":"https:\/\/bydcarchina.com\/tr\/wp-json\/wp\/v2\/media?parent=762"}],"wp:term":[{"taxonomy":"product_brand","embeddable":true,"href":"https:\/\/bydcarchina.com\/tr\/wp-json\/wp\/v2\/product_brand?post=762"},{"taxonomy":"product_cat","embeddable":true,"href":"https:\/\/bydcarchina.com\/tr\/wp-json\/wp\/v2\/product_cat?post=762"},{"taxonomy":"product_tag","embeddable":true,"href":"https:\/\/bydcarchina.com\/tr\/wp-json\/wp\/v2\/product_tag?post=762"}],"curies":[{"name":"wp","href":"https:\/\/api.w.org\/{rel}","templated":true}]}}