{"id":780,"date":"2025-09-13T15:02:40","date_gmt":"2025-09-13T15:02:40","guid":{"rendered":"https:\/\/bydcarchina.com\/?post_type=product&#038;p=780"},"modified":"2025-12-13T09:14:02","modified_gmt":"2025-12-13T09:14:02","slug":"denza-d9","status":"publish","type":"product","link":"https:\/\/bydcarchina.com\/tr\/product\/denza-d9\/","title":{"rendered":"Denza D9 DM-i"},"content":{"rendered":"<p data-start=\"0\" data-end=\"234\">Ke\u015ffedin <strong data-start=\"11\" data-end=\"41\">premium plug-in hibrit MPV<\/strong> uzun elektrikli menzil, turbo \u015farjl\u0131 verimlilik ve geni\u015f yedi koltuklu konfor sunmak \u00fczere tasarlanm\u0131\u015ft\u0131r. Aile seyahatleri ve y\u00f6netici ta\u015f\u0131mac\u0131l\u0131\u011f\u0131 i\u00e7in tasarlanan ara\u00e7 a\u015fa\u011f\u0131daki \u00f6nemli \u00f6zellikleri sunuyor:<\/p>\n<p data-start=\"236\" data-end=\"492\"><strong data-start=\"236\" data-end=\"279\">Turbo\u015farjl\u0131 Plug-in Hibrit G\u00fc\u00e7 Aktarma Organlar\u0131:<\/strong><br data-start=\"279\" data-end=\"282\" \/>Taraf\u0131ndan desteklenmektedir <strong data-start=\"295\" data-end=\"337\">1,5 litrelik turbo\u015farjl\u0131 s\u0131ral\u0131 4 motor<\/strong> \u00fcreten <strong data-start=\"348\" data-end=\"358\">156 hp<\/strong>, y\u00fcksek genel verimlilik ile sorunsuz, duyarl\u0131 performans sunmak i\u00e7in geli\u015fmi\u015f bir plug-in hibrit sistemle sorunsuz bir \u015fekilde entegre edilmi\u015ftir.<\/p>\n<p data-start=\"494\" data-end=\"799\"><strong data-start=\"494\" data-end=\"532\">Geni\u015fletilmi\u015f Saf Elektrik Kapasitesi:<\/strong><br data-start=\"532\" data-end=\"535\" \/>Birden fazla konfig\u00fcrasyonda mevcuttur ve <strong data-start=\"584\" data-end=\"645\">WLTC s\u0131n\u0131f\u0131 155 km'ye kadar elektrikli menzil (145 km opsiyonel)<\/strong>. Alt\u0131nda <strong data-start=\"653\" data-end=\"728\">CLTC testi, saf elektrikli menzil 200 km'ye kadar ula\u015f\u0131yor (190 km varyant)<\/strong>, Bu da g\u00fcnl\u00fck s\u0131f\u0131r emisyonlu s\u00fcr\u00fc\u015f\u00fc hem pratik hem de uygun maliyetli hale getiriyor.<\/p>\n<p data-start=\"801\" data-end=\"971\"><strong data-start=\"801\" data-end=\"834\">G\u00fc\u00e7l\u00fc ve Rafine Performans:<\/strong><br data-start=\"834\" data-end=\"837\" \/>ile <strong data-start=\"844\" data-end=\"869\">220 km\/s azami h\u0131z<\/strong>, MPV, tam yolcu y\u00fck\u00fcyle bile otoyolda kendinden emin bir seyir ve yumu\u015fak h\u0131zlanma sa\u011flar.<\/p>\n<p data-start=\"973\" data-end=\"1184\"><strong data-start=\"973\" data-end=\"1005\">Esnek Aktarma Organlar\u0131 Se\u00e7enekleri:<\/strong><br data-start=\"1005\" data-end=\"1008\" \/>\u0130\u00e7inde sunulan <strong data-start=\"1019\" data-end=\"1050\">\u00f6nden d\u00f6rt tekerlekten \u00e7eki\u015fli (FAW)<\/strong> veya <strong data-start=\"1054\" data-end=\"1079\">d\u00f6rt tekerlekten \u00e7eki\u015f (AWD)<\/strong> konfig\u00fcrasyonlar\u0131, \u00e7e\u015fitli yol ko\u015fullar\u0131 i\u00e7in verimlilik ve geli\u015fmi\u015f \u00e7eki\u015f g\u00fcc\u00fc aras\u0131nda bir denge sa\u011flar.<\/p>\n<p data-start=\"1186\" data-end=\"1395\"><strong data-start=\"1186\" data-end=\"1217\">Geni\u015f 7 Koltuklu MPV D\u00fczeni:<\/strong><br data-start=\"1217\" data-end=\"1220\" \/>A <strong data-start=\"1222\" data-end=\"1257\">5 kap\u0131l\u0131, 7 koltuklu g\u00f6vde yap\u0131s\u0131<\/strong> c\u00f6mert i\u00e7 alan, esnek oturma d\u00fczeni ve aileler, i\u015f seyahatleri veya ara\u00e7 \u00e7a\u011f\u0131rma kullan\u0131m\u0131 i\u00e7in m\u00fckemmel konfor sa\u011flar.<\/p>\n<p data-start=\"1397\" data-end=\"1572\"><strong data-start=\"1397\" data-end=\"1422\">B\u00fcy\u00fck MPV Boyutlar:<\/strong><br data-start=\"1422\" data-end=\"1425\" \/>\u00d6l\u00e7me <strong data-start=\"1435\" data-end=\"1463\">5.250 \u00d7 1.960 \u00d7 1.900 mm<\/strong>, Ara\u00e7, her \u00fc\u00e7 s\u0131rada da hakim bir duru\u015f, geni\u015f ba\u015f mesafesi ve \u00fcst\u00fcn kabin konforu sunuyor.<\/p>\n<p data-start=\"1574\" data-end=\"1817\" data-is-last-node=\"\" data-is-only-node=\"\">Birle\u015ftirme <strong data-start=\"1584\" data-end=\"1677\">uzun elektrikli menzil, turbo \u015farjl\u0131 hibrit performans ve premium yedi koltuklu pratiklik<\/strong>, Bu plug-in hibrit MPV, alan, konfor veya \u00e7ok y\u00f6nl\u00fcl\u00fckten \u00f6d\u00fcn vermeden elektrikli verimlilik arayan s\u00fcr\u00fcc\u00fcler i\u00e7in ideal bir se\u00e7imdir.<\/p>","protected":false},"excerpt":{"rendered":"<p>Discover a premium plug-in hybrid MPV engineered to deliver long electric range, turbocharged efficiency, and spacious seven-seat comfort. Designed for family travel and executive transport, it offers the following key highlights: Turbocharged Plug-in Hybrid Powertrain:Powered by a 1.5-liter turbocharged inline-4 engine producing 156 hp, seamlessly integrated with an advanced plug-in hybrid system to deliver smooth, [&hellip;]<\/p>\n","protected":false},"featured_media":781,"comment_status":"open","ping_status":"closed","template":"","meta":[],"product_brand":[],"product_cat":[17],"product_tag":[],"class_list":{"0":"post-780","1":"product","2":"type-product","3":"status-publish","4":"has-post-thumbnail","6":"product_cat-uncategorized","8":"first","9":"instock","10":"shipping-taxable","11":"product-type-simple"},"_links":{"self":[{"href":"https:\/\/bydcarchina.com\/tr\/wp-json\/wp\/v2\/product\/780","targetHints":{"allow":["GET"]}}],"collection":[{"href":"https:\/\/bydcarchina.com\/tr\/wp-json\/wp\/v2\/product"}],"about":[{"href":"https:\/\/bydcarchina.com\/tr\/wp-json\/wp\/v2\/types\/product"}],"replies":[{"embeddable":true,"href":"https:\/\/bydcarchina.com\/tr\/wp-json\/wp\/v2\/comments?post=780"}],"version-history":[{"count":3,"href":"https:\/\/bydcarchina.com\/tr\/wp-json\/wp\/v2\/product\/780\/revisions"}],"predecessor-version":[{"id":1158,"href":"https:\/\/bydcarchina.com\/tr\/wp-json\/wp\/v2\/product\/780\/revisions\/1158"}],"wp:featuredmedia":[{"embeddable":true,"href":"https:\/\/bydcarchina.com\/tr\/wp-json\/wp\/v2\/media\/781"}],"wp:attachment":[{"href":"https:\/\/bydcarchina.com\/tr\/wp-json\/wp\/v2\/media?parent=780"}],"wp:term":[{"taxonomy":"product_brand","embeddable":true,"href":"https:\/\/bydcarchina.com\/tr\/wp-json\/wp\/v2\/product_brand?post=780"},{"taxonomy":"product_cat","embeddable":true,"href":"https:\/\/bydcarchina.com\/tr\/wp-json\/wp\/v2\/product_cat?post=780"},{"taxonomy":"product_tag","embeddable":true,"href":"https:\/\/bydcarchina.com\/tr\/wp-json\/wp\/v2\/product_tag?post=780"}],"curies":[{"name":"wp","href":"https:\/\/api.w.org\/{rel}","templated":true}]}}