{"id":807,"date":"2025-09-13T15:20:23","date_gmt":"2025-09-13T15:20:23","guid":{"rendered":"https:\/\/bydcarchina.com\/?post_type=product&#038;p=807"},"modified":"2025-12-13T09:18:32","modified_gmt":"2025-12-13T09:18:32","slug":"yangwang-u7","status":"publish","type":"product","link":"https:\/\/bydcarchina.com\/tr\/product\/yangwang-u7\/","title":{"rendered":"YangWang U7"},"content":{"rendered":"<p data-start=\"0\" data-end=\"292\">Ke\u015ffedin <strong data-start=\"11\" data-end=\"68\">ami\u0307ral gemi\u0307si\u0307 y\u00fcksek performansli plug-in hybrid grand tourer<\/strong> a\u015f\u0131r\u0131 h\u0131zlanma, daha uzun s\u00fcr\u00fc\u015f menzili ve y\u00f6netici s\u0131n\u0131f\u0131 bir duru\u015f sunmak \u00fczere tasarlanm\u0131\u015ft\u0131r. Uzun mesafe verimlili\u011fi ile s\u00fcper otomobil seviyesinde performans talep eden s\u00fcr\u00fcc\u00fcler i\u00e7in tasarlanan bu ara\u00e7ta \u00f6ne \u00e7\u0131kan \u00f6zellikler \u015funlard\u0131r:<\/p>\n<p data-start=\"294\" data-end=\"560\"><strong data-start=\"294\" data-end=\"336\">Y\u00fcksek \u00c7\u0131k\u0131\u015fl\u0131 Plug-in Hibrit G\u00fc\u00e7 Aktarma Organ\u0131:<\/strong><br data-start=\"336\" data-end=\"339\" \/>Taraf\u0131ndan desteklenmektedir <strong data-start=\"352\" data-end=\"394\">2.0 litrelik turbo\u015farjl\u0131 s\u0131ral\u0131 4 motor<\/strong> \u00fcreten <strong data-start=\"405\" data-end=\"415\">272 hp<\/strong>, y\u00fcksek performansl\u0131 elektrikli tahrik sistemi ile sorunsuz bir \u015fekilde entegre edilerek ola\u011fan\u00fcst\u00fc verimlilik sa\u011flarken patlay\u0131c\u0131 bir h\u0131zlanma sunar.<\/p>\n<p data-start=\"562\" data-end=\"789\"><strong data-start=\"562\" data-end=\"600\">Ekstra Uzun Kombine S\u00fcr\u00fc\u015f Menzili:<\/strong><br data-start=\"600\" data-end=\"603\" \/>ile <strong data-start=\"610\" data-end=\"657\">CLTC dereceli 1.000 km'ye kadar kombine menzil<\/strong>, Ara\u00e7, performanstan \u00f6d\u00fcn vermeden \u015farj ve yak\u0131t ikmali duraklamalar\u0131n\u0131 en aza indirerek ola\u011fan\u00fcst\u00fc uzun mesafe kabiliyeti sunar.<\/p>\n<p data-start=\"791\" data-end=\"1033\"><strong data-start=\"791\" data-end=\"822\">S\u00fcper Otomobil Seviyesinde Performans:<\/strong><br data-start=\"822\" data-end=\"825\" \/>\u015euradan h\u0131zlan\u0131r <strong data-start=\"842\" data-end=\"876\">0-100 km\/s h\u0131zlanmas\u0131n\u0131 sadece 2,9 saniyede tamamlar<\/strong>, Bu da onu y\u00fcksek performans b\u00f6lgesine yerle\u015ftiriyor. A <strong data-start=\"929\" data-end=\"954\">270 km\/s azami h\u0131z<\/strong> s\u00fcrekli y\u00fcksek h\u0131z dengesi ve kendinden emin grand-touring kabiliyeti sa\u011flar.<\/p>\n<p data-start=\"1035\" data-end=\"1215\"><strong data-start=\"1035\" data-end=\"1068\">B\u00fcy\u00fck, Y\u00f6netici Oranlar\u0131:<\/strong><br data-start=\"1068\" data-end=\"1071\" \/>\u00d6l\u00e7me <strong data-start=\"1081\" data-end=\"1109\">5.360 \u00d7 2.000 \u00d7 1.515 mm<\/strong>, Ara\u00e7, yollara hakim bir duru\u015f, geni\u015f bir kabin alan\u0131 ve \u015f\u0131k, aerodinamik bir profil sunuyor.<\/p>\n<p data-start=\"1217\" data-end=\"1401\"><strong data-start=\"1217\" data-end=\"1254\">Performans Odakl\u0131 Yap\u0131:<\/strong><br data-start=\"1254\" data-end=\"1257\" \/>ile <strong data-start=\"1264\" data-end=\"1291\">bo\u015f a\u011f\u0131rl\u0131\u011f\u0131 3,223 kg<\/strong>, yap\u0131, y\u00fcksek h\u0131zlarda sa\u011flaml\u0131k, y\u00fcksek h\u0131z dengesi ve rafine s\u00fcr\u00fc\u015f kalitesi i\u00e7in tasarlanm\u0131\u015ft\u0131r.<\/p>\n<p data-start=\"1403\" data-end=\"1661\" data-is-last-node=\"\" data-is-only-node=\"\">Birle\u015ftirme <strong data-start=\"1413\" data-end=\"1494\">a\u015f\u0131r\u0131 h\u0131zlanma, ultra uzun s\u00fcr\u00fc\u015f menzili ve amiral gemisi d\u00fczeyinde boyutlar<\/strong>, Bu plug-in hibrit model, y\u00fcksek performansl\u0131 elektrikli l\u00fcks ara\u00e7lar i\u00e7in yeni bir \u00f6l\u00e7\u00fct\u00fc temsil ediyor ve grand-touring pratikli\u011fi ile s\u00fcper otomobil heyecan\u0131 sunuyor.<\/p>","protected":false},"excerpt":{"rendered":"<p>Discover a flagship high-performance plug-in hybrid grand tourer engineered to deliver extreme acceleration, extended driving range, and executive-class presence. Designed for drivers who demand supercar-level performance with long-distance efficiency, it offers the following highlights: High-Output Plug-in Hybrid Powertrain:Powered by a 2.0-liter turbocharged inline-4 engine producing 272 hp, seamlessly integrated with a high-performance electric drive system [&hellip;]<\/p>\n","protected":false},"featured_media":814,"comment_status":"open","ping_status":"closed","template":"","meta":[],"product_brand":[],"product_cat":[17],"product_tag":[],"class_list":{"0":"post-807","1":"product","2":"type-product","3":"status-publish","4":"has-post-thumbnail","6":"product_cat-uncategorized","8":"first","9":"instock","10":"shipping-taxable","11":"product-type-simple"},"_links":{"self":[{"href":"https:\/\/bydcarchina.com\/tr\/wp-json\/wp\/v2\/product\/807","targetHints":{"allow":["GET"]}}],"collection":[{"href":"https:\/\/bydcarchina.com\/tr\/wp-json\/wp\/v2\/product"}],"about":[{"href":"https:\/\/bydcarchina.com\/tr\/wp-json\/wp\/v2\/types\/product"}],"replies":[{"embeddable":true,"href":"https:\/\/bydcarchina.com\/tr\/wp-json\/wp\/v2\/comments?post=807"}],"version-history":[{"count":3,"href":"https:\/\/bydcarchina.com\/tr\/wp-json\/wp\/v2\/product\/807\/revisions"}],"predecessor-version":[{"id":1162,"href":"https:\/\/bydcarchina.com\/tr\/wp-json\/wp\/v2\/product\/807\/revisions\/1162"}],"wp:featuredmedia":[{"embeddable":true,"href":"https:\/\/bydcarchina.com\/tr\/wp-json\/wp\/v2\/media\/814"}],"wp:attachment":[{"href":"https:\/\/bydcarchina.com\/tr\/wp-json\/wp\/v2\/media?parent=807"}],"wp:term":[{"taxonomy":"product_brand","embeddable":true,"href":"https:\/\/bydcarchina.com\/tr\/wp-json\/wp\/v2\/product_brand?post=807"},{"taxonomy":"product_cat","embeddable":true,"href":"https:\/\/bydcarchina.com\/tr\/wp-json\/wp\/v2\/product_cat?post=807"},{"taxonomy":"product_tag","embeddable":true,"href":"https:\/\/bydcarchina.com\/tr\/wp-json\/wp\/v2\/product_tag?post=807"}],"curies":[{"name":"wp","href":"https:\/\/api.w.org\/{rel}","templated":true}]}}