{"id":817,"date":"2025-09-13T15:24:47","date_gmt":"2025-09-13T15:24:47","guid":{"rendered":"https:\/\/bydcarchina.com\/?post_type=product&#038;p=817"},"modified":"2025-12-13T09:18:58","modified_gmt":"2025-12-13T09:18:58","slug":"yangwang-u8-deluxe-edition","status":"publish","type":"product","link":"https:\/\/bydcarchina.com\/tr\/product\/yangwang-u8-deluxe-edition\/","title":{"rendered":"YangWang U8 Deluxe Edition"},"content":{"rendered":"<p data-start=\"0\" data-end=\"288\">Ke\u015ffedin <strong data-start=\"11\" data-end=\"70\">y\u00fcksek performansl\u0131 geni\u015fletilmi\u015f menzilli elektrikli ara\u00e7 (EREV)<\/strong> saf elektrikli s\u00fcr\u00fc\u015f, menzil uzatma esnekli\u011fi ve tam boyutlu SUV kapasitesini birle\u015ftirmek \u00fczere tasarlanm\u0131\u015ft\u0131r. G\u00fc\u00e7, alan ve uzun mesafelerde g\u00fcven isteyen s\u00fcr\u00fcc\u00fcler i\u00e7in tasarlanan bu ara\u00e7ta \u00f6ne \u00e7\u0131kan \u00f6zellikler \u015funlard\u0131r:<\/p>\n<p data-start=\"290\" data-end=\"578\"><strong data-start=\"290\" data-end=\"329\">Uzat\u0131lm\u0131\u015f Menzilli Elektrikli G\u00fc\u00e7 Aktarma Organlar\u0131:<\/strong><br data-start=\"329\" data-end=\"332\" \/>ile donat\u0131lm\u0131\u015ft\u0131r. <strong data-start=\"348\" data-end=\"369\">49,05 kWh batarya<\/strong>, EREV sistemi elektrikli s\u00fcr\u00fc\u015fe \u00f6ncelik verirken menzil kayg\u0131s\u0131n\u0131 ortadan kald\u0131rmak i\u00e7in bir menzil geni\u015fletici kullan\u0131r. Saf elektrikli s\u00fcr\u00fc\u015f menzili <strong data-start=\"509\" data-end=\"542\">180 km'ye kadar (124 km varyant)<\/strong>, g\u00fcnl\u00fck s\u0131f\u0131r emisyonlu kullan\u0131m i\u00e7in idealdir.<\/p>\n<p data-start=\"580\" data-end=\"780\"><strong data-start=\"580\" data-end=\"606\">Patlay\u0131c\u0131 Performans:<\/strong><br data-start=\"606\" data-end=\"609\" \/>\u015euradan h\u0131zlan\u0131r <strong data-start=\"626\" data-end=\"660\">0-100 km\/s h\u0131zlanmas\u0131n\u0131 sadece 3,6 saniyede tamamlar<\/strong>, spor otomobil seviyesinde tepki verir. A <strong data-start=\"708\" data-end=\"733\">200 km\/s azami h\u0131z<\/strong> g\u00fc\u00e7l\u00fc ve istikrarl\u0131 otoyol performans\u0131 sa\u011flar.<\/p>\n<p data-start=\"782\" data-end=\"945\"><strong data-start=\"782\" data-end=\"810\">Geli\u015fmi\u015f 4WD \u00d6zelli\u011fi:<\/strong><br data-start=\"810\" data-end=\"813\" \/>Bu <strong data-start=\"817\" data-end=\"843\">d\u00f6rt tekerlekten \u00e7eki\u015fli (4WD)<\/strong> sistemi, \u00e7e\u015fitli yol ve s\u00fcr\u00fc\u015f ko\u015fullar\u0131nda m\u00fckemmel \u00e7eki\u015f, denge ve kontrol sa\u011flar.<\/p>\n<p data-start=\"947\" data-end=\"1151\"><strong data-start=\"947\" data-end=\"977\">Tam Boy SUV Oranlar\u0131:<\/strong><br data-start=\"977\" data-end=\"980\" \/>Boyutlar\u0131 ile <strong data-start=\"999\" data-end=\"1027\">5.259 \u00d7 2.095 \u00d7 2.034 mm<\/strong>, Ara\u00e7, yollarda hakim bir duru\u015f, geni\u015f i\u00e7 mekan ve yolcular ile y\u00fck i\u00e7in ola\u011fan\u00fcst\u00fc konfor sunuyor.<\/p>\n<p data-start=\"1153\" data-end=\"1385\" data-is-last-node=\"\" data-is-only-node=\"\">Birle\u015ftirme <strong data-start=\"1163\" data-end=\"1255\">elektrik \u00f6ncelikli s\u00fcr\u00fc\u015f, a\u015f\u0131r\u0131 h\u0131zlanma, 4WD g\u00fcveni ve b\u00fcy\u00fck SUV pratikli\u011fi<\/strong>, Bu EREV modeli, menzil, g\u00fc\u00e7 veya \u00e7ok y\u00f6nl\u00fcl\u00fckten \u00f6d\u00fcn vermeden elektrikli performans arayan kullan\u0131c\u0131lar i\u00e7in ideal bir \u00e7\u00f6z\u00fcmd\u00fcr.<\/p>","protected":false},"excerpt":{"rendered":"<p>Discover a high-performance extended-range electric vehicle (EREV) engineered to combine pure electric driving, range-extending flexibility, and full-size SUV capability. Designed for drivers who demand power, space, and long-distance confidence, it delivers the following highlights: Extended-Range Electric Powertrain:Equipped with a 49.05 kWh battery, the EREV system prioritizes electric driving while using a range extender to eliminate [&hellip;]<\/p>\n","protected":false},"featured_media":829,"comment_status":"open","ping_status":"closed","template":"","meta":[],"product_brand":[],"product_cat":[17],"product_tag":[],"class_list":{"0":"post-817","1":"product","2":"type-product","3":"status-publish","4":"has-post-thumbnail","6":"product_cat-uncategorized","8":"first","9":"instock","10":"shipping-taxable","11":"product-type-simple"},"_links":{"self":[{"href":"https:\/\/bydcarchina.com\/tr\/wp-json\/wp\/v2\/product\/817","targetHints":{"allow":["GET"]}}],"collection":[{"href":"https:\/\/bydcarchina.com\/tr\/wp-json\/wp\/v2\/product"}],"about":[{"href":"https:\/\/bydcarchina.com\/tr\/wp-json\/wp\/v2\/types\/product"}],"replies":[{"embeddable":true,"href":"https:\/\/bydcarchina.com\/tr\/wp-json\/wp\/v2\/comments?post=817"}],"version-history":[{"count":2,"href":"https:\/\/bydcarchina.com\/tr\/wp-json\/wp\/v2\/product\/817\/revisions"}],"predecessor-version":[{"id":1163,"href":"https:\/\/bydcarchina.com\/tr\/wp-json\/wp\/v2\/product\/817\/revisions\/1163"}],"wp:featuredmedia":[{"embeddable":true,"href":"https:\/\/bydcarchina.com\/tr\/wp-json\/wp\/v2\/media\/829"}],"wp:attachment":[{"href":"https:\/\/bydcarchina.com\/tr\/wp-json\/wp\/v2\/media?parent=817"}],"wp:term":[{"taxonomy":"product_brand","embeddable":true,"href":"https:\/\/bydcarchina.com\/tr\/wp-json\/wp\/v2\/product_brand?post=817"},{"taxonomy":"product_cat","embeddable":true,"href":"https:\/\/bydcarchina.com\/tr\/wp-json\/wp\/v2\/product_cat?post=817"},{"taxonomy":"product_tag","embeddable":true,"href":"https:\/\/bydcarchina.com\/tr\/wp-json\/wp\/v2\/product_tag?post=817"}],"curies":[{"name":"wp","href":"https:\/\/api.w.org\/{rel}","templated":true}]}}